{"id":64,"date":"2021-10-27T12:35:09","date_gmt":"2021-10-27T11:35:09","guid":{"rendered":"http:\/\/pearlcandles.nl\/?page_id=64"},"modified":"2025-12-13T15:15:31","modified_gmt":"2025-12-13T13:15:31","slug":"refund-en-returns-pearl-candles","status":"publish","type":"page","link":"https:\/\/pearlcandles.nl\/de\/refund-en-returns-pearl-candles\/","title":{"rendered":"Erstattungs- und R\u00fcckgabebestimmungen"},"content":{"rendered":"<div data-elementor-type=\"wp-page\" data-elementor-id=\"64\" class=\"elementor elementor-64\" data-elementor-post-type=\"page\">\n\t\t\t\t\t\t<section class=\"elementor-section elementor-top-section elementor-element elementor-element-677bb69 elementor-section-boxed elementor-section-height-default elementor-section-height-default\" data-id=\"677bb69\" data-element_type=\"section\" data-e-type=\"section\">\n\t\t\t\t\t\t<div class=\"elementor-container elementor-column-gap-default\">\n\t\t\t\t\t<div class=\"elementor-column elementor-col-100 elementor-top-column elementor-element elementor-element-7a95a2c\" data-id=\"7a95a2c\" data-element_type=\"column\" data-e-type=\"column\">\n\t\t\t<div class=\"elementor-widget-wrap elementor-element-populated\">\n\t\t\t\t\t\t<div class=\"elementor-element elementor-element-ca7d0df elementor-widget elementor-widget-heading\" data-id=\"ca7d0df\" data-element_type=\"widget\" data-e-type=\"widget\" data-widget_type=\"heading.default\">\n\t\t\t\t\t<h2 class=\"elementor-heading-title elementor-size-default\">Lieferung<\/h2>\t\t\t\t<\/div>\n\t\t\t\t<div class=\"elementor-element elementor-element-e12dc23 elementor-widget elementor-widget-text-editor\" data-id=\"e12dc23\" data-element_type=\"widget\" data-e-type=\"widget\" data-widget_type=\"text-editor.default\">\n\t\t\t\t\t\t\t\t\t<p>Wir bem\u00fchen uns sorgf\u00e4ltig, Ihre Bestellung so schnell wie m\u00f6glich zu liefern. Bestellungen werden in der Regel noch am selben Tag versandt. Allerdings gelingt uns dies nicht immer, da Produkte manchmal nicht vorr\u00e4tig sind und die Lieferung Ihrer Bestellung dann etwas l\u00e4nger dauern kann.  Sollten wir aus irgendeinem Grund diese Lieferzeit nicht einhalten k\u00f6nnen, werden wir Sie nat\u00fcrlich so schnell wie m\u00f6glich dar\u00fcber informieren.<\/p><p>Die angegebenen Preise enthalten keine Versandkosten. Die Standard-Versandkosten betragen 4,95 \u20ac.<\/p><p>Die Lieferung erfolgt per Postbote oder Paketdienst von <b>PostNL<\/b>.\u00a0<\/p>\t\t\t\t\t\t\t\t<\/div>\n\t\t\t\t\t<\/div>\n\t\t<\/div>\n\t\t\t\t\t<\/div>\n\t\t<\/section>\n\t\t\t\t<section class=\"elementor-section elementor-top-section elementor-element elementor-element-d47d1fd elementor-section-boxed elementor-section-height-default elementor-section-height-default\" data-id=\"d47d1fd\" data-element_type=\"section\" data-e-type=\"section\">\n\t\t\t\t\t\t<div class=\"elementor-container elementor-column-gap-default\">\n\t\t\t\t\t<div class=\"elementor-column elementor-col-100 elementor-top-column elementor-element elementor-element-9db9352\" data-id=\"9db9352\" data-element_type=\"column\" data-e-type=\"column\">\n\t\t\t<div class=\"elementor-widget-wrap elementor-element-populated\">\n\t\t\t\t\t\t<div class=\"elementor-element elementor-element-46e6f61 elementor-widget elementor-widget-heading\" data-id=\"46e6f61\" data-element_type=\"widget\" data-e-type=\"widget\" data-widget_type=\"heading.default\">\n\t\t\t\t\t<h2 class=\"elementor-heading-title elementor-size-default\">R\u00dcCKGABE-POLITIK<\/h2>\t\t\t\t<\/div>\n\t\t\t\t<div class=\"elementor-element elementor-element-98f3728 elementor-widget elementor-widget-text-editor\" data-id=\"98f3728\" data-element_type=\"widget\" data-e-type=\"widget\" data-widget_type=\"text-editor.default\">\n\t\t\t\t\t\t\t\t\t<p>Oh nein, Ihr Paket ist nicht nach Ihrem Geschmack? Kann nat\u00fcrlich passieren, obwohl die Chancen gering sind<\/p>\t\t\t\t\t\t\t\t<\/div>\n\t\t\t\t\t<\/div>\n\t\t<\/div>\n\t\t\t\t\t<\/div>\n\t\t<\/section>\n\t\t\t\t<section class=\"elementor-section elementor-top-section elementor-element elementor-element-f07bcee elementor-section-boxed elementor-section-height-default elementor-section-height-default\" data-id=\"f07bcee\" data-element_type=\"section\" data-e-type=\"section\">\n\t\t\t\t\t\t<div class=\"elementor-container elementor-column-gap-default\">\n\t\t\t\t\t<div class=\"elementor-column elementor-col-50 elementor-top-column elementor-element elementor-element-9edcce7\" data-id=\"9edcce7\" data-element_type=\"column\" data-e-type=\"column\">\n\t\t\t<div class=\"elementor-widget-wrap elementor-element-populated\">\n\t\t\t\t\t\t<div class=\"elementor-element elementor-element-4975ffb elementor-widget elementor-widget-heading\" data-id=\"4975ffb\" data-element_type=\"widget\" data-e-type=\"widget\" data-widget_type=\"heading.default\">\n\t\t\t\t\t<h5 class=\"elementor-heading-title elementor-size-default\">Wie kann ich mein Paket zur\u00fcckschicken?<\/h5>\t\t\t\t<\/div>\n\t\t\t\t<div class=\"elementor-element elementor-element-f3f7504 elementor-widget elementor-widget-text-editor\" data-id=\"f3f7504\" data-element_type=\"widget\" data-e-type=\"widget\" data-widget_type=\"text-editor.default\">\n\t\t\t\t\t\t\t\t\t<p>Senden Sie eine E-Mail an <span style=\"text-decoration: underline;\"><strong>info@pearlcandles.nl\u00a0<\/strong><\/span>mit Ihrer Bestellnummer und Ihren Bestelldaten. Wenn Sie die R\u00fcckgabebedingungen erf\u00fcllen, k\u00f6nnen Sie Ihre R\u00fccksendung abschicken.<\/p><p>Sobald wir das Paket erhalten haben und alles in Ordnung ist, \u00fcberweisen wir den Restbetrag und Sie erhalten eine Gutschriftrechnung. Das Geld ist innerhalb von 14 Tagen wieder auf Ihrem Konto!<\/p>\t\t\t\t\t\t\t\t<\/div>\n\t\t\t\t\t<\/div>\n\t\t<\/div>\n\t\t\t\t<div class=\"elementor-column elementor-col-50 elementor-top-column elementor-element elementor-element-c7c1d77\" data-id=\"c7c1d77\" data-element_type=\"column\" data-e-type=\"column\">\n\t\t\t<div class=\"elementor-widget-wrap elementor-element-populated\">\n\t\t\t\t\t\t<div class=\"elementor-element elementor-element-a8521f8 elementor-widget elementor-widget-heading\" data-id=\"a8521f8\" data-element_type=\"widget\" data-e-type=\"widget\" data-widget_type=\"heading.default\">\n\t\t\t\t\t<h5 class=\"elementor-heading-title elementor-size-default\">Bedingungen<\/h5>\t\t\t\t<\/div>\n\t\t\t\t<div class=\"elementor-element elementor-element-5d2a71c elementor-widget elementor-widget-text-editor\" data-id=\"5d2a71c\" data-element_type=\"widget\" data-e-type=\"widget\" data-widget_type=\"text-editor.default\">\n\t\t\t\t\t\t\t\t\t<ul><li>Sie haben das Recht, Ihre Bestellung bis zu 14 Tage nach Erhalt ohne Angabe von Gr\u00fcnden zu widerrufen.<\/li><li>Nach dem Widerruf haben Sie noch 14 Tage Zeit, Ihr Produkt zur\u00fcckzugeben.<\/li><li>Sie erhalten dann eine Gutschrift \u00fcber den vollen Bestellbetrag einschlie\u00dflich der Versandkosten. Nur die Kosten f\u00fcr die R\u00fccksendung von Ihrem Wohnort zum Webshop gehen zu Ihren Lasten. Diese Kosten belaufen sich auf ca. 7,25 \u20ac pro Paket. Die genauen Preise finden Sie auf der Website Ihres Versandunternehmens.<\/li><li>Wenn Sie von Ihrem Widerrufsrecht Gebrauch machen, wird das Produkt mit allem gelieferten Zubeh\u00f6r und - wenn m\u00f6glich - in seinem urspr\u00fcnglichen Zustand und in der Originalverpackung an den Unternehmer zur\u00fcckgeschickt.<\/li><li>Um von diesem Recht Gebrauch zu machen, kontaktieren Sie uns bitte unter info@pearlcandles.nl.<\/li><li>Wir erstatten Ihnen dann den f\u00e4lligen Betrag innerhalb von 14 Tagen nach der Benachrichtigung \u00fcber Ihre R\u00fccksendung, sofern das Produkt bereits in einwandfreiem Zustand zur\u00fcckerhalten wurde.<\/li><li>Sollte das Produkt besch\u00e4digt sein oder die Verpackung st\u00e4rker besch\u00e4digt sein, als zum Testen des Produkts erforderlich, k\u00f6nnen wir diese Wertminderung des Produkts an Sie weitergeben.<\/li><li>Behandeln Sie das Produkt also mit Sorgfalt und vergewissern Sie sich, dass es bei der R\u00fccksendung ordnungsgem\u00e4\u00df verpackt ist.<\/li><\/ul>\t\t\t\t\t\t\t\t<\/div>\n\t\t\t\t\t<\/div>\n\t\t<\/div>\n\t\t\t\t\t<\/div>\n\t\t<\/section>\n\t\t\t\t<\/div>","protected":false},"excerpt":{"rendered":"<p>Levering Wij doen zorgvuldig ons best de bestelling zo spoedig mogelijk bij u af te leveren. Bestellingen worden meestal dezelfde dag nog verzonden. Niet altijd lukt het ons echter om dit na te komen, soms zijn producten niet voorradig en dan kan de levering van uw bestelling iets langer duren.\u00a0 Mochten wij om wat voor [&hellip;]<\/p>\n","protected":false},"author":1,"featured_media":0,"parent":0,"menu_order":0,"comment_status":"closed","ping_status":"closed","template":"","meta":{"footnotes":""},"class_list":["post-64","page","type-page","status-publish","hentry"],"jetpack_sharing_enabled":true,"_links":{"self":[{"href":"https:\/\/pearlcandles.nl\/de\/wp-json\/wp\/v2\/pages\/64","targetHints":{"allow":["GET"]}}],"collection":[{"href":"https:\/\/pearlcandles.nl\/de\/wp-json\/wp\/v2\/pages"}],"about":[{"href":"https:\/\/pearlcandles.nl\/de\/wp-json\/wp\/v2\/types\/page"}],"author":[{"embeddable":true,"href":"https:\/\/pearlcandles.nl\/de\/wp-json\/wp\/v2\/users\/1"}],"replies":[{"embeddable":true,"href":"https:\/\/pearlcandles.nl\/de\/wp-json\/wp\/v2\/comments?post=64"}],"version-history":[{"count":3,"href":"https:\/\/pearlcandles.nl\/de\/wp-json\/wp\/v2\/pages\/64\/revisions"}],"predecessor-version":[{"id":14405,"href":"https:\/\/pearlcandles.nl\/de\/wp-json\/wp\/v2\/pages\/64\/revisions\/14405"}],"wp:attachment":[{"href":"https:\/\/pearlcandles.nl\/de\/wp-json\/wp\/v2\/media?parent=64"}],"curies":[{"name":"wp","href":"https:\/\/api.w.org\/{rel}","templated":true}]}}