{"id":7197,"date":"2024-01-10T19:35:48","date_gmt":"2024-01-10T18:35:48","guid":{"rendered":"https:\/\/pearlcandles.nl\/?page_id=7197"},"modified":"2026-02-03T10:29:34","modified_gmt":"2026-02-03T08:29:34","slug":"duurzaamheid-pearl-candles","status":"publish","type":"page","link":"https:\/\/pearlcandles.nl\/de\/duurzaamheid-pearl-candles\/","title":{"rendered":"NACHHALTIG"},"content":{"rendered":"<div data-elementor-type=\"wp-page\" data-elementor-id=\"7197\" class=\"elementor elementor-7197\" data-elementor-post-type=\"page\">\n\t\t\t\t<div class=\"elementor-element elementor-element-e5dd0b6 e-flex e-con-boxed e-con e-parent\" data-id=\"e5dd0b6\" data-element_type=\"container\" data-e-type=\"container\">\n\t\t\t\t\t<div class=\"e-con-inner\">\n\t\t\t\t<div class=\"elementor-element elementor-element-54c4c6e elementor-widget elementor-widget-spacer\" data-id=\"54c4c6e\" data-element_type=\"widget\" data-e-type=\"widget\" data-widget_type=\"spacer.default\">\n\t\t\t\t\t\t\t<div class=\"elementor-spacer\">\n\t\t\t<div class=\"elementor-spacer-inner\"><\/div>\n\t\t<\/div>\n\t\t\t\t\t\t<\/div>\n\t\t\t\t\t<\/div>\n\t\t\t\t<\/div>\n\t\t<div class=\"elementor-element elementor-element-ba10513 e-flex e-con-boxed e-con e-parent\" data-id=\"ba10513\" data-element_type=\"container\" data-e-type=\"container\">\n\t\t\t\t\t<div class=\"e-con-inner\">\n\t\t<div class=\"elementor-element elementor-element-4108ee5 e-con-full e-flex e-con e-child\" data-id=\"4108ee5\" data-element_type=\"container\" data-e-type=\"container\">\n\t\t\t\t<div class=\"elementor-element elementor-element-7ef0cd1 elementor-widget elementor-widget-spacer\" data-id=\"7ef0cd1\" data-element_type=\"widget\" data-e-type=\"widget\" data-widget_type=\"spacer.default\">\n\t\t\t\t\t\t\t<div class=\"elementor-spacer\">\n\t\t\t<div class=\"elementor-spacer-inner\"><\/div>\n\t\t<\/div>\n\t\t\t\t\t\t<\/div>\n\t\t\t\t<div class=\"elementor-element elementor-element-58f7282 elementor-widget elementor-widget-image\" data-id=\"58f7282\" data-element_type=\"widget\" data-e-type=\"widget\" data-widget_type=\"image.default\">\n\t\t\t\t\t\t\t\t\t\t\t\t\t\t\t<img fetchpriority=\"high\" decoding=\"async\" width=\"1243\" height=\"1374\" src=\"https:\/\/pearlcandles.nl\/wp-content\/uploads\/2024\/04\/PC_Open-schelp.png\" class=\"attachment-full size-full wp-image-8716\" alt=\"\" srcset=\"https:\/\/pearlcandles.nl\/wp-content\/uploads\/2024\/04\/PC_Open-schelp.png 1243w, https:\/\/pearlcandles.nl\/wp-content\/uploads\/2024\/04\/PC_Open-schelp-271x300.png 271w, https:\/\/pearlcandles.nl\/wp-content\/uploads\/2024\/04\/PC_Open-schelp-926x1024.png 926w, https:\/\/pearlcandles.nl\/wp-content\/uploads\/2024\/04\/PC_Open-schelp-768x849.png 768w, https:\/\/pearlcandles.nl\/wp-content\/uploads\/2024\/04\/PC_Open-schelp-600x663.png 600w\" sizes=\"(max-width: 1243px) 100vw, 1243px\" loading=\"eager\" \/>\t\t\t\t\t\t\t\t\t\t\t\t\t\t\t<\/div>\n\t\t\t\t<div class=\"elementor-element elementor-element-7927afb elementor-widget elementor-widget-spacer\" data-id=\"7927afb\" data-element_type=\"widget\" data-e-type=\"widget\" data-widget_type=\"spacer.default\">\n\t\t\t\t\t\t\t<div class=\"elementor-spacer\">\n\t\t\t<div class=\"elementor-spacer-inner\"><\/div>\n\t\t<\/div>\n\t\t\t\t\t\t<\/div>\n\t\t\t\t<div class=\"elementor-element elementor-element-9855ad4 elementor-widget elementor-widget-text-editor\" data-id=\"9855ad4\" data-element_type=\"widget\" data-e-type=\"widget\" data-widget_type=\"text-editor.default\">\n\t\t\t\t\t\t\t\t\t<h1>Nachhaltigkeit Pearl Candles<\/h1><p><strong>Nachhaltigkeit Pearl Candles<\/strong> steht im Mittelpunkt unseres Handelns. Von der Auswahl unserer Rohstoffe bis hin zur Art und Weise, wie Ihre Bestellung verpackt und versandt wird: Wir glauben, dass Atmosph\u00e4re und Verantwortung perfekt Hand in Hand gehen k\u00f6nnen. Mit unserem Kerzensand entscheiden wir uns bewusst f\u00fcr eine nachhaltige Alternative, die wiederverwendbar, flexibel und zukunftsorientiert ist.<\/p><h2>Nachhaltige Entscheidungen hinter Pearl Candles<\/h2><p>Bei Pearl Candles machen wir keine Kompromisse in Sachen Nachhaltigkeit. Wir w\u00e4hlen bewusst Materialien, Verfahren und Partner, die zu einer geringeren Umweltbelastung beitragen. So befindet sich unser <strong>Pearl Candles Fabrik in Europa<\/strong> und wir arbeiten ausschlie\u00dflich mit Rohstoffen, die \u00fcber das <strong>h\u00f6chstm\u00f6gliche Nachhaltigkeitsauszeichnung<\/strong>. Keine Massenproduktion oder fragw\u00fcrdige Importe aus China, sondern kontrollierte Qualit\u00e4t und verantwortungsbewusste Herkunft.<\/p><p>Durch die Produktion in Europa begrenzen wir nicht nur die Transportwege, sondern behalten auch die Kontrolle \u00fcber Produktion, Arbeitsbedingungen und Qualit\u00e4t. <strong>Nachhaltigkeit Pearl Candles<\/strong> bedeutet f\u00fcr uns: zu wissen, woher Ihr Produkt stammt und wof\u00fcr Sie sich entscheiden.<\/p><h2>Warum Kerzensand eine nachhaltige Wahl ist<\/h2><p>Kerzensand zeichnet sich durch seine Wiederverwendbarkeit aus. Im Gegensatz zu klassischen Kerzen, die oft nach einmaligem Gebrauch vollst\u00e4ndig weggeworfen werden, kann Kerzensand immer wieder verwendet werden. Sie ersetzen lediglich den Docht und verwenden denselben Sand erneut, ohne dass die Qualit\u00e4t darunter leidet.<\/p><p>Au\u00dferdem k\u00f6nnen Sie selbst bestimmen, wie viel Kerzensand Sie ben\u00f6tigen. So verbrauchen Sie nie mehr als n\u00f6tig und vermeiden Verschwendung. Diese Flexibilit\u00e4t macht Kerzensand nicht nur praktisch, sondern auch zu einer bewussten Wahl f\u00fcr alle, denen Nachhaltigkeit wichtig ist.<\/p><h2>ZERO WASTE Perlenkerzen<\/h2><p>Ein wichtiger Bestandteil von <strong>Nachhaltigkeit Pearl Candles<\/strong> ist unser <strong>ZERO WASTE Pearl Candles Variante<\/strong>. Beim F\u00e4rben von Perlen, bei Vorbereitungen f\u00fcr Messen oder Produktionen bleiben manchmal kleine Mengen Perlen \u00fcbrig. Anstatt diese wegzuwerfen, stellen wir daraus eine einzigartige Mischung her.<\/p><p>Diese ZERO WASTE-Variante besteht aus perfekt verwendbarem Kerzensand, der sich lediglich durch die gemischten Farben \u00e4sthetisch unterscheidet. Die Qualit\u00e4t, Brenndauer und Sicherheit bleiben unver\u00e4ndert. So erh\u00e4lt jedes Restprodukt ein zweites Leben und wir reduzieren Abfall auf ein Minimum.<\/p><p><a href=\"https:\/\/pearlcandles.nl\/de\/produkt\/zero-waste-pearl-candles\/\">Sehen Sie sich hier unsere Zero-Waste-Variante von Pearl Candles an.<\/a><\/p>\t\t\t\t\t\t\t\t<\/div>\n\t\t\t\t<div class=\"elementor-element elementor-element-8a8e1bf elementor-widget elementor-widget-image\" data-id=\"8a8e1bf\" data-element_type=\"widget\" data-e-type=\"widget\" data-widget_type=\"image.default\">\n\t\t\t\t\t\t\t\t\t\t\t\t\t\t\t<img decoding=\"async\" width=\"300\" height=\"300\" src=\"https:\/\/pearlcandles.nl\/wp-content\/uploads\/2024\/01\/PC_Zero-Waste_500gr-300x300.jpg\" class=\"attachment-woocommerce_thumbnail size-woocommerce_thumbnail wp-image-9438\" alt=\"Verpakking van de Zero Waste kaarsenzand variant van Pearl Candles, een bewuste keuze binnen de duurzaamheid Pearl Candles visie.\" srcset=\"https:\/\/pearlcandles.nl\/wp-content\/uploads\/2024\/01\/PC_Zero-Waste_500gr-300x300.jpg 300w, https:\/\/pearlcandles.nl\/wp-content\/uploads\/2024\/01\/PC_Zero-Waste_500gr-1024x1024.jpg 1024w, https:\/\/pearlcandles.nl\/wp-content\/uploads\/2024\/01\/PC_Zero-Waste_500gr-150x150.jpg 150w, https:\/\/pearlcandles.nl\/wp-content\/uploads\/2024\/01\/PC_Zero-Waste_500gr-768x768.jpg 768w, https:\/\/pearlcandles.nl\/wp-content\/uploads\/2024\/01\/PC_Zero-Waste_500gr-1536x1536.jpg 1536w, https:\/\/pearlcandles.nl\/wp-content\/uploads\/2024\/01\/PC_Zero-Waste_500gr-2048x2048.jpg 2048w, https:\/\/pearlcandles.nl\/wp-content\/uploads\/2024\/01\/PC_Zero-Waste_500gr-600x600.jpg 600w, https:\/\/pearlcandles.nl\/wp-content\/uploads\/2024\/01\/PC_Zero-Waste_500gr-100x100.jpg 100w\" sizes=\"(max-width: 300px) 100vw, 300px\" loading=\"eager\" \/>\t\t\t\t\t\t\t\t\t\t\t\t\t\t\t<\/div>\n\t\t\t\t<div class=\"elementor-element elementor-element-d879519 elementor-widget elementor-widget-text-editor\" data-id=\"d879519\" data-element_type=\"widget\" data-e-type=\"widget\" data-widget_type=\"text-editor.default\">\n\t\t\t\t\t\t\t\t\t<h2>Nachhaltige Verpackungen und Versand<\/h2><p>Auch beim Thema Verpackung treffen wir bewusste Entscheidungen. <strong>Fast alle unsere Produktverpackungen bestehen aus recyceltem Material.<\/strong>. Wir sind bestrebt, neue Rohstoffe so weit wie m\u00f6glich zu vermeiden und mit vorhandenen Materialien zu arbeiten.<\/p><p>Dar\u00fcber hinaus verwenden wir Verpackungsmaterialien nach M\u00f6glichkeit wieder. Es kann daher vorkommen, dass Sie Ihre Bestellung in einer <strong>box that has been used before<\/strong>. Dies ist eine bewusste Entscheidung, um unn\u00f6tigen Abfall zu vermeiden. Selbstverst\u00e4ndlich sorgen wir stets daf\u00fcr, dass Ihre Bestellung sicher, korrekt und ordentlich geliefert wird.<\/p><p><strong>Nachhaltigkeit Pearl Candles<\/strong> Es geht nicht um perfekte Schachteln, sondern um durchdachte Entscheidungen.<\/p><h2>Nachhaltigkeit f\u00fcr den Heimgebrauch<\/h2><p>F\u00fcr den Heimgebrauch bietet Kerzensand eine nachhaltige und sichere Alternative zu herk\u00f6mmlichen Kerzen. Sie k\u00f6nnen ihn mit vorhandenen Haltern, Gl\u00e4sern oder Schalen kombinieren, die Sie bereits zu Hause haben. So m\u00fcssen Sie keine neuen Accessoires kaufen und verl\u00e4ngern die Lebensdauer Ihrer vorhandenen Gegenst\u00e4nde.<\/p><p>Sie k\u00f6nnen die Menge, Form und den Stil ganz einfach an den jeweiligen Moment anpassen, ohne jedes Mal neue Produkte kaufen zu m\u00fcssen. Das macht <strong>Nachhaltigkeit Pearl Candles<\/strong> greifbar im Alltag.<\/p><h2>Nachhaltigkeit f\u00fcr Hochzeiten und Veranstaltungen<\/h2><p>Auch f\u00fcr Hochzeits- und Eventplaner spielt Nachhaltigkeit eine immer gr\u00f6\u00dfere Rolle. Gro\u00dfe Veranstaltungen verursachen oft viel Abfall, insbesondere im Bereich Dekoration und Kerzen. Dank unserer Gro\u00dfverpackungen und wiederverwendbaren Anwendungen k\u00f6nnen Planer dieselben Materialien mehrmals einsetzen.<\/p><p>Dies verringert nicht nur den \u00f6kologischen Fu\u00dfabdruck, sondern auch die langfristigen Kosten. Pearl Candles wird so zu einer nachhaltigen und praktischen Wahl im professionellen Styling.<\/p><h2>Transparenz und Zukunftsvision<\/h2><p>Wir glauben, dass Nachhaltigkeit mit Transparenz beginnt. Wir kommunizieren offen \u00fcber unsere Entscheidungen, Prozesse und Verbesserungspotenziale. <strong>Nachhaltigkeit Pearl Candles<\/strong> ist kein Trend oder Marketingbegriff, sondern eine Arbeitsweise, die wir kontinuierlich weiterentwickeln.<\/p><p>Auch in Zukunft werden wir uns weiterhin f\u00fcr Wiederverwendung, Innovation und verantwortungsbewusste Produktion einsetzen. Unser Ziel ist es, Kerzensand als nachhaltige Alternative zu klassischen Kerzen weiterzuentwickeln, sowohl f\u00fcr den privaten als auch f\u00fcr den professionellen Gebrauch.<\/p>\t\t\t\t\t\t\t\t<\/div>\n\t\t\t\t<\/div>\n\t\t<div class=\"elementor-element elementor-element-34ad5d0 e-con-full e-flex e-con e-child\" data-id=\"34ad5d0\" data-element_type=\"container\" data-e-type=\"container\">\n\t\t\t\t<div class=\"elementor-element elementor-element-8fcc713 elementor-widget elementor-widget-image\" data-id=\"8fcc713\" data-element_type=\"widget\" data-e-type=\"widget\" data-widget_type=\"image.default\">\n\t\t\t\t\t\t\t\t\t\t\t\t\t\t\t<img decoding=\"async\" width=\"750\" height=\"1019\" src=\"https:\/\/pearlcandles.nl\/wp-content\/uploads\/2024\/01\/IMG_0901.jpg\" class=\"attachment-full size-full wp-image-7199\" alt=\"\" srcset=\"https:\/\/pearlcandles.nl\/wp-content\/uploads\/2024\/01\/IMG_0901.jpg 750w, https:\/\/pearlcandles.nl\/wp-content\/uploads\/2024\/01\/IMG_0901-221x300.jpg 221w, https:\/\/pearlcandles.nl\/wp-content\/uploads\/2024\/01\/IMG_0901-600x815.jpg 600w\" sizes=\"(max-width: 750px) 100vw, 750px\" loading=\"eager\" \/>\t\t\t\t\t\t\t\t\t\t\t\t\t\t\t<\/div>\n\t\t\t\t<\/div>\n\t\t\t\t\t<\/div>\n\t\t\t\t<\/div>\n\t\t\t\t<\/div>","protected":false},"excerpt":{"rendered":"<p>Duurzaamheid Pearl Candles Duurzaamheid Pearl Candles staat centraal in alles wat wij doen. Van de keuze van onze grondstoffen tot de manier waarop jouw bestelling wordt verpakt en verzonden: wij geloven dat sfeer en verantwoordelijkheid perfect hand in hand kunnen gaan. Met ons kaarsenzand kiezen we bewust voor een duurzaam alternatief dat herbruikbaar, flexibel en [&hellip;]<\/p>\n","protected":false},"author":4,"featured_media":0,"parent":0,"menu_order":0,"comment_status":"closed","ping_status":"closed","template":"","meta":{"footnotes":""},"class_list":["post-7197","page","type-page","status-publish","hentry"],"jetpack_sharing_enabled":true,"_links":{"self":[{"href":"https:\/\/pearlcandles.nl\/de\/wp-json\/wp\/v2\/pages\/7197","targetHints":{"allow":["GET"]}}],"collection":[{"href":"https:\/\/pearlcandles.nl\/de\/wp-json\/wp\/v2\/pages"}],"about":[{"href":"https:\/\/pearlcandles.nl\/de\/wp-json\/wp\/v2\/types\/page"}],"author":[{"embeddable":true,"href":"https:\/\/pearlcandles.nl\/de\/wp-json\/wp\/v2\/users\/4"}],"replies":[{"embeddable":true,"href":"https:\/\/pearlcandles.nl\/de\/wp-json\/wp\/v2\/comments?post=7197"}],"version-history":[{"count":8,"href":"https:\/\/pearlcandles.nl\/de\/wp-json\/wp\/v2\/pages\/7197\/revisions"}],"predecessor-version":[{"id":14800,"href":"https:\/\/pearlcandles.nl\/de\/wp-json\/wp\/v2\/pages\/7197\/revisions\/14800"}],"wp:attachment":[{"href":"https:\/\/pearlcandles.nl\/de\/wp-json\/wp\/v2\/media?parent=7197"}],"curies":[{"name":"wp","href":"https:\/\/api.w.org\/{rel}","templated":true}]}}