{"id":74,"date":"2021-10-27T12:35:09","date_gmt":"2021-10-27T11:35:09","guid":{"rendered":"http:\/\/pearlcandles.nl\/?page_id=74"},"modified":"2026-02-05T19:20:26","modified_gmt":"2026-02-05T17:20:26","slug":"about-pearl-candles","status":"publish","type":"page","link":"https:\/\/pearlcandles.nl\/de\/about-pearl-candles\/","title":{"rendered":"\u00dcber"},"content":{"rendered":"<div data-elementor-type=\"wp-page\" data-elementor-id=\"74\" class=\"elementor elementor-74\" data-elementor-post-type=\"page\">\n\t\t\t\t\t\t<section class=\"elementor-section elementor-top-section elementor-element elementor-element-72a322e4 elementor-section-boxed elementor-section-height-default elementor-section-height-default\" data-id=\"72a322e4\" data-element_type=\"section\" data-e-type=\"section\">\n\t\t\t\t\t\t<div class=\"elementor-container elementor-column-gap-default\">\n\t\t\t\t\t<div class=\"elementor-column elementor-col-100 elementor-top-column elementor-element elementor-element-4dcc6bd1\" data-id=\"4dcc6bd1\" data-element_type=\"column\" data-e-type=\"column\">\n\t\t\t<div class=\"elementor-widget-wrap elementor-element-populated\">\n\t\t\t\t\t\t<div class=\"elementor-element elementor-element-54908e53 elementor-widget elementor-widget-heading\" data-id=\"54908e53\" data-element_type=\"widget\" data-e-type=\"widget\" data-widget_type=\"heading.default\">\n\t\t\t\t\t<h1 class=\"elementor-heading-title elementor-size-default\"><span style=\"font-family: 'laluxesscript';font-size: 100px;color:#BF1C24\">\u00dcber<\/span>  Perlenkerzen <\/h1>\t\t\t\t<\/div>\n\t\t\t\t\t<\/div>\n\t\t<\/div>\n\t\t\t\t\t<\/div>\n\t\t<\/section>\n\t\t\t\t<section class=\"elementor-section elementor-top-section elementor-element elementor-element-4809fff elementor-section-boxed elementor-section-height-default elementor-section-height-default\" data-id=\"4809fff\" data-element_type=\"section\" data-e-type=\"section\">\n\t\t\t\t\t\t<div class=\"elementor-container elementor-column-gap-default\">\n\t\t\t\t\t<div class=\"elementor-column elementor-col-50 elementor-top-column elementor-element elementor-element-45fa79b\" data-id=\"45fa79b\" data-element_type=\"column\" data-e-type=\"column\">\n\t\t\t<div class=\"elementor-widget-wrap elementor-element-populated\">\n\t\t\t\t\t\t<div class=\"elementor-element elementor-element-1ba1812 elementor-widget elementor-widget-heading\" data-id=\"1ba1812\" data-element_type=\"widget\" data-e-type=\"widget\" data-widget_type=\"heading.default\">\n\t\t\t\t\t<h2 class=\"elementor-heading-title elementor-size-default\">mariska van der meer<\/h2>\t\t\t\t<\/div>\n\t\t\t\t<div class=\"elementor-element elementor-element-41837e1 elementor-widget elementor-widget-heading\" data-id=\"41837e1\" data-element_type=\"widget\" data-e-type=\"widget\" data-widget_type=\"heading.default\">\n\t\t\t\t\t<h3 class=\"elementor-heading-title elementor-size-default\">Gr\u00fcnderin, Hochzeitsplanerin &amp;\nHochzeitsdesigner<\/h3>\t\t\t\t<\/div>\n\t\t\t\t<div class=\"elementor-element elementor-element-968a2a5 elementor-widget__width-initial elementor-widget elementor-widget-text-editor\" data-id=\"968a2a5\" data-element_type=\"widget\" data-e-type=\"widget\" data-widget_type=\"text-editor.default\">\n\t\t\t\t\t\t\t\t\t<p>Seit 2016 besch\u00e4ftige ich mich ausschlie\u00dflich mit Hochzeiten. Als Hochzeitsplaner, Zeremonienmeister und Stylist versuchen wir, jede Hochzeit genau auf die W\u00fcnsche des Brautpaares abzustimmen.\u00a0<\/p><p><span style=\"color: var( --e-global-color-987417f ); font-family: var( --e-global-typography-text-font-family ), Sans-serif; font-size: var( --e-global-typography-text-font-size );\">Ich bin \u00fcbrigens Mariska, kreative Enthusiastin, Workaholic, Tausendsassa, Perfektionistin, No-Nonsense-Macherin und eine hoffnungslose Romantikerin...<\/span><\/p><p><span style=\"color: var( --e-global-color-987417f ); font-family: var( --e-global-typography-text-font-family ), Sans-serif; font-size: var( --e-global-typography-text-font-size );\">Zusammen mit meinem Team liebe ich unkonventionelle Hochzeiten, Paare, die etwas Besonderes wollen, aber auch romantische Hochzeiten genie\u00dfen wir jedes Mal aufs Neue! Kurz gesagt: Mit uns sind Ihnen keine Grenzen gesetzt!<\/span><\/p><p>Auf vielen Hochzeiten verwenden wir die Zylindervasen mit stumpfen Kerzen, wer kennt sie nicht? Jedes Mal bringen sie eine perfekte Atmosph\u00e4re und jedes Mal, wenn ich sie reinige, kann ich sie verfluchen und sagen, dass ich sie nie wieder verleihen werde!\u00a0<\/p><p>Dieses Kerzenwachs..... hei\u00dfes Wasser, Dreft, F\u00f6hn, alles M\u00f6gliche haben wir ausprobiert, aber es ist immer noch ein Drama. Und einmal kommen sie noch schmutziger zur\u00fcck als das andere Mal. Besonders in der Hochsaison ist das nicht das, wor\u00fcber man sich Gedanken machen und seine Zeit damit verbringen m\u00f6chte!\u00a0<\/p><p>Als ich beinahe eine weitere Zylindervase durch das Fenster geschleudert h\u00e4tte, dachte ich, dass es doch sicher eine andere M\u00f6glichkeit geben muss, dies zu tun? Ich machte mich auf die Suche nach der perfekten L\u00f6sung, und ich fand sie!<\/p>\t\t\t\t\t\t\t\t<\/div>\n\t\t\t\t\t<\/div>\n\t\t<\/div>\n\t\t\t\t<div class=\"elementor-column elementor-col-50 elementor-top-column elementor-element elementor-element-ee415f8\" data-id=\"ee415f8\" data-element_type=\"column\" data-e-type=\"column\">\n\t\t\t<div class=\"elementor-widget-wrap elementor-element-populated\">\n\t\t\t\t\t\t<div class=\"elementor-element elementor-element-e27b3a9 elementor-widget__width-initial elementor-widget elementor-widget-image\" data-id=\"e27b3a9\" data-element_type=\"widget\" data-e-type=\"widget\" data-widget_type=\"image.default\">\n\t\t\t\t\t\t\t\t\t\t\t\t\t\t\t<img fetchpriority=\"high\" decoding=\"async\" width=\"768\" height=\"1033\" src=\"https:\/\/pearlcandles.nl\/wp-content\/uploads\/2023\/04\/jillsphotography-82-scaled-e1681750389135-768x1033.jpg\" class=\"attachment-medium_large size-medium_large wp-image-5841\" alt=\"\" srcset=\"https:\/\/pearlcandles.nl\/wp-content\/uploads\/2023\/04\/jillsphotography-82-scaled-e1681750389135-768x1033.jpg 768w, https:\/\/pearlcandles.nl\/wp-content\/uploads\/2023\/04\/jillsphotography-82-scaled-e1681750389135-223x300.jpg 223w, https:\/\/pearlcandles.nl\/wp-content\/uploads\/2023\/04\/jillsphotography-82-scaled-e1681750389135-761x1024.jpg 761w, https:\/\/pearlcandles.nl\/wp-content\/uploads\/2023\/04\/jillsphotography-82-scaled-e1681750389135-1141x1536.jpg 1141w, https:\/\/pearlcandles.nl\/wp-content\/uploads\/2023\/04\/jillsphotography-82-scaled-e1681750389135-1522x2048.jpg 1522w, https:\/\/pearlcandles.nl\/wp-content\/uploads\/2023\/04\/jillsphotography-82-scaled-e1681750389135-600x807.jpg 600w, https:\/\/pearlcandles.nl\/wp-content\/uploads\/2023\/04\/jillsphotography-82-scaled-e1681750389135.jpg 1707w\" sizes=\"(max-width: 768px) 100vw, 768px\" loading=\"eager\" \/>\t\t\t\t\t\t\t\t\t\t\t\t\t\t\t<\/div>\n\t\t\t\t\t<\/div>\n\t\t<\/div>\n\t\t\t\t\t<\/div>\n\t\t<\/section>\n\t\t\t\t<section class=\"elementor-section elementor-top-section elementor-element elementor-element-4e34046 elementor-section-boxed elementor-section-height-default elementor-section-height-default\" data-id=\"4e34046\" data-element_type=\"section\" data-e-type=\"section\">\n\t\t\t\t\t\t<div class=\"elementor-container elementor-column-gap-default\">\n\t\t\t\t\t<div class=\"elementor-column elementor-col-50 elementor-top-column elementor-element elementor-element-f6b68d5\" data-id=\"f6b68d5\" data-element_type=\"column\" data-e-type=\"column\">\n\t\t\t<div class=\"elementor-widget-wrap elementor-element-populated\">\n\t\t\t\t\t\t<div class=\"elementor-element elementor-element-776486a elementor-widget__width-initial elementor-widget elementor-widget-image\" data-id=\"776486a\" data-element_type=\"widget\" data-e-type=\"widget\" data-widget_type=\"image.default\">\n\t\t\t\t\t\t\t\t\t\t\t\t\t\t\t<img decoding=\"async\" width=\"768\" height=\"1024\" src=\"https:\/\/pearlcandles.nl\/wp-content\/uploads\/2025\/07\/LiesaStef-768x1024.jpg\" class=\"attachment-medium_large size-medium_large wp-image-10445\" alt=\"\u201cEen man en een vrouw zitten samen in een zonnig restaurant. De man in een wit overhemd kijkt naar de vrouw, die een roze blouse draagt en glimlacht naar de camera. Op de tafel liggen menukaarten en staat een glas met een roze cocktail en een schijfje limoen. Door het grote raam zie je een heldere lucht, een boulevard en gebouwen in de verte. Het beeld straalt een warme, persoonlijke sfeer uit, passend bij de uitstraling van Pearl\u00a0Candles.\u201d\" srcset=\"https:\/\/pearlcandles.nl\/wp-content\/uploads\/2025\/07\/LiesaStef-768x1024.jpg 768w, https:\/\/pearlcandles.nl\/wp-content\/uploads\/2025\/07\/LiesaStef-225x300.jpg 225w, https:\/\/pearlcandles.nl\/wp-content\/uploads\/2025\/07\/LiesaStef-1152x1536.jpg 1152w, https:\/\/pearlcandles.nl\/wp-content\/uploads\/2025\/07\/LiesaStef-600x800.jpg 600w, https:\/\/pearlcandles.nl\/wp-content\/uploads\/2025\/07\/LiesaStef.jpg 1200w\" sizes=\"(max-width: 768px) 100vw, 768px\" loading=\"eager\" \/>\t\t\t\t\t\t\t\t\t\t\t\t\t\t\t<\/div>\n\t\t\t\t\t<\/div>\n\t\t<\/div>\n\t\t\t\t<div class=\"elementor-column elementor-col-50 elementor-top-column elementor-element elementor-element-6378949\" data-id=\"6378949\" data-element_type=\"column\" data-e-type=\"column\">\n\t\t\t<div class=\"elementor-widget-wrap elementor-element-populated\">\n\t\t\t\t\t\t<div class=\"elementor-element elementor-element-e89abaa elementor-widget elementor-widget-heading\" data-id=\"e89abaa\" data-element_type=\"widget\" data-e-type=\"widget\" data-widget_type=\"heading.default\">\n\t\t\t\t\t<h2 class=\"elementor-heading-title elementor-size-default\">Liesa Willems &amp; Stef Vansummeren<\/h2>\t\t\t\t<\/div>\n\t\t\t\t<div class=\"elementor-element elementor-element-6c18cee elementor-widget elementor-widget-heading\" data-id=\"6c18cee\" data-element_type=\"widget\" data-e-type=\"widget\" data-widget_type=\"heading.default\">\n\t\t\t\t\t<h3 class=\"elementor-heading-title elementor-size-default\">Manager Perlenkerzen <\/h3>\t\t\t\t<\/div>\n\t\t\t\t<div class=\"elementor-element elementor-element-41b1318 elementor-widget__width-initial elementor-widget elementor-widget-text-editor\" data-id=\"41b1318\" data-element_type=\"widget\" data-e-type=\"widget\" data-widget_type=\"text-editor.default\">\n\t\t\t\t\t\t\t\t\t<p>Seit Juni 2025 sind wir - <strong>Liesa und Stef<\/strong> - die stolzen neuen Besitzer von<br \/><strong>Perlenkerzen<\/strong>. Wir haben die Marke liebevoll von Mariska \u00fcbernommen, die ein wunderbares Fundament gelegt hat.<br \/>Was mit der Suche nach einer stilvollen, sicheren und praktischen Alternative zu herk\u00f6mmlichen Kerzen begann, entwickelte sich zu einer Marke<br \/>die inzwischen in der Welt der Atmosph\u00e4re und der Erfahrung unverzichtbar geworden ist.<\/p><p>Wir sind nicht unser Testfall: Vor Pearl Candles waren wir bereits mit unserem eigenen Label in der Kerzenwelt aktiv.<br \/>Die Magie von Duft, Atmosph\u00e4re und Design hat uns schon immer fasziniert - und das spiegelt sich in jedem Detail unserer Kollektionen wider.<\/p><p>Das ist f\u00fcr uns unerl\u00e4sslich: <strong>Die gewohnte europ\u00e4ische Qualit\u00e4t und der gewohnte Service bleiben erhalten.<\/strong> an die die Kunden gew\u00f6hnt sind.<br \/>Pearl Candles bleibt Pearl Candles - mit der pers\u00f6nlichen Note, der Kundenorientierung und den hohen Standards, f\u00fcr die die Marke steht.<\/p><p>Wer wir sind.<\/p><p>Ich bin <strong>Liesa<\/strong> - kreativ, pferdebegeistert und das Gesicht hinter allem, was mit Pferden zu tun hat<br \/>mit Duftkombinationen, Fotografie und Branding.<br \/><strong>Stef<\/strong>meine rechte Hand und Lebenspartner, ist der technische Denker, die digitale Kraft und das logistische Gehirn hinter Pearl Candles.<\/p><p>Neben unserer Liebe zu Pearl Candles betreiben wir gemeinsam auch ein Kreativstudio, in dem wir Marken helfen, sich mit<br \/>Grafikdesign, Branding und Web-Design. Schlie\u00dflich liegen Atmosph\u00e4re und \u00c4sthetik in unseren H\u00e4nden.<\/p><p>Mit <strong>Perlenkerzen<\/strong> willen we blijven innoveren, inspireren en vooral: het mensen makkelijk \u00e9n mooi maken om van kaarslicht te genieten \u2014 zonder het gedoe van kaarsvet.<\/p><p><em>Lassen Sie es leuchten, ganz ohne Sorgen.<\/em><\/p><p>Liebe,<\/p>\t\t\t\t\t\t\t\t<\/div>\n\t\t\t\t<div class=\"elementor-element elementor-element-ea60abb elementor-widget elementor-widget-heading\" data-id=\"ea60abb\" data-element_type=\"widget\" data-e-type=\"widget\" data-widget_type=\"heading.default\">\n\t\t\t\t\t<h2 class=\"elementor-heading-title elementor-size-default\">Liesa &amp; Stef<\/h2>\t\t\t\t<\/div>\n\t\t\t\t\t<\/div>\n\t\t<\/div>\n\t\t\t\t\t<\/div>\n\t\t<\/section>\n\t\t\t\t<section class=\"elementor-section elementor-top-section elementor-element elementor-element-9a84a5e elementor-section-boxed elementor-section-height-default elementor-section-height-default\" data-id=\"9a84a5e\" data-element_type=\"section\" data-e-type=\"section\">\n\t\t\t\t\t\t<div class=\"elementor-container elementor-column-gap-default\">\n\t\t\t\t\t<div class=\"elementor-column elementor-col-50 elementor-top-column elementor-element elementor-element-4c8fd78\" data-id=\"4c8fd78\" data-element_type=\"column\" data-e-type=\"column\">\n\t\t\t<div class=\"elementor-widget-wrap elementor-element-populated\">\n\t\t\t\t\t\t<div class=\"elementor-element elementor-element-b2a59b6 elementor-widget elementor-widget-heading\" data-id=\"b2a59b6\" data-element_type=\"widget\" data-e-type=\"widget\" data-widget_type=\"heading.default\">\n\t\t\t\t\t<h2 class=\"elementor-heading-title elementor-size-default\">Duurzaamheid zit in onze kern, niet in onze marketing.<\/h2>\t\t\t\t<\/div>\n\t\t\t\t<div class=\"elementor-element elementor-element-7f5f175 elementor-widget elementor-widget-heading\" data-id=\"7f5f175\" data-element_type=\"widget\" data-e-type=\"widget\" data-widget_type=\"heading.default\">\n\t\t\t\t\t<h3 class=\"elementor-heading-title elementor-size-default\">Duurzame keuzes die je ziet in elk detail.<\/h3>\t\t\t\t<\/div>\n\t\t\t\t<div class=\"elementor-element elementor-element-2ccc533 elementor-widget__width-initial elementor-widget elementor-widget-text-editor\" data-id=\"2ccc533\" data-element_type=\"widget\" data-e-type=\"widget\" data-widget_type=\"text-editor.default\">\n\t\t\t\t\t\t\t\t\t<section class=\"pc-sustainability\"><p>Voor Pearl Candles is duurzaamheid geen trend of commerci\u00eble boodschap. Het is de basis waarop wij werken.<\/p><p>Wij kiezen bewust voor hoogwaardige grondstoffen met een <strong>RSPO-certificaat<\/strong>. Dit betekent dat de gebruikte materialen afkomstig zijn uit gecontroleerde, verantwoorde bronnen.<\/p><p>Daarnaast kiezen wij er heel bewust voor om geen goedkope importproducten uit China te gebruiken, maar te werken met <strong>Europese productie en kwaliteit<\/strong>.<\/p><p>Die keuze zie je niet alleen in het verhaal, maar ook in het product:<\/p><ul><li>Tot <strong>50% langere brandduur<\/strong> dan andere merken<\/li><li>Zuiver verbrandingsproces<\/li><li>Hoogwaardige parelvormige structuur zonder chemische behandelingen<\/li><li>Betrouwbare, consistente kwaliteit<br \/><br \/><\/li><\/ul><p><strong>Kwaliteit en duurzaamheid<\/strong> gaan bij ons hand in hand.<\/p><\/section>\t\t\t\t\t\t\t\t<\/div>\n\t\t\t\t\t<\/div>\n\t\t<\/div>\n\t\t\t\t<div class=\"elementor-column elementor-col-50 elementor-top-column elementor-element elementor-element-87a9f08\" data-id=\"87a9f08\" data-element_type=\"column\" data-e-type=\"column\">\n\t\t\t<div class=\"elementor-widget-wrap elementor-element-populated\">\n\t\t\t\t\t\t<div class=\"elementor-element elementor-element-8e10f2b elementor-widget__width-initial elementor-widget elementor-widget-image\" data-id=\"8e10f2b\" data-element_type=\"widget\" data-e-type=\"widget\" data-widget_type=\"image.default\">\n\t\t\t\t\t\t\t\t\t\t\t\t\t\t\t<img decoding=\"async\" width=\"768\" height=\"768\" src=\"https:\/\/pearlcandles.nl\/wp-content\/uploads\/2026\/02\/IMG_20240503_172026_478-768x768.jpg\" class=\"attachment-medium_large size-medium_large wp-image-15265\" alt=\"Flatlay met kopje thee, roze kaarsenzand, geurolie en tulpen op een stijlvolle ondergrond, cre\u00ebert een gezellige en trendy lifestyle setting met Pearl Candles.\" srcset=\"https:\/\/pearlcandles.nl\/wp-content\/uploads\/2026\/02\/IMG_20240503_172026_478-768x768.jpg 768w, https:\/\/pearlcandles.nl\/wp-content\/uploads\/2026\/02\/IMG_20240503_172026_478-300x300.jpg 300w, https:\/\/pearlcandles.nl\/wp-content\/uploads\/2026\/02\/IMG_20240503_172026_478-1024x1024.jpg 1024w, https:\/\/pearlcandles.nl\/wp-content\/uploads\/2026\/02\/IMG_20240503_172026_478-150x150.jpg 150w, https:\/\/pearlcandles.nl\/wp-content\/uploads\/2026\/02\/IMG_20240503_172026_478-1536x1536.jpg 1536w, https:\/\/pearlcandles.nl\/wp-content\/uploads\/2026\/02\/IMG_20240503_172026_478-12x12.jpg 12w, https:\/\/pearlcandles.nl\/wp-content\/uploads\/2026\/02\/IMG_20240503_172026_478-600x600.jpg 600w, https:\/\/pearlcandles.nl\/wp-content\/uploads\/2026\/02\/IMG_20240503_172026_478-100x100.jpg 100w, https:\/\/pearlcandles.nl\/wp-content\/uploads\/2026\/02\/IMG_20240503_172026_478.jpg 1651w\" sizes=\"(max-width: 768px) 100vw, 768px\" loading=\"eager\" \/>\t\t\t\t\t\t\t\t\t\t\t\t\t\t\t<\/div>\n\t\t\t\t\t<\/div>\n\t\t<\/div>\n\t\t\t\t\t<\/div>\n\t\t<\/section>\n\t\t\t\t<section class=\"elementor-section elementor-top-section elementor-element elementor-element-b5268db elementor-section-boxed elementor-section-height-default elementor-section-height-default\" data-id=\"b5268db\" data-element_type=\"section\" data-e-type=\"section\">\n\t\t\t\t\t\t<div class=\"elementor-container elementor-column-gap-default\">\n\t\t\t\t\t<div class=\"elementor-column elementor-col-50 elementor-top-column elementor-element elementor-element-d238e5c\" data-id=\"d238e5c\" data-element_type=\"column\" data-e-type=\"column\">\n\t\t\t<div class=\"elementor-widget-wrap elementor-element-populated\">\n\t\t\t\t\t\t<div class=\"elementor-element elementor-element-e2b76d9 elementor-widget__width-initial elementor-widget elementor-widget-image\" data-id=\"e2b76d9\" data-element_type=\"widget\" data-e-type=\"widget\" data-widget_type=\"image.default\">\n\t\t\t\t\t\t\t\t\t\t\t\t\t\t\t<img decoding=\"async\" src=\"https:\/\/pearlcandles.nl\/wp-content\/uploads\/elementor\/thumbs\/PC_Zero-Waste_Transparant-rhxv2oha8c75zr7la57ogtz0jhwqmzh2xzajopdls8.png\" title=\"PC_Zero Waste_Transparant\" alt=\"Verpakking van Pearl Candles kaarsenzand met hersluitbare zak, transparant venster met zicht op de parelvormige was en iconen die de voordelen van het product weergeven.\" loading=\"lazy\" \/>\t\t\t\t\t\t\t\t\t\t\t\t\t\t\t<\/div>\n\t\t\t\t\t<\/div>\n\t\t<\/div>\n\t\t\t\t<div class=\"elementor-column elementor-col-50 elementor-top-column elementor-element elementor-element-a211527\" data-id=\"a211527\" data-element_type=\"column\" data-e-type=\"column\">\n\t\t\t<div class=\"elementor-widget-wrap elementor-element-populated\">\n\t\t\t\t\t\t<div class=\"elementor-element elementor-element-0de7d34 elementor-widget elementor-widget-heading\" data-id=\"0de7d34\" data-element_type=\"widget\" data-e-type=\"widget\" data-widget_type=\"heading.default\">\n\t\t\t\t\t<h2 class=\"elementor-heading-title elementor-size-default\">Zero waste: niet gaat verloren<\/h2>\t\t\t\t<\/div>\n\t\t\t\t<div class=\"elementor-element elementor-element-3b28582 elementor-widget elementor-widget-heading\" data-id=\"3b28582\" data-element_type=\"widget\" data-e-type=\"widget\" data-widget_type=\"heading.default\">\n\t\t\t\t\t<h3 class=\"elementor-heading-title elementor-size-default\">Elke parel telt.<\/h3>\t\t\t\t<\/div>\n\t\t\t\t<div class=\"elementor-element elementor-element-fa2fd55 elementor-widget__width-initial elementor-widget elementor-widget-text-editor\" data-id=\"fa2fd55\" data-element_type=\"widget\" data-e-type=\"widget\" data-widget_type=\"text-editor.default\">\n\t\t\t\t\t\t\t\t\t<p>Omdat je de pearls hergebruikt, ontstaat er nauwelijks afval.<\/p><p>Maar we gaan verder dan dat.<\/p><p>Pearl Candles ontwikkelde ook een <strong>zero-waste variant<\/strong>, waarbij restanten van productie en gebruik opnieuw verwerkt worden tot een nieuwe, bruikbare mix.<\/p><p>Zelfs onze verpakkingen en presentdozen krijgen vaak een tweede leven.<br \/>We moedigen hergebruik aan, omdat sfeer cre\u00ebren perfect kan samengaan met zorg voor het milieu.<\/p><p>Op deze manier bouwen we stap voor stap aan een product \u00e9n merk dat toekomstgericht is.<\/p>\t\t\t\t\t\t\t\t<\/div>\n\t\t\t\t<div class=\"elementor-element elementor-element-d867138 elementor-align-left elementor-mobile-align-center elementor-widget elementor-widget-button\" data-id=\"d867138\" data-element_type=\"widget\" data-e-type=\"widget\" data-widget_type=\"button.default\">\n\t\t\t\t\t\t\t\t\t\t<a class=\"elementor-button elementor-button-link elementor-size-sm\" href=\"https:\/\/pearlcandles.nl\/de\/produkt\/zero-waste-pearl-candles\/\">\n\t\t\t\t\t\t<span class=\"elementor-button-content-wrapper\">\n\t\t\t\t\t\t\t\t\t<span class=\"elementor-button-text\">Zero Waste variant<\/span>\n\t\t\t\t\t<\/span>\n\t\t\t\t\t<\/a>\n\t\t\t\t\t\t\t\t<\/div>\n\t\t\t\t\t<\/div>\n\t\t<\/div>\n\t\t\t\t\t<\/div>\n\t\t<\/section>\n\t\t\t\t<section class=\"elementor-section elementor-top-section elementor-element elementor-element-9070e82 elementor-section-boxed elementor-section-height-default elementor-section-height-default\" data-id=\"9070e82\" data-element_type=\"section\" data-e-type=\"section\" data-settings=\"{&quot;background_background&quot;:&quot;classic&quot;}\">\n\t\t\t\t\t\t<div class=\"elementor-container elementor-column-gap-default\">\n\t\t\t\t\t<div class=\"elementor-column elementor-col-100 elementor-top-column elementor-element elementor-element-ed55847\" data-id=\"ed55847\" data-element_type=\"column\" data-e-type=\"column\">\n\t\t\t<div class=\"elementor-widget-wrap elementor-element-populated\">\n\t\t\t\t\t\t<div class=\"elementor-element elementor-element-9bab8ff elementor-widget elementor-widget-heading\" data-id=\"9bab8ff\" data-element_type=\"widget\" data-e-type=\"widget\" data-widget_type=\"heading.default\">\n\t\t\t\t\t<h2 class=\"elementor-heading-title elementor-size-default\">De conclusie van Magic Pearls<\/h2>\t\t\t\t<\/div>\n\t\t\t\t<div class=\"elementor-element elementor-element-ae3bd56 elementor-widget elementor-widget-heading\" data-id=\"ae3bd56\" data-element_type=\"widget\" data-e-type=\"widget\" data-widget_type=\"heading.default\">\n\t\t\t\t\t<p class=\"elementor-heading-title elementor-size-default\"><p>Van huiskamers tot concept stores.\nVan tafeldecoratie tot grote events.\nVan etalages tot horeca.\n\nPearl Candles past zich moeiteloos aan elke ruimte, elke houder en elke stijl aan.\n\nWat begon als een slimme oplossing voor thuis, groeide uit tot een systeem dat vandaag overal gebruikt wordt waar sfeer telt.\n\nE\u00e9n systeem. Eindeloze mogelijkheden.\n\nPearl Candles staat voor sfeer zonder frustratie, kwaliteit zonder compromissen en duurzaamheid zonder verspilling.\n\nEen kaars die eindelijk logisch is.\n\nEn wie het eenmaal gebruikt, kijkt nooit meer op dezelfde manier naar een klassieke kaars.<\/p>\t\t\t\t<\/div>\n\t\t\t\t<div class=\"elementor-element elementor-element-1bf4981 elementor-align-left elementor-mobile-align-center elementor-widget elementor-widget-button\" data-id=\"1bf4981\" data-element_type=\"widget\" data-e-type=\"widget\" data-widget_type=\"button.default\">\n\t\t\t\t\t\t\t\t\t\t<a class=\"elementor-button elementor-button-link elementor-size-sm\" href=\"https:\/\/pearlcandles.nl\/de\/at-home\/\">\n\t\t\t\t\t\t<span class=\"elementor-button-content-wrapper\">\n\t\t\t\t\t\t\t\t\t<span class=\"elementor-button-text\">Are you ready for life-changing candles, babe?<\/span>\n\t\t\t\t\t<\/span>\n\t\t\t\t\t<\/a>\n\t\t\t\t\t\t\t\t<\/div>\n\t\t\t\t\t<\/div>\n\t\t<\/div>\n\t\t\t\t\t<\/div>\n\t\t<\/section>\n\t\t\t\t<\/div>","protected":false},"excerpt":{"rendered":"<p>Het team van definitely yes. Weddingplanners, Ceremoniemeester alles voor jullie bruiloft, alleen het beste voor jullie bruiloft!<\/p>","protected":false},"author":1,"featured_media":0,"parent":0,"menu_order":0,"comment_status":"closed","ping_status":"closed","template":"","meta":{"footnotes":""},"class_list":["post-74","page","type-page","status-publish","hentry"],"jetpack_sharing_enabled":true,"_links":{"self":[{"href":"https:\/\/pearlcandles.nl\/de\/wp-json\/wp\/v2\/pages\/74","targetHints":{"allow":["GET"]}}],"collection":[{"href":"https:\/\/pearlcandles.nl\/de\/wp-json\/wp\/v2\/pages"}],"about":[{"href":"https:\/\/pearlcandles.nl\/de\/wp-json\/wp\/v2\/types\/page"}],"author":[{"embeddable":true,"href":"https:\/\/pearlcandles.nl\/de\/wp-json\/wp\/v2\/users\/1"}],"replies":[{"embeddable":true,"href":"https:\/\/pearlcandles.nl\/de\/wp-json\/wp\/v2\/comments?post=74"}],"version-history":[{"count":53,"href":"https:\/\/pearlcandles.nl\/de\/wp-json\/wp\/v2\/pages\/74\/revisions"}],"predecessor-version":[{"id":15301,"href":"https:\/\/pearlcandles.nl\/de\/wp-json\/wp\/v2\/pages\/74\/revisions\/15301"}],"wp:attachment":[{"href":"https:\/\/pearlcandles.nl\/de\/wp-json\/wp\/v2\/media?parent=74"}],"curies":[{"name":"wp","href":"https:\/\/api.w.org\/{rel}","templated":true}]}}