{"id":9720,"date":"2024-09-08T19:01:24","date_gmt":"2024-09-08T18:01:24","guid":{"rendered":"https:\/\/pearlcandles.nl\/?page_id=9720"},"modified":"2025-12-13T13:17:54","modified_gmt":"2025-12-13T11:17:54","slug":"privacy-policy","status":"publish","type":"page","link":"https:\/\/pearlcandles.nl\/de\/privacy-policy\/","title":{"rendered":"Datenschutzbestimmungen"},"content":{"rendered":"<div data-elementor-type=\"wp-page\" data-elementor-id=\"9720\" class=\"elementor elementor-9720\" data-elementor-post-type=\"page\">\n\t\t\t\t<div class=\"elementor-element elementor-element-4682c75 e-flex e-con-boxed e-con e-parent\" data-id=\"4682c75\" data-element_type=\"container\" data-e-type=\"container\">\n\t\t\t\t\t<div class=\"e-con-inner\">\n\t\t\t\t<div class=\"elementor-element elementor-element-fdd0ee3 elementor-widget elementor-widget-spacer\" data-id=\"fdd0ee3\" data-element_type=\"widget\" data-e-type=\"widget\" data-widget_type=\"spacer.default\">\n\t\t\t\t\t\t\t<div class=\"elementor-spacer\">\n\t\t\t<div class=\"elementor-spacer-inner\"><\/div>\n\t\t<\/div>\n\t\t\t\t\t\t<\/div>\n\t\t\t\t<div class=\"elementor-element elementor-element-6d4b665 elementor-widget elementor-widget-heading\" data-id=\"6d4b665\" data-element_type=\"widget\" data-e-type=\"widget\" data-widget_type=\"heading.default\">\n\t\t\t\t\t<h2 class=\"elementor-heading-title elementor-size-default\">datenschutzerkl\u00e4rung perlkerzen<\/h2>\t\t\t\t<\/div>\n\t\t\t\t<div class=\"elementor-element elementor-element-0fd1d6c elementor-widget elementor-widget-text-editor\" data-id=\"0fd1d6c\" data-element_type=\"widget\" data-e-type=\"widget\" data-widget_type=\"text-editor.default\">\n\t\t\t\t\t\t\t\t\t<div class=\"page\" title=\"Seite 1\"><div class=\"section\"><div class=\"layoutArea\"><div class=\"column\"><p><span style=\"text-decoration: underline;\"><strong>\u00dcber unsere Datenschutzpolitik:<br \/><\/strong><\/span>Pearl Candles legt gro\u00dfen Wert auf den Schutz Ihrer Privatsph\u00e4re. Wir verarbeiten daher nur Daten, die wir f\u00fcr die (Verbesserung) unserer Dienstleistungen ben\u00f6tigen und behandeln die Informationen, die wir \u00fcber Sie und Ihre Nutzung unserer Dienstleistungen gesammelt haben, mit Sorgfalt. Wir geben Ihre Daten niemals zu kommerziellen Zwecken an Dritte weiter.<\/p><p>Die vorliegenden Datenschutzbestimmungen gelten f\u00fcr die Nutzung der Website von Pearl Candles und der darauf abrufbaren Dienste. Das Datum des Inkrafttretens dieser Bedingungen ist der 08\/09\/2024, mit der Ver\u00f6ffentlichung einer neuen Version erlischt die G\u00fcltigkeit aller vorherigen Versionen. Diese Datenschutzerkl\u00e4rung beschreibt, welche Daten \u00fcber Sie von uns erhoben werden, wof\u00fcr diese Daten verwendet werden und mit wem und unter welchen Bedingungen diese Daten gegebenenfalls an Dritte weitergegeben werden. Wir erl\u00e4utern Ihnen auch, wie wir Ihre Daten speichern und wie wir Ihre Daten vor Missbrauch sch\u00fctzen und welche Rechte Sie in Bezug auf die von Ihnen zur Verf\u00fcgung gestellten personenbezogenen Daten haben.<\/p><p>Wenn Sie Fragen zu unserer Datenschutzpolitik haben, wenden Sie sich bitte an unseren Datenschutzbeauftragten, dessen Kontaktdaten Sie am Ende unserer Datenschutzpolitik finden.<\/p><p><span style=\"text-decoration: underline;\"><strong>Zur Datenverarbeitung:<br \/><\/strong><\/span>Im Folgenden k\u00f6nnen Sie nachlesen, wie wir Ihre Daten verarbeiten, wo wir sie speichern (lassen), welche Sicherheitstechniken wir einsetzen und f\u00fcr wen die Daten einsehbar sind.<\/p><\/div><\/div><div class=\"layoutArea\"><div class=\"column\"><p><span style=\"text-decoration: underline;\"><strong>Webshop-Software: WooCommerce<\/strong><\/span><br \/>Unser Online-Shop ist mit der Software von WooCommerce entwickelt worden. Pers\u00f6nliche Daten, die Sie uns f\u00fcr unseren Service zur Verf\u00fcgung stellen, werden mit dieser Partei geteilt. WooCommerce hat Zugang zu Ihren Daten, um uns (technische) Unterst\u00fctzung zu leisten, sie werden Ihre Daten niemals f\u00fcr andere Zwecke verwenden. WooCommerce ist aufgrund der mit uns geschlossenen Vereinbarung verpflichtet, angemessene Sicherheitsma\u00dfnahmen zu ergreifen. Zu diesen Sicherheitsma\u00dfnahmen geh\u00f6ren die Verwendung von SSL-Verschl\u00fcsselung und eine strenge Passwortpolitik. WooCommerce verwendet Cookies, um technische Informationen \u00fcber Ihre Nutzung der Software zu sammeln, es werden keine personenbezogenen Daten erhoben und\/oder gespeichert. WooCommerce beh\u00e4lt sich das Recht vor, gesammelte Daten innerhalb der eigenen Gruppe weiterzugeben, um seine Dienstleistungen weiter zu verbessern.<\/p><\/div><\/div><div class=\"section\"><div class=\"layoutArea\"><div class=\"column\"><p><span style=\"text-decoration: underline;\"><strong>WooCommerce-Hosting:<\/strong><\/span><br \/>Unser Online-Shop wurde mit der Software WooCommerce entwickelt, f\u00fcr unser Webhosting haben wir AndersTransIp gew\u00e4hlt. Pers\u00f6nliche Daten, die Sie uns f\u00fcr die Zwecke unserer Dienstleistung zur Verf\u00fcgung stellen, werden mit dieser Partei geteilt. AndersTransIp hat Zugang zu Ihren Daten, um uns (technische) Unterst\u00fctzung zu leisten, sie werden Ihre Daten niemals f\u00fcr andere Zwecke verwenden. Aufgrund der Vereinbarung mit AndersTransIp ist AndersTransIp verpflichtet, angemessene Sicherheitsma\u00dfnahmen zu ergreifen. Zu diesen Sicherheitsma\u00dfnahmen geh\u00f6ren die Verwendung von SSL-Verschl\u00fcsselung und eine strenge Passwortpolitik. Es werden regelm\u00e4\u00dfig Sicherungskopien erstellt, um Datenverluste zu vermeiden.<\/p><\/div><\/div><\/div><div class=\"layoutArea\"><div class=\"column\"><p><span style=\"text-decoration: underline;\"><strong>Webhosting: TransIp<br \/><\/strong><\/span>BEISPIEL: Wir kaufen Webhosting- und E-Mail-Dienste von TransIp. TransIp verarbeitet personenbezogene Daten in unserem Auftrag und verwendet Ihre Daten nicht f\u00fcr eigene Zwecke. Allerdings kann diese Partei Metadaten \u00fcber die Nutzung der Dienste sammeln. Dabei handelt es sich nicht um personenbezogene Daten. TransIp hat angemessene technische und organisatorische Ma\u00dfnahmen ergriffen, um den Verlust und die unbefugte Nutzung Ihrer personenbezogenen Daten zu verhindern. TransIp ist durch den Vertrag zur Vertraulichkeit verpflichtet.<\/p><\/div><\/div><\/div><\/div><div class=\"page\" title=\"Seite 2\"><div class=\"section\"><div class=\"layoutArea\"><div class=\"column\"><p><span style=\"text-decoration: underline;\"><strong>E-Mail und Verteilerlisten: MailChimp<br \/><\/strong><\/span>Wir versenden unsere E-Mail-Newsletter mit MailChimp. MailChimp wird Ihren Namen und Ihre E-Mail-Adresse niemals f\u00fcr eigene Zwecke verwenden. Am Ende jeder E-Mail, die automatisch \u00fcber unsere Website verschickt wird, finden Sie den Link \"Abmelden\". Sie werden dann unseren Newsletter nicht mehr erhalten. Ihre pers\u00f6nlichen Daten werden von MailChimp sicher gespeichert. MailChimp verwendet Cookies und andere Internettechnologien, die Aufschluss dar\u00fcber geben, ob E-Mails ge\u00f6ffnet und gelesen werden. MailChimp beh\u00e4lt sich das Recht vor, Ihre Daten zu nutzen, um seine Dienste weiter zu verbessern und in diesem Rahmen Informationen mit Dritten zu teilen.<\/p><\/div><\/div><div class=\"section\"><div class=\"layoutArea\"><div class=\"column\"><p><span style=\"text-decoration: underline;\"><strong>Office365:<\/strong><\/span> <br \/>Wir nutzen die Dienste von Office365 f\u00fcr unseren regelm\u00e4\u00dfigen gesch\u00e4ftlichen E-Mail-Verkehr. Dieser hat geeignete technische und organisatorische Ma\u00dfnahmen getroffen, um Missbrauch, Verlust und Verf\u00e4lschung Ihrer und unserer Daten so weit wie m\u00f6glich zu verhindern. Office365 hat keinen Zugang zu unserer Mailbox und wir behandeln unseren gesamten E-Mail-Verkehr vertraulich.<\/p><\/div><\/div><\/div><div class=\"layoutArea\"><div class=\"column\"><p><span style=\"text-decoration: underline;\"><strong>Zahlungsabwickler: Mollie<br \/><\/strong><\/span>Zur Abwicklung (eines Teils) der Zahlungen in unserem Webshop nutzen wir die Plattform von Mollie. Mollie verarbeitet Ihren Namen, Ihre Adresse und Ihren Wohnsitz sowie Ihre Zahlungsdaten wie Ihre Bankverbindung oder Kreditkartennummer. Mollie hat geeignete technische und organisatorische Ma\u00dfnahmen zum Schutz Ihrer personenbezogenen Daten getroffen. Mollie beh\u00e4lt sich das Recht vor, Ihre Daten zur weiteren Verbesserung des Dienstes zu nutzen und in diesem Rahmen (anonymisierte) Daten an Dritte weiterzugeben. Alle oben genannten Garantien zum Schutz Ihrer pers\u00f6nlichen Daten gelten auch f\u00fcr die Teile der Dienstleistungen von Mollie, f\u00fcr die Mollie Dritte einsetzt. Mollie wird Ihre Daten nicht l\u00e4nger aufbewahren, als es die gesetzlichen Fristen erlauben.<\/p><\/div><\/div><div class=\"layoutArea\"><div class=\"column\"><p><span style=\"text-decoration: underline;\"><strong>Bewertungen: WebshopKeur<br \/><\/strong><\/span>Wir sammeln Bewertungen \u00fcber die Plattform von WebwinkelKeur. Wenn Sie eine Bewertung \u00fcber WebwinkelKeur abgeben, m\u00fcssen Sie einen Namen und eine E-Mail-Adresse angeben. WebwinkelKeur teilt diese Informationen mit uns, damit wir die Bewertung mit Ihrer Bestellung verkn\u00fcpfen k\u00f6nnen. In einigen F\u00e4llen kann WebwinkelKeur Sie kontaktieren, um Ihre Bewertung zu kommentieren. Wenn wir Sie auffordern, eine Bewertung abzugeben, geben wir Ihren Namen und Ihre E-Mail-Adresse an WebwinkelKeur weiter. WebwinkelKeur verwendet diese Daten nur f\u00fcr den Zweck, Sie zur Abgabe einer Bewertung einzuladen. WebwinkelKeur hat geeignete technische und organisatorische Ma\u00dfnahmen zum Schutz Ihrer personenbezogenen Daten getroffen. WebwinkelKeur beh\u00e4lt sich das Recht vor, Dritte f\u00fcr die Erbringung von Dienstleistungen einzusetzen, f\u00fcr die wir WebwinkelKeur eine Genehmigung erteilt haben. Alle oben genannten Garantien hinsichtlich des Schutzes Ihrer pers\u00f6nlichen Daten gelten auch f\u00fcr die Teile der Dienstleistung, f\u00fcr die WebwinkelKeur Dritte einsetzt.<\/p><\/div><\/div><\/div><\/div><div class=\"page\" title=\"Seite 3\"><div class=\"section\"><div class=\"section\"><div class=\"layoutArea\"><div class=\"column\"><p><span style=\"text-decoration: underline;\"><strong>Google<br \/><\/strong><\/span>Wir sammeln Bewertungen \u00fcber die Plattform von Google. Wenn Sie eine Bewertung \u00fcber Google abgeben, m\u00fcssen Sie Ihren Namen und Ihre E-Mail-Adresse angeben. Google teilt diese Daten mit uns, damit wir die Bewertung mit Ihrer Bestellung verkn\u00fcpfen k\u00f6nnen. In einigen F\u00e4llen kann Google Sie kontaktieren, um Ihre Bewertung zu kommentieren. Wenn wir Sie auffordern, eine Bewertung abzugeben, geben wir Ihren Namen und Ihre E-Mail-Adresse an Google weiter, das diese Daten nur zum Zweck der Aufforderung zur Abgabe einer Bewertung verwendet. Google hat geeignete technische und organisatorische Ma\u00dfnahmen ergriffen, um Ihre personenbezogenen Daten zu sch\u00fctzen. Google beh\u00e4lt sich das Recht vor, zur Erbringung des Dienstes auf Dritte zur\u00fcckzugreifen; wir haben Google die Erlaubnis dazu erteilt. Alle oben genannten Garantien zum Schutz Ihrer personenbezogenen Daten gelten auch f\u00fcr die Teile des Dienstes, f\u00fcr die Google Dritte einsetzt.<\/p><\/div><\/div><\/div><div class=\"layoutArea\"><div class=\"column\"><p><span style=\"text-decoration: underline;\"><strong>Versand und Logistik: PostNL<br \/><\/strong><\/span>Wenn Sie bei uns eine Bestellung aufgeben, ist es unsere Aufgabe, Ihnen Ihr Paket zuzustellen. Wir nutzen die Dienste von PostNL, um die Lieferungen zu t\u00e4tigen. Dazu m\u00fcssen wir Ihren Namen, Ihre Adresse und Ihren Wohnort an PostNL weitergeben. PostNL verwendet diese Daten ausschlie\u00dflich zum Zweck der Vertragsdurchf\u00fchrung. Wenn PostNL Subunternehmer beauftragt, wird PostNL Ihre Daten auch diesen Parteien zur Verf\u00fcgung stellen.<\/p><\/div><\/div><div class=\"layoutArea\"><div class=\"column\"><p><span style=\"text-decoration: underline;\"><strong>Fakturierung und Buchhaltung: Paperdork<\/strong><\/span>\u00a0<br \/>Um unsere Aufzeichnungen und Konten zu f\u00fchren, nutzen wir die Dienste von Paperdork. Wir geben Ihren Namen, Ihre Adresse und Ihren Wohnort sowie Angaben zu Ihrer Bestellung weiter. Diese Daten werden f\u00fcr die Verwaltung der Verkaufsrechnungen verwendet. Ihre pers\u00f6nlichen Daten werden auf gesch\u00fctzte Weise \u00fcbermittelt und gespeichert. Paperdork ist zur Verschwiegenheit verpflichtet und wird Ihre Daten vertraulich behandeln. Paperdork wird Ihre pers\u00f6nlichen Daten nicht f\u00fcr andere als die oben beschriebenen Zwecke verwenden.<\/p><\/div><\/div><div class=\"layoutArea\"><div class=\"column\"><p><span style=\"text-decoration: underline;\"><strong>Externe Vertriebskan\u00e4le: Bol.com<br \/><\/strong><\/span>Wir verkaufen (einen Teil) unserer Artikel \u00fcber die Plattform von Bol.com. Wenn Sie eine Bestellung \u00fcber diese Plattform aufgeben, teilt Bol.com Ihre Bestellung und Ihre pers\u00f6nlichen Daten mit uns. Wir verwenden diese Informationen, um Ihre Bestellung zu bearbeiten. Wir behandeln Ihre Daten vertraulich und haben geeignete technische und organisatorische Ma\u00dfnahmen ergriffen, um Ihre Daten vor Verlust und unbefugter Nutzung zu sch\u00fctzen.<\/p><\/div><\/div><\/div><\/div><div class=\"page\" title=\"Seite 4\"><div class=\"section\"><div class=\"layoutArea\"><div class=\"column\"><p><span style=\"text-decoration: underline;\"><strong>Zweck der Datenverarbeitung<\/strong><\/span><\/p><p>Allgemeiner Zweck der Verarbeitung: Wir verwenden Ihre Daten ausschlie\u00dflich f\u00fcr die Erbringung unserer Dienstleistungen. Das hei\u00dft, der Zweck der Verarbeitung steht immer in direktem Zusammenhang mit dem von Ihnen erteilten Auftrag. Wir verwenden Ihre Daten nicht f\u00fcr (gezieltes) Marketing. Wenn Sie uns Daten mitteilen und wir diese Daten verwenden, um Sie zu einem sp\u00e4teren Zeitpunkt - anders als auf Ihren Wunsch hin - zu kontaktieren, werden wir Sie um Ihre ausdr\u00fcckliche Erlaubnis bitten, dies zu tun. Ihre Daten werden nicht an Dritte weitergegeben, es sei denn, um buchhalterischen und anderen administrativen Verpflichtungen nachzukommen. Diese Dritten sind aufgrund einer Vereinbarung zwischen ihnen und uns oder aufgrund einer eidesstattlichen oder gesetzlichen Verpflichtung zur Vertraulichkeit verpflichtet.<\/p><p><span style=\"text-decoration: underline;\"><strong>Automatisch erfasste Daten<br \/><\/strong><\/span>Die von unserer Website automatisch erhobenen Daten werden mit dem Ziel verarbeitet, unsere Dienstleistungen weiter zu verbessern. Diese Daten (z.B. Ihre IP-Adresse, Webbrowser und Betriebssystem) sind keine personenbezogenen Daten.<\/p><p><span style=\"text-decoration: underline;\"><strong>Zusammenarbeit bei Steuer- und Strafermittlungen<br \/><\/strong><\/span>Gegebenenfalls kann Pearl Candles gesetzlich verpflichtet sein, Ihre Daten im Zusammenhang mit staatlichen Steuer- oder Strafermittlungen weiterzugeben. In einem solchen Fall sind wir gezwungen, Ihre Daten weiterzugeben, aber wir werden uns im Rahmen der gesetzlichen M\u00f6glichkeiten dagegen wehren.<\/p><p><span style=\"text-decoration: underline;\"><strong>Aufbewahrungsfristen<br \/><\/strong><\/span>Wir bewahren Ihre Daten so lange auf, wie Sie unser Kunde sind. Das bedeutet, dass wir Ihr Kundenprofil so lange aufbewahren, bis Sie angeben, dass Sie unsere Dienste nicht mehr in Anspruch nehmen m\u00f6chten. Wenn Sie uns dies mitteilen, betrachten wir dies auch als einen Antrag auf Vergessen. Das bedeutet auch, dass wir Ihre Daten nicht l\u00e4nger als zwei Jahre ab dem letzten Kontakt oder der letzten Transaktion aufbewahren, es sei denn, es gibt eine rechtliche Begr\u00fcndung daf\u00fcr. Da wir aufgrund geltender Verwaltungsvorschriften Rechnungen aufbewahren m\u00fcssen, die Ihre (personenbezogenen) Daten enthalten, werden wir diese Daten so lange aufbewahren, wie die entsprechende Frist l\u00e4uft. Unsere Mitarbeiter haben jedoch keinen Zugang mehr zu Ihrem Kundenprofil und zu den Dokumenten, die wir auf Ihre Anweisung hin erstellt haben.<\/p><p><span style=\"text-decoration: underline;\"><strong>Ihre Rechte<br \/><\/strong><\/span>Nach geltendem niederl\u00e4ndischem und europ\u00e4ischem Recht haben Sie als betroffene Person bestimmte Rechte in Bezug auf personenbezogene Daten, die von oder im Namen von uns verarbeitet werden. Wir erl\u00e4utern im Folgenden, welche Rechte dies sind und wie Sie diese Rechte geltend machen k\u00f6nnen. Um Missbrauch vorzubeugen, senden wir Kopien und Abschriften Ihrer Daten grunds\u00e4tzlich nur an Ihre uns bereits bekannte E-Mail Adresse. Falls Sie die Daten z. B. an eine andere E-Mail-Adresse oder per Post erhalten m\u00f6chten, bitten wir Sie, sich zu identifizieren. Wir f\u00fchren Aufzeichnungen \u00fcber erledigte Anfragen; im Falle einer vergessenen Anfrage verwalten wir anonymisierte Daten. Sie erhalten alle Kopien und Abschriften von Daten in dem maschinenlesbaren Datenformat, das wir in unseren Systemen verwenden. Sie haben jederzeit das Recht, sich bei der Datenschutzbeh\u00f6rde zu beschweren, wenn Sie den Verdacht haben, dass wir Ihre personenbezogenen Daten unrechtm\u00e4\u00dfig verwenden.<\/p><p><span style=\"text-decoration: underline;\"><strong>Recht auf Einsichtnahme<br \/><\/strong><\/span>Sie haben jederzeit das Recht auf Einsicht in die Daten, die wir verarbeiten (oder verarbeitet haben) und die sich auf Ihre Person beziehen oder zu dieser zur\u00fcckverfolgt werden k\u00f6nnen. Sie k\u00f6nnen einen entsprechenden Antrag an unsere Kontaktperson f\u00fcr Datenschutzfragen stellen. Sie erhalten dann innerhalb von 30 Tagen eine Antwort auf Ihren Antrag. Wird Ihrem Antrag stattgegeben, senden wir Ihnen an die uns bekannte E-Mail-Adresse eine Kopie aller Daten mit einer Liste der Verarbeiter, die \u00fcber diese Daten verf\u00fcgen, unter Angabe der Kategorie, unter der wir diese Daten gespeichert haben.<\/p><p><span style=\"text-decoration: underline;\"><strong>Recht auf Berichtigung<br \/><\/strong><\/span>Sie haben jederzeit das Recht auf Berichtigung der Daten, die wir verarbeiten (oder haben verarbeiten lassen) und die sich auf Ihre Person beziehen oder zu Ihnen zur\u00fcckverfolgt werden k\u00f6nnen. Sie k\u00f6nnen einen entsprechenden Antrag an unsere Kontaktperson f\u00fcr Datenschutzfragen stellen. Sie erhalten dann innerhalb von 30 Tagen eine Antwort auf Ihren Antrag. Wenn Ihrem Antrag stattgegeben wird, senden wir Ihnen an die uns bekannte E-Mail-Adresse eine Best\u00e4tigung, dass die Daten berichtigt wurden.<\/p><\/div><\/div><\/div><\/div><div class=\"page\" title=\"Seite 5\"><div class=\"section\"><div class=\"layoutArea\"><div class=\"column\"><p><span style=\"text-decoration: underline;\"><strong>Recht auf Einschr\u00e4nkung der Verarbeitung<br \/><\/strong><\/span>Sie haben jederzeit das Recht auf Einschr\u00e4nkung der Daten, die wir verarbeiten (oder haben verarbeiten lassen) und die sich auf Ihre Person beziehen oder zu ihr zur\u00fcckverfolgt werden k\u00f6nnen. Sie k\u00f6nnen einen entsprechenden Antrag an unseren Ansprechpartner f\u00fcr Datenschutz stellen. Sie erhalten dann innerhalb von 30 Tagen eine Antwort auf Ihren Antrag. Wenn Ihrem Antrag stattgegeben wird, senden wir Ihnen an die uns bekannte E-Mail-Adresse eine Best\u00e4tigung, dass die Daten nicht mehr verarbeitet werden, bis Sie die Einschr\u00e4nkung aufheben.<\/p><p><span style=\"text-decoration: underline;\"><strong>Recht auf \u00dcbertragbarkeit<br \/><\/strong><\/span>Sie haben jederzeit das Recht, die von uns verarbeiteten Daten, die sich auf Ihre Person beziehen oder zu Ihnen zur\u00fcckverfolgt werden k\u00f6nnen, von einer anderen Partei verarbeiten zu lassen (oder verarbeiten zu lassen). Sie k\u00f6nnen einen entsprechenden Antrag an unseren Ansprechpartner f\u00fcr Datenschutz stellen. Sie erhalten dann innerhalb von 30 Tagen eine Antwort auf Ihren Antrag. Wenn Ihrem Antrag stattgegeben wird, senden wir Ihnen an die uns bekannte E-Mail-Adresse Kopien oder Abschriften aller Daten \u00fcber Sie, die wir verarbeitet haben oder in unserem Auftrag von anderen Auftragsverarbeitern oder Dritten verarbeiten lie\u00dfen. Aller Wahrscheinlichkeit nach k\u00f6nnen wir in einem solchen Fall unsere Dienstleistungen nicht mehr erbringen, da die sichere Verbindung von Dateien nicht mehr gew\u00e4hrleistet werden kann.<\/p><p><span style=\"text-decoration: underline;\"><strong>Widerspruchsrecht und andere Rechte<br \/><\/strong><\/span>Sie haben das Recht, gegebenenfalls der Verarbeitung Ihrer personenbezogenen Daten durch oder im Namen von Pearl Candles zu widersprechen. Wenn Sie Widerspruch einlegen, werden wir die Verarbeitung der Daten unverz\u00fcglich einstellen, bis Ihr Widerspruch gekl\u00e4rt ist. Wenn Ihr Widerspruch begr\u00fcndet ist, werden wir Ihnen Kopien und\/oder Abschriften der Daten, die wir verarbeiten (oder verarbeitet haben), zur Verf\u00fcgung stellen und danach die Verarbeitung endg\u00fcltig einstellen. Sie haben auch das Recht, nicht einer automatisierten individuellen Entscheidungsfindung oder einem Profiling unterworfen zu werden. Wir verarbeiten Ihre Daten nicht in einer Weise, auf die dieses Recht Anwendung findet. Wenn Sie der Meinung sind, dass dies der Fall ist, wenden Sie sich bitte an unseren Ansprechpartner f\u00fcr den Datenschutz.<\/p><\/div><\/div><div class=\"section\"><div class=\"layoutArea\"><div class=\"column\"><p><span style=\"text-decoration: underline;\"><strong>Kekse:<\/strong> <strong>Google Analytics<br \/><\/strong><\/span>Auf unserer Website werden im Rahmen des Dienstes \"Analytics\" Cookies von dem amerikanischen Unternehmen Google gesetzt. Wir nutzen diesen Dienst, um zu verfolgen und Berichte dar\u00fcber zu erhalten, wie Besucher die Website nutzen. Dieser Auftragsverarbeiter kann nach den geltenden Gesetzen und Vorschriften verpflichtet sein, Zugang zu diesen Daten zu gew\u00e4hren. Wir haben Google nicht gestattet, die erhaltenen Analysedaten f\u00fcr andere Google-Dienste zu verwenden.<\/p><p><span style=\"text-decoration: underline;\"><strong>Cookies von Dritten<br \/><\/strong><\/span>Falls Softwarel\u00f6sungen von Drittanbietern Cookies verwenden, wird dies in dieser Datenschutzerkl\u00e4rung erw\u00e4hnt.<\/p><\/div><\/div><\/div><div class=\"section\"><div class=\"layoutArea\"><div class=\"column\"><p><span style=\"text-decoration: underline;\"><strong>\u00c4nderungen der Datenschutzrichtlinie<br \/><\/strong><\/span>Wir behalten uns das Recht vor, unsere Datenschutzpolitik jederzeit zu \u00e4ndern. Sie finden jedoch immer die aktuellste Version auf dieser Seite. Sollte sich die neue Datenschutzrichtlinie auf die Art und Weise auswirken, wie wir bereits \u00fcber Sie erhobene Daten verarbeiten, werden wir Sie per E-Mail benachrichtigen.<\/p><\/div><\/div><\/div><div class=\"section\"><div class=\"layoutArea\"><div class=\"column\"><p><span style=\"text-decoration: underline;\"><strong>Kontaktdaten Pearl Candles<br \/><\/strong><\/span>Rue Lebon 92<\/p><p>2440 Geel, Belgien<\/p><p>T +32 488 09 36 27<\/p><p>E info@pearlcandles.nl<\/p><p><strong>Ansprechpartnerin f\u00fcr Datenschutzfragen: Liesa Willems<\/strong><\/p><\/div><\/div><\/div><\/div><\/div>\t\t\t\t\t\t\t\t<\/div>\n\t\t\t\t\t<\/div>\n\t\t\t\t<\/div>\n\t\t\t\t<\/div>","protected":false},"excerpt":{"rendered":"<p>privacy beleid pearl candles Over ons privacybeleid:Pearl Candles geeft veel om uw privacy. Wij verwerken daarom uitsluitend gegevens die wij nodig hebben voor (het verbeteren van) onze dienstverlening en gaan zorgvuldig om met de informatie die wij over u en uw gebruik van onze diensten hebben verzameld. Wij stellen uw gegevens nooit voor commercie\u0308le doelstellingen [&hellip;]<\/p>\n","protected":false},"author":4,"featured_media":0,"parent":0,"menu_order":0,"comment_status":"closed","ping_status":"closed","template":"","meta":{"footnotes":""},"class_list":["post-9720","page","type-page","status-publish","hentry"],"jetpack_sharing_enabled":true,"_links":{"self":[{"href":"https:\/\/pearlcandles.nl\/de\/wp-json\/wp\/v2\/pages\/9720","targetHints":{"allow":["GET"]}}],"collection":[{"href":"https:\/\/pearlcandles.nl\/de\/wp-json\/wp\/v2\/pages"}],"about":[{"href":"https:\/\/pearlcandles.nl\/de\/wp-json\/wp\/v2\/types\/page"}],"author":[{"embeddable":true,"href":"https:\/\/pearlcandles.nl\/de\/wp-json\/wp\/v2\/users\/4"}],"replies":[{"embeddable":true,"href":"https:\/\/pearlcandles.nl\/de\/wp-json\/wp\/v2\/comments?post=9720"}],"version-history":[{"count":1,"href":"https:\/\/pearlcandles.nl\/de\/wp-json\/wp\/v2\/pages\/9720\/revisions"}],"predecessor-version":[{"id":14434,"href":"https:\/\/pearlcandles.nl\/de\/wp-json\/wp\/v2\/pages\/9720\/revisions\/14434"}],"wp:attachment":[{"href":"https:\/\/pearlcandles.nl\/de\/wp-json\/wp\/v2\/media?parent=9720"}],"curies":[{"name":"wp","href":"https:\/\/api.w.org\/{rel}","templated":true}]}}