{"id":9750,"date":"2024-09-09T13:15:48","date_gmt":"2024-09-09T12:15:48","guid":{"rendered":"https:\/\/pearlcandles.nl\/?page_id=9750"},"modified":"2025-12-13T12:41:38","modified_gmt":"2025-12-13T10:41:38","slug":"garantie-en-klachten-pearl-candles","status":"publish","type":"page","link":"https:\/\/pearlcandles.nl\/de\/garantie-en-klachten-pearl-candles\/","title":{"rendered":"Garantie und Reklamationen"},"content":{"rendered":"<div data-elementor-type=\"wp-page\" data-elementor-id=\"9750\" class=\"elementor elementor-9750\" data-elementor-post-type=\"page\">\n\t\t\t\t<div class=\"elementor-element elementor-element-ec42785 e-flex e-con-boxed e-con e-parent\" data-id=\"ec42785\" data-element_type=\"container\" data-e-type=\"container\">\n\t\t\t\t\t<div class=\"e-con-inner\">\n\t\t\t\t<div class=\"elementor-element elementor-element-716d4fb elementor-widget elementor-widget-spacer\" data-id=\"716d4fb\" data-element_type=\"widget\" data-e-type=\"widget\" data-widget_type=\"spacer.default\">\n\t\t\t\t\t\t\t<div class=\"elementor-spacer\">\n\t\t\t<div class=\"elementor-spacer-inner\"><\/div>\n\t\t<\/div>\n\t\t\t\t\t\t<\/div>\n\t\t\t\t<div class=\"elementor-element elementor-element-8cad29c elementor-widget elementor-widget-heading\" data-id=\"8cad29c\" data-element_type=\"widget\" data-e-type=\"widget\" data-widget_type=\"heading.default\">\n\t\t\t\t\t<h1 class=\"elementor-heading-title elementor-size-default\">Garantie und Reklamationen<\/h1>\t\t\t\t<\/div>\n\t\t\t\t<div class=\"elementor-element elementor-element-af6aee5 elementor-widget elementor-widget-text-editor\" data-id=\"af6aee5\" data-element_type=\"widget\" data-e-type=\"widget\" data-widget_type=\"text-editor.default\">\n\t\t\t\t\t\t\t\t\t<p><strong>Garantie und Reklamationen Pearl Candles<\/strong> sind ein wesentlicher Bestandteil unseres Service und unserer Arbeitsweise. Bei Pearl Candles glauben wir, dass Vertrauen, Transparenz und eine korrekte Nachverfolgung mindestens genauso wichtig sind wie Atmosph\u00e4re und Qualit\u00e4t. Deshalb erkl\u00e4ren wir auf dieser Seite klar und deutlich, wie unsere Garantie funktioniert, wie Beschwerden behandelt werden und welche Schritte Sie unternehmen k\u00f6nnen, wenn Sie mit etwas nicht zufrieden sind.<\/p>\n\n<h2>Unsere Garantie bei Pearl Candles<\/h2>\n<p>Bei Pearl Candles stehen wir voll und ganz hinter der Qualit\u00e4t unseres Kerzensandes und unserer Accessoires. Jedes Produkt wird sorgf\u00e4ltig zusammengestellt, kontrolliert und verpackt, bevor es unser Lager verl\u00e4sst. Dennoch kann es in Ausnahmef\u00e4llen vorkommen, dass w\u00e4hrend des Transports oder der Produktion etwas schiefgeht. In diesem Fall k\u00f6nnen Sie sich auf unsere Garantie verlassen.<\/p>\n\n<p>Die Garantie- und Reklamationsregelung von Pearl Candles gilt unter anderem f\u00fcr:<\/p>\n<ul>\n  <li>Produkte, die besch\u00e4digt geliefert wurden<\/li>\n  <li>Eine fehlerhafte oder unvollst\u00e4ndige Lieferung<\/li>\n  <li>Fertigungsfehler am Produkt<\/li>\n<\/ul>\n\n<p>Wenn Sie ein Problem feststellen, bitten wir Sie, sich so schnell wie m\u00f6glich mit uns in Verbindung zu setzen. Je schneller wir informiert werden, desto effizienter k\u00f6nnen wir gemeinsam eine L\u00f6sung finden.<\/p>\n\n<h2>Beschwerdebearbeitung bei Pearl Candles<\/h2>\n<p>Haben Sie eine Beschwerde \u00fcber ein Produkt, eine Lieferung oder die Kommunikation? Dann k\u00f6nnen Sie sich auf eine schnelle und pers\u00f6nliche Bearbeitung verlassen. <strong>Garantie und Reklamationen Pearl Candles<\/strong> werden bei uns niemals als Belastung angesehen, sondern als Chance, unseren Service weiter zu verbessern.<\/p>\n\n<p>Unser Beschwerdeverfahren ist transparent und \u00fcbersichtlich:<\/p>\n<ol>\n  <li>Kontaktieren Sie uns \u00fcber die Kontaktseite.<\/li>\n  <li>Geben Sie deutlich Ihre Bestellnummer und eine Beschreibung des Problems an.<\/li>\n  <li>F\u00fcgen Sie gegebenenfalls zur Verdeutlichung Fotos hinzu.<\/li>\n<\/ol>\n\n<p>Wir bem\u00fchen uns, jede Beschwerde innerhalb von <strong>48 Stunden<\/strong> inhaltlich zu beantworten. In vielen F\u00e4llen k\u00f6nnen wir sofort eine passende L\u00f6sung anbieten, wie beispielsweise einen Ersatz, eine R\u00fcckerstattung oder eine alternative Regelung.<\/p>\n\n<h2>Warum Transparenz wichtig ist<\/h2>\n<p>Ein klarer Ansatz in Bezug auf Garantie und Reklamationen schafft Vertrauen. Bei Pearl Candles m\u00f6chten wir, dass Kunden beruhigt bestellen und genau wissen, woran sie sind. Durch klare Kommunikation \u00fcber unsere Arbeitsweise vermeiden wir Missverst\u00e4ndnisse und bauen langfristige Kundenbeziehungen auf.<\/p>\n\n<p>Die Seite \u201eGarantie und Reklamationen\u201c von Pearl Candles soll daher sowohl vor als auch nach dem Kauf vollst\u00e4ndige Klarheit schaffen. Wenn Sie Fragen haben oder sich \u00fcber etwas unsicher sind, empfehlen wir Ihnen, sich mit uns in Verbindung zu setzen.<\/p>\n\n<h2>Kontakt aufnehmen<\/h2>\n<p>Haben Sie Fragen zur Garantie und zu Reklamationen von Pearl Candles, zu Ihrer Bestellung oder zu unseren Produkten? Dann nehmen Sie bitte Kontakt mit uns auf. Wir beraten Sie gerne und sorgen f\u00fcr eine korrekte, faire und transparente Abwicklung.<\/p>\n\n<h2>Streitbeilegung \u00fcber WebwinkelKeur<\/h2>\n<p>Wann <strong>der Kunde und Pearl Candles sich bei einer Beschwerde nicht einigen k\u00f6nnen<\/strong>, Es besteht die M\u00f6glichkeit, die Streitigkeit bei <strong>Webshop-G\u00fctesiegel<\/strong>. WebwinkelKeur wird in diesem Fall als <strong>unabh\u00e4ngiger Vermittler<\/strong> zwischen beiden Parteien, mit dem Ziel, eine angemessene L\u00f6sung zu finden.<\/p>\n\n<p>\n  Eine Streitigkeit kann ganz einfach \u00fcber die offizielle Wissensdatenbank von WebwinkelKeur f\u00fcr Verbraucher eingereicht werden:\n  <a class=\"decorated-link\" href=\"https:\/\/www.webwinkelkeur.nl\/kennisbank\/consumenten\/geschil\" target=\"_blank\" rel=\"noopener\">\n    https:\/\/www.webwinkelkeur.nl\/kennisbank\/consumenten\/geschil\n  <\/a>\n<\/p>\n\n<p>Wir empfehlen Ihnen, sich immer zuerst direkt an uns zu wenden. In den meisten F\u00e4llen k\u00f6nnen wir gemeinsam eine L\u00f6sung finden. Sollte dies nicht gelingen, bietet WebwinkelKeur einen zuverl\u00e4ssigen und transparenten n\u00e4chsten Schritt.<\/p>\n\t\t\t\t\t\t\t\t<\/div>\n\t\t\t\t\t<\/div>\n\t\t\t\t<\/div>\n\t\t\t\t<\/div>","protected":false},"excerpt":{"rendered":"<p>Garantie &amp; klachten Garantie Wij geven om onze producten en doen logischerwijze ons best om deze in topconditie aan u te leveren. Toch komt het wel eens voor dat er een bestelling kapot gaat tijdens transport of dat er iets anders gebeurt waardoor u aanspraak kunt maken op garantie. Op grond van het Europese recht [&hellip;]<\/p>\n","protected":false},"author":4,"featured_media":0,"parent":0,"menu_order":0,"comment_status":"closed","ping_status":"closed","template":"","meta":{"footnotes":""},"class_list":["post-9750","page","type-page","status-publish","hentry"],"jetpack_sharing_enabled":true,"_links":{"self":[{"href":"https:\/\/pearlcandles.nl\/de\/wp-json\/wp\/v2\/pages\/9750","targetHints":{"allow":["GET"]}}],"collection":[{"href":"https:\/\/pearlcandles.nl\/de\/wp-json\/wp\/v2\/pages"}],"about":[{"href":"https:\/\/pearlcandles.nl\/de\/wp-json\/wp\/v2\/types\/page"}],"author":[{"embeddable":true,"href":"https:\/\/pearlcandles.nl\/de\/wp-json\/wp\/v2\/users\/4"}],"replies":[{"embeddable":true,"href":"https:\/\/pearlcandles.nl\/de\/wp-json\/wp\/v2\/comments?post=9750"}],"version-history":[{"count":5,"href":"https:\/\/pearlcandles.nl\/de\/wp-json\/wp\/v2\/pages\/9750\/revisions"}],"predecessor-version":[{"id":14420,"href":"https:\/\/pearlcandles.nl\/de\/wp-json\/wp\/v2\/pages\/9750\/revisions\/14420"}],"wp:attachment":[{"href":"https:\/\/pearlcandles.nl\/de\/wp-json\/wp\/v2\/media?parent=9750"}],"curies":[{"name":"wp","href":"https:\/\/api.w.org\/{rel}","templated":true}]}}