{"id":10737,"date":"2025-10-14T16:10:05","date_gmt":"2025-10-14T14:10:05","guid":{"rendered":"https:\/\/pearlcandles.nl\/?post_type=product&#038;p=10737"},"modified":"2026-03-26T10:39:53","modified_gmt":"2026-03-26T08:39:53","slug":"the-cosy-starter-set","status":"publish","type":"product","link":"https:\/\/pearlcandles.nl\/de\/produkt\/the-cosy-starter-set\/","title":{"rendered":"Das kuschelige Starter-Set"},"content":{"rendered":"","protected":false},"excerpt":{"rendered":"<h2>Beschreibung<\/h2>\n<p><strong><span style=\"font-size: 16px;\">Ihr erster Schritt zu <\/span><em style=\"font-size: 16px;\">lebensver\u00e4ndernde Kerzen<\/em><span style=\"font-size: 16px;\"> - sicher, langlebig und herrlich duftend.<\/span><\/strong><\/p>\n<article class=\"product\">\n<section>Lassen Sie sich verzaubern von <strong>Das kuschelige Starter-Set<\/strong> von <strong>Perlenkerzen<\/strong> - der perfekte Weg zur Verbesserung unserer<br \/>\n<strong>nachhaltig<\/strong> und <strong>nat\u00fcrliche Kerzen<\/strong> entdecken. Dank der innovativen<br \/>\n<strong>Kerzensand<\/strong> die Sie immer und immer wieder genie\u00dfen <strong>sicheres Kerzenlicht<\/strong> ohne Ru\u00df. Einfach den Docht austauschen<br \/>\nund Ihre Kerze brennt wieder wie neu: <strong>wiederverwendbar<\/strong>, <strong>umweltfreundlich<\/strong> und<br \/>\n<strong>budgetfreundlich<\/strong>.Diese elegante <strong>Geschenkbox<\/strong> ist ideal, um sich selbst zu verw\u00f6hnen oder jemanden zu \u00fcberraschen. Perfekt f\u00fcr<br \/>\nGeburtstage, Einweihungen oder einfach nur, weil du es verdient hast. \u2728<\/section>\n<section aria-labelledby=\"inhoud\">\n<h2 id=\"inhoud\">In der Schachtel<\/h2>\n<ul>\n<li><strong>250g Kerzensand<\/strong> in Ihrer Lieblingsfarbe<\/li>\n<li><strong>Glashalter<\/strong> - sofort brennbereit<\/li>\n<\/ul>\n<\/section>\n<section aria-labelledby=\"waarom\">\n<h2 id=\"waarom\">Warum Sie es wollen<\/h2>\n<ul>\n<li><strong>Sicher und sauber<\/strong> brennend - weniger Ru\u00df und leicht zu dosieren<\/li>\n<li><strong>Wiederverwendbar<\/strong> Konzept - Docht ersetzen und erneut brennen<\/li>\n<li><strong>Nachhaltige Wahl<\/strong> - L\u00e4ngerer Spa\u00df, weniger Abfall<\/li>\n<li><strong>Gem\u00fctliches Ambiente + nat\u00fcrlicher Duft<\/strong> in einem eleganten Set<\/li>\n<\/ul>\n<\/section>\n<\/article>","protected":false},"featured_media":14529,"template":"","meta":[],"product_brand":[],"product_cat":[89],"product_tag":[],"class_list":{"0":"post-10737","1":"product","2":"type-product","3":"status-publish","4":"has-post-thumbnail","6":"product_cat-pearl-candles-giftboxen","8":"first","9":"instock","10":"sale","11":"taxable","12":"shipping-taxable","13":"purchasable","14":"product-type-variable"},"jetpack_sharing_enabled":true,"_links":{"self":[{"href":"https:\/\/pearlcandles.nl\/de\/wp-json\/wp\/v2\/product\/10737","targetHints":{"allow":["GET"]}}],"collection":[{"href":"https:\/\/pearlcandles.nl\/de\/wp-json\/wp\/v2\/product"}],"about":[{"href":"https:\/\/pearlcandles.nl\/de\/wp-json\/wp\/v2\/types\/product"}],"wp:featuredmedia":[{"embeddable":true,"href":"https:\/\/pearlcandles.nl\/de\/wp-json\/wp\/v2\/media\/14529"}],"wp:attachment":[{"href":"https:\/\/pearlcandles.nl\/de\/wp-json\/wp\/v2\/media?parent=10737"}],"wp:term":[{"taxonomy":"product_brand","embeddable":true,"href":"https:\/\/pearlcandles.nl\/de\/wp-json\/wp\/v2\/product_brand?post=10737"},{"taxonomy":"product_cat","embeddable":true,"href":"https:\/\/pearlcandles.nl\/de\/wp-json\/wp\/v2\/product_cat?post=10737"},{"taxonomy":"product_tag","embeddable":true,"href":"https:\/\/pearlcandles.nl\/de\/wp-json\/wp\/v2\/product_tag?post=10737"}],"curies":[{"name":"wp","href":"https:\/\/api.w.org\/{rel}","templated":true}]}}