{"id":5879,"date":"2023-04-17T18:39:55","date_gmt":"2023-04-17T16:39:55","guid":{"rendered":"https:\/\/pearlcandles.nl\/?post_type=product&#038;p=5879"},"modified":"2026-03-26T11:17:16","modified_gmt":"2026-03-26T09:17:16","slug":"magic-wicks","status":"publish","type":"product","link":"https:\/\/pearlcandles.nl\/de\/produkt\/magic-wicks\/","title":{"rendered":"Magische Dochte | 50 St\u00fcck"},"content":{"rendered":"","protected":false},"excerpt":{"rendered":"<p>50 Magische Dochte. Diese Dochte sind speziell behandelt und vorgewachst f\u00fcr Pearl Candles!<\/p>\n<p>Die Dochte sind etwa 5 cm lang und haben eine durchschnittliche Brenndauer von bis zu 12 Stunden bei einmaligem Schlie\u00dfen.<br \/>\n- Dr\u00fccken Sie den Docht in die Perlen, so dass er nur wenige Millimeter herausragt;<br \/>\n- Z\u00fcnden Sie den Docht an;<br \/>\n- Viel Spa\u00df!<br \/>\n- Nach dem Ausblasen kann man den Docht auch einfach mehrmals anz\u00fcnden, so dass er l\u00e4nger h\u00e4lt;<br \/>\n- Zeit f\u00fcr einen Neuanfang? Entfernen Sie das Gerinnsel mit dem Docht aus den Perlen;<br \/>\n- Wenn der Docht am Boden des Gerinnsels noch l\u00e4nger als 2,5 cm ist, schneiden Sie ihn ab und verwenden Sie ihn wie gewohnt, oder setzen Sie einen neuen Docht ein, wenn er wirklich zu Ende ist!<\/p>","protected":false},"featured_media":10611,"template":"","meta":[],"product_brand":[],"product_cat":[64],"product_tag":[],"class_list":{"0":"post-5879","1":"product","2":"type-product","3":"status-publish","4":"has-post-thumbnail","6":"product_cat-pearl-candles","8":"first","9":"instock","10":"sale","11":"taxable","12":"shipping-taxable","13":"purchasable","14":"product-type-simple"},"jetpack_sharing_enabled":true,"_links":{"self":[{"href":"https:\/\/pearlcandles.nl\/de\/wp-json\/wp\/v2\/product\/5879","targetHints":{"allow":["GET"]}}],"collection":[{"href":"https:\/\/pearlcandles.nl\/de\/wp-json\/wp\/v2\/product"}],"about":[{"href":"https:\/\/pearlcandles.nl\/de\/wp-json\/wp\/v2\/types\/product"}],"wp:featuredmedia":[{"embeddable":true,"href":"https:\/\/pearlcandles.nl\/de\/wp-json\/wp\/v2\/media\/10611"}],"wp:attachment":[{"href":"https:\/\/pearlcandles.nl\/de\/wp-json\/wp\/v2\/media?parent=5879"}],"wp:term":[{"taxonomy":"product_brand","embeddable":true,"href":"https:\/\/pearlcandles.nl\/de\/wp-json\/wp\/v2\/product_brand?post=5879"},{"taxonomy":"product_cat","embeddable":true,"href":"https:\/\/pearlcandles.nl\/de\/wp-json\/wp\/v2\/product_cat?post=5879"},{"taxonomy":"product_tag","embeddable":true,"href":"https:\/\/pearlcandles.nl\/de\/wp-json\/wp\/v2\/product_tag?post=5879"}],"curies":[{"name":"wp","href":"https:\/\/api.w.org\/{rel}","templated":true}]}}