{"id":7046,"date":"2023-12-19T19:05:16","date_gmt":"2023-12-19T18:05:16","guid":{"rendered":"https:\/\/pearlcandles.nl\/?post_type=product&#038;p=7046"},"modified":"2026-03-26T11:47:14","modified_gmt":"2026-03-26T09:47:14","slug":"5-kg-pearl-candles-bulk","status":"publish","type":"product","link":"https:\/\/pearlcandles.nl\/de\/produkt\/5-kg-pearl-candles-bulk\/","title":{"rendered":"5 kg Perlenkerzen | BULK"},"content":{"rendered":"","protected":false},"excerpt":{"rendered":"<p>Perlkerzen, die ideale L\u00f6sung, die Ihnen Berge von Zeit und Geld sparen wird! Und auch ein echter Hingucker f\u00fcr Hochzeiten oder Events!<\/p>\n<p>\u2764\ufe0f\u200d\ud83d\udd25 Sparen Sie \u00fcber 65% im Vergleich zu echten Kerzen;<br \/>\n\u2764\ufe0f\u200d\ud83d\udd25 Sparen Sie sich stundenlange Reinigungsarbeiten beim Entfernen von Kerzenwachs;<br \/>\n\u2764\ufe0f\u200d\ud83d\udd25 Langlebig, bis zum letzten K\u00f6rnchen verbrauchen und keine halben Stummelkerzen mehr wegwerfen;<br \/>\n\u2764\ufe0f\u200d\ud83d\udd25 100% Bio und frei von Tierversuchen;<br \/>\n\u2764\ufe0f\u200d\ud83d\udd25 Sicherer, denn wenn es umf\u00e4llt, l\u00f6schen die Perlen die Flamme;<br \/>\n\u2764\ufe0f\u200d\ud83d\udd25 Beginnen Sie jeden Auftrag mit einem neuen Look, anstatt gebrauchte Kerzenstummel wiederzuverwenden;<br \/>\n\u2764\ufe0f\u200d\ud83d\udd25 Ges\u00fcnder, bis zu 90% weniger Ru\u00df wird bei der Verbrennung freigesetzt;<\/p>\n<p><b>WAS SIE BEKOMMEN:<\/b><br \/>\n- Flyer zur Verwendung;<br \/>\n- 5 kg Perlenkerzen;<\/p>\n<p><em>HAFTUNGSAUSSCHLUSS SCHWARZE FARBE: Um unsere Perlen schwarz zu f\u00e4rben, ist ein tiefer und hochpigmentierter Farbstoff erforderlich. Aufgrund des hohen Pigmentgehalts kann die Kerze weniger gut brennen als unsere anderen Farben.\u00a0<\/em><\/p>\n<p><b><i>HINWEIS: Die Magic Wicks m\u00fcssen separat bestellt werden.<\/i><\/b><\/p>\n<p>Sie fragen sich, wie viele Perlenkerzen Sie f\u00fcr Ihr Set-up ben\u00f6tigen? Dann laden Sie unseren Rechner von der Homepage herunter und berechnen Sie ganz einfach, wie viele Kilogramm Sie ben\u00f6tigen und wie hoch die Kosten pro Veranstaltung sein werden!<\/p>\n<p>SCHRITT 1: Geben Sie die Perlen in die von Ihnen gew\u00e4hlte Zylindervase oder den Sockel.<br \/>\nSCHRITT 2: Stecken Sie einen Magic Wick in die Mitte der Perlen, so dass er nur wenige Millimeter \u00fcber den Perlen steht.<br \/>\nSCHRITT 3: Genie\u00dfen Sie Ihre Perlenkerze<br \/>\nSCHRITT 4: Fertig? Blasen Sie die Flamme aus und lassen Sie sie abk\u00fchlen, bis das Kerzenwachs fest geworden ist.<br \/>\nSCHRITT 5: Das Kerzenwachs ist erstarrt? Nehmen Sie den Docht und entfernen Sie ihn zusammen mit dem Gerinnsel.<br \/>\nSCHRITT 6: Kurz sch\u00fctteln und fertig f\u00fcr das n\u00e4chste Mal! Oder sch\u00fctte die Perlen zur\u00fcck in den mitgelieferten Eimer!<\/p>","protected":false},"featured_media":10609,"template":"","meta":[],"product_brand":[],"product_cat":[65,64],"product_tag":[],"class_list":{"0":"post-7046","1":"product","2":"type-product","3":"status-publish","4":"has-post-thumbnail","6":"product_cat-pearl-candles-groothandel","7":"product_cat-pearl-candles","9":"first","10":"instock","11":"sale","12":"featured","13":"taxable","14":"shipping-taxable","15":"purchasable","16":"product-type-variable"},"jetpack_sharing_enabled":true,"_links":{"self":[{"href":"https:\/\/pearlcandles.nl\/de\/wp-json\/wp\/v2\/product\/7046","targetHints":{"allow":["GET"]}}],"collection":[{"href":"https:\/\/pearlcandles.nl\/de\/wp-json\/wp\/v2\/product"}],"about":[{"href":"https:\/\/pearlcandles.nl\/de\/wp-json\/wp\/v2\/types\/product"}],"wp:featuredmedia":[{"embeddable":true,"href":"https:\/\/pearlcandles.nl\/de\/wp-json\/wp\/v2\/media\/10609"}],"wp:attachment":[{"href":"https:\/\/pearlcandles.nl\/de\/wp-json\/wp\/v2\/media?parent=7046"}],"wp:term":[{"taxonomy":"product_brand","embeddable":true,"href":"https:\/\/pearlcandles.nl\/de\/wp-json\/wp\/v2\/product_brand?post=7046"},{"taxonomy":"product_cat","embeddable":true,"href":"https:\/\/pearlcandles.nl\/de\/wp-json\/wp\/v2\/product_cat?post=7046"},{"taxonomy":"product_tag","embeddable":true,"href":"https:\/\/pearlcandles.nl\/de\/wp-json\/wp\/v2\/product_tag?post=7046"}],"curies":[{"name":"wp","href":"https:\/\/api.w.org\/{rel}","templated":true}]}}