{"id":7137,"date":"2023-12-27T09:08:31","date_gmt":"2023-12-27T08:08:31","guid":{"rendered":"https:\/\/pearlcandles.nl\/?post_type=product&#038;p=7137"},"modified":"2026-02-05T20:57:11","modified_gmt":"2026-02-05T18:57:11","slug":"kaarten-pearl-candles","status":"publish","type":"product","link":"https:\/\/pearlcandles.nl\/de\/produkt\/kaarten-pearl-candles\/","title":{"rendered":"Perlenkerzen Pers\u00f6nliche Nachricht"},"content":{"rendered":"","protected":false},"excerpt":{"rendered":"<p>Karte von Pearl Candles. Mit unserem Slogan \"Bist du bereit f\u00fcr lebensver\u00e4ndernde Kerzen, Babe?\" auf der Vorderseite. Die R\u00fcckseite ist leer, so dass Sie Ihre eigene pers\u00f6nliche Nachricht schreiben k\u00f6nnen.<\/p>\n<p>Bestellen Sie diese Karten, um sie Ihren Kunden in Ihrem Gesch\u00e4ft zu \u00fcberreichen oder einer Bestellung beizulegen, denn eine pers\u00f6nliche Botschaft macht immer einen Unterschied! &lt;3<\/p>\n<p>&nbsp;<\/p>\n<p><span style=\"text-decoration: underline;\"><strong>Methoden:<\/strong><\/span><\/p>\n<p>F\u00fcgen Sie eine Karte zu Ihrer Bestellung hinzu und hinterlassen Sie w\u00e4hrend des Bestellvorgangs eine Nachricht in der Rubrik \"Anmerkungen\". Wir werden Ihre Karte mit diesem Text versehen und sie Ihrer Bestellung hinzuf\u00fcgen. Ideal, um jemandem eine besondere Note zu geben, wenn Sie Ihr Pearl Candles Geschenk geben &lt;3<\/p>","protected":false},"featured_media":15328,"template":"","meta":[],"product_brand":[],"product_cat":[64,17,73],"product_tag":[],"class_list":{"0":"post-7137","1":"product","2":"type-product","3":"status-publish","4":"has-post-thumbnail","6":"product_cat-pearl-candles","7":"product_cat-shop","8":"product_cat-kaarsenzand-winkel","10":"first","11":"instock","12":"taxable","13":"shipping-taxable","14":"purchasable","15":"product-type-simple"},"jetpack_sharing_enabled":true,"_links":{"self":[{"href":"https:\/\/pearlcandles.nl\/de\/wp-json\/wp\/v2\/product\/7137","targetHints":{"allow":["GET"]}}],"collection":[{"href":"https:\/\/pearlcandles.nl\/de\/wp-json\/wp\/v2\/product"}],"about":[{"href":"https:\/\/pearlcandles.nl\/de\/wp-json\/wp\/v2\/types\/product"}],"wp:featuredmedia":[{"embeddable":true,"href":"https:\/\/pearlcandles.nl\/de\/wp-json\/wp\/v2\/media\/15328"}],"wp:attachment":[{"href":"https:\/\/pearlcandles.nl\/de\/wp-json\/wp\/v2\/media?parent=7137"}],"wp:term":[{"taxonomy":"product_brand","embeddable":true,"href":"https:\/\/pearlcandles.nl\/de\/wp-json\/wp\/v2\/product_brand?post=7137"},{"taxonomy":"product_cat","embeddable":true,"href":"https:\/\/pearlcandles.nl\/de\/wp-json\/wp\/v2\/product_cat?post=7137"},{"taxonomy":"product_tag","embeddable":true,"href":"https:\/\/pearlcandles.nl\/de\/wp-json\/wp\/v2\/product_tag?post=7137"}],"curies":[{"name":"wp","href":"https:\/\/api.w.org\/{rel}","templated":true}]}}