{"id":7456,"date":"2024-01-21T20:50:56","date_gmt":"2024-01-21T19:50:56","guid":{"rendered":"https:\/\/pearlcandles.nl\/?post_type=product&#038;p=7456"},"modified":"2026-05-01T00:01:15","modified_gmt":"2026-04-30T22:01:15","slug":"romance-geurolie-10ml","status":"publish","type":"product","link":"https:\/\/pearlcandles.nl\/de\/produkt\/romance-geurolie-10ml\/","title":{"rendered":"Romance | Parf\u00fcm\u00f6l 10ML"},"content":{"rendered":"","protected":false},"excerpt":{"rendered":"<p>Duftkerzen, wer liebt sie nicht? Obwohl ich sagen muss, dass einige oft zu stark sind, andere riecht man kaum, und eine wirklich gute, ist oft sehr teuer. Zum Gl\u00fcck haben wir die ultimative L\u00f6sung f\u00fcr diese Probleme! Mit unserer eigenen k\u00f6stlichen Duftlinie haben wir f\u00fcr jeden etwas dabei und, was vielleicht am wichtigsten ist, mit unserer praktischen Verpackung k\u00f6nnen Sie die St\u00e4rke Ihrer Duftkerze selbst bestimmen!<\/p>\n<p><span style=\"text-decoration: underline;\"><strong>Romanze:<\/strong><\/span> Der Duft von Amber l\u00e4sst sich am besten als w\u00fcrziger und warmer Duft beschreiben. Ein idealer Duft f\u00fcr Herbst und Winter, f\u00fcr die dunkleren Tage. Bringen Sie mit diesem Duft\u00f6l Romantik in Ihr Zuhause.<\/p>\n<p><strong>Sie k\u00f6nnen die Dufttropfen auf zwei Arten anwenden:<\/strong><br \/>\n1. Geben Sie ein paar Tropfen (je nach Wunsch) in das noch fl\u00fcssige, geschmolzene Kerzenwachs und z\u00fcnden Sie die Kerze erneut an. Sie werden dann ein herrlich subtiles Dufterlebnis erleben.<br \/>\n2. Bevor du den Docht in deine Perlen steckst, gib ein paar Tropfen (je nach Wunsch) in die Perlen und r\u00fchre sie gut um. Dann k\u00f6nnen Sie den Docht in die Perlen stecken und sie nach Belieben verwenden. Die Perlen haben dann einen wunderbaren Duft und dienen gleichzeitig als Duftst\u00e4bchen. Ein herrlicher Duft erf\u00fcllt den Raum, auch wenn das Ger\u00e4t ausgeschaltet ist!<\/p>\n<p><em>Hinweis: Trocken halten und Kontakt mit der Haut vermeiden.<\/em><\/p>","protected":false},"featured_media":12771,"template":"","meta":[],"product_brand":[],"product_cat":[76],"product_tag":[],"class_list":{"0":"post-7456","1":"product","2":"type-product","3":"status-publish","4":"has-post-thumbnail","6":"product_cat-kaarsenzand-geuren","8":"first","9":"instock","10":"taxable","11":"shipping-taxable","12":"purchasable","13":"product-type-simple"},"jetpack_sharing_enabled":true,"_links":{"self":[{"href":"https:\/\/pearlcandles.nl\/de\/wp-json\/wp\/v2\/product\/7456","targetHints":{"allow":["GET"]}}],"collection":[{"href":"https:\/\/pearlcandles.nl\/de\/wp-json\/wp\/v2\/product"}],"about":[{"href":"https:\/\/pearlcandles.nl\/de\/wp-json\/wp\/v2\/types\/product"}],"wp:featuredmedia":[{"embeddable":true,"href":"https:\/\/pearlcandles.nl\/de\/wp-json\/wp\/v2\/media\/12771"}],"wp:attachment":[{"href":"https:\/\/pearlcandles.nl\/de\/wp-json\/wp\/v2\/media?parent=7456"}],"wp:term":[{"taxonomy":"product_brand","embeddable":true,"href":"https:\/\/pearlcandles.nl\/de\/wp-json\/wp\/v2\/product_brand?post=7456"},{"taxonomy":"product_cat","embeddable":true,"href":"https:\/\/pearlcandles.nl\/de\/wp-json\/wp\/v2\/product_cat?post=7456"},{"taxonomy":"product_tag","embeddable":true,"href":"https:\/\/pearlcandles.nl\/de\/wp-json\/wp\/v2\/product_tag?post=7456"}],"curies":[{"name":"wp","href":"https:\/\/api.w.org\/{rel}","templated":true}]}}