{"id":7648,"date":"2024-01-26T21:58:16","date_gmt":"2024-01-26T20:58:16","guid":{"rendered":"https:\/\/pearlcandles.nl\/?post_type=product&#038;p=7648"},"modified":"2025-12-22T16:13:43","modified_gmt":"2025-12-22T14:13:43","slug":"golden-lotus","status":"publish","type":"product","link":"https:\/\/pearlcandles.nl\/de\/produkt\/golden-lotus\/","title":{"rendered":"Goldener Lotus"},"content":{"rendered":"","protected":false},"excerpt":{"rendered":"<p>Wie s\u00fc\u00df ist diese kleine goldene Schale? Perfekt, um deine Perlenkerzen darin zu gie\u00dfen!<\/p>\n<p>Abmessungen: 10,5\u00d74,5\u00d75,5cm<\/p>","protected":false},"featured_media":7649,"template":"","meta":[],"product_brand":[],"product_cat":[84],"product_tag":[],"class_list":{"0":"post-7648","1":"product","2":"type-product","3":"status-publish","4":"has-post-thumbnail","6":"product_cat-pearl-candles-sale","8":"first","9":"instock","10":"sale","11":"taxable","12":"shipping-taxable","13":"purchasable","14":"product-type-simple"},"jetpack_sharing_enabled":true,"_links":{"self":[{"href":"https:\/\/pearlcandles.nl\/de\/wp-json\/wp\/v2\/product\/7648","targetHints":{"allow":["GET"]}}],"collection":[{"href":"https:\/\/pearlcandles.nl\/de\/wp-json\/wp\/v2\/product"}],"about":[{"href":"https:\/\/pearlcandles.nl\/de\/wp-json\/wp\/v2\/types\/product"}],"wp:featuredmedia":[{"embeddable":true,"href":"https:\/\/pearlcandles.nl\/de\/wp-json\/wp\/v2\/media\/7649"}],"wp:attachment":[{"href":"https:\/\/pearlcandles.nl\/de\/wp-json\/wp\/v2\/media?parent=7648"}],"wp:term":[{"taxonomy":"product_brand","embeddable":true,"href":"https:\/\/pearlcandles.nl\/de\/wp-json\/wp\/v2\/product_brand?post=7648"},{"taxonomy":"product_cat","embeddable":true,"href":"https:\/\/pearlcandles.nl\/de\/wp-json\/wp\/v2\/product_cat?post=7648"},{"taxonomy":"product_tag","embeddable":true,"href":"https:\/\/pearlcandles.nl\/de\/wp-json\/wp\/v2\/product_tag?post=7648"}],"curies":[{"name":"wp","href":"https:\/\/api.w.org\/{rel}","templated":true}]}}