{"id":7668,"date":"2024-01-28T19:00:13","date_gmt":"2024-01-28T18:00:13","guid":{"rendered":"https:\/\/pearlcandles.nl\/?post_type=product&#038;p=7668"},"modified":"2026-02-03T10:25:16","modified_gmt":"2026-02-03T08:25:16","slug":"pearl-candles-jar-amber","status":"publish","type":"product","link":"https:\/\/pearlcandles.nl\/de\/produkt\/pearl-candles-jar-amber\/","title":{"rendered":"Perlenkerzen Glas | Bernstein"},"content":{"rendered":"","protected":false},"excerpt":{"rendered":"<p>Sch\u00f6ner Glashalter f\u00fcr Wachskerzen oder nat\u00fcrlich f\u00fcr Perlenkerzen! Ideal zum Ausgie\u00dfen Ihrer Perlenkerzen! Auch in schwarz und transparent erh\u00e4ltlich.<\/p>\n<p>Abmessungen: 9 x 9 x 7cm<\/p>","protected":false},"featured_media":14128,"template":"","meta":[],"product_brand":[],"product_cat":[70],"product_tag":[],"class_list":{"0":"post-7668","1":"product","2":"type-product","3":"status-publish","4":"has-post-thumbnail","6":"product_cat-pearl-candles-accessoires","8":"first","9":"instock","10":"taxable","11":"shipping-taxable","12":"purchasable","13":"product-type-simple"},"jetpack_sharing_enabled":true,"_links":{"self":[{"href":"https:\/\/pearlcandles.nl\/de\/wp-json\/wp\/v2\/product\/7668","targetHints":{"allow":["GET"]}}],"collection":[{"href":"https:\/\/pearlcandles.nl\/de\/wp-json\/wp\/v2\/product"}],"about":[{"href":"https:\/\/pearlcandles.nl\/de\/wp-json\/wp\/v2\/types\/product"}],"wp:featuredmedia":[{"embeddable":true,"href":"https:\/\/pearlcandles.nl\/de\/wp-json\/wp\/v2\/media\/14128"}],"wp:attachment":[{"href":"https:\/\/pearlcandles.nl\/de\/wp-json\/wp\/v2\/media?parent=7668"}],"wp:term":[{"taxonomy":"product_brand","embeddable":true,"href":"https:\/\/pearlcandles.nl\/de\/wp-json\/wp\/v2\/product_brand?post=7668"},{"taxonomy":"product_cat","embeddable":true,"href":"https:\/\/pearlcandles.nl\/de\/wp-json\/wp\/v2\/product_cat?post=7668"},{"taxonomy":"product_tag","embeddable":true,"href":"https:\/\/pearlcandles.nl\/de\/wp-json\/wp\/v2\/product_tag?post=7668"}],"curies":[{"name":"wp","href":"https:\/\/api.w.org\/{rel}","templated":true}]}}