{"id":8191,"date":"2024-02-23T21:10:38","date_gmt":"2024-02-23T20:10:38","guid":{"rendered":"https:\/\/pearlcandles.nl\/?post_type=product&#038;p=8191"},"modified":"2026-02-03T10:24:59","modified_gmt":"2026-02-03T08:24:59","slug":"large-pearl-candles-jar-transparant","status":"publish","type":"product","link":"https:\/\/pearlcandles.nl\/de\/produkt\/large-pearl-candles-jar-transparant\/","title":{"rendered":"Gro\u00dfes Glas mit Perlenkerzen | Transparent"},"content":{"rendered":"","protected":false},"excerpt":{"rendered":"<p>Sch\u00f6ner Glashalter f\u00fcr Wachskerzen oder nat\u00fcrlich f\u00fcr Perlenkerzen! Ideal, um Ihre Perlenkerzen darin zu gie\u00dfen! Auch in schwarz und bernsteinfarben erh\u00e4ltlich.<\/p>\n<p>Abmessungen: 9 x 9 x 10 cm<br \/>\nAuch in einer kleineren Gr\u00f6\u00dfe erh\u00e4ltlich!<\/p>","protected":false},"featured_media":14134,"template":"","meta":[],"product_brand":[],"product_cat":[70],"product_tag":[],"class_list":{"0":"post-8191","1":"product","2":"type-product","3":"status-publish","4":"has-post-thumbnail","6":"product_cat-pearl-candles-accessoires","8":"first","9":"instock","10":"taxable","11":"shipping-taxable","12":"purchasable","13":"product-type-simple"},"jetpack_sharing_enabled":true,"_links":{"self":[{"href":"https:\/\/pearlcandles.nl\/de\/wp-json\/wp\/v2\/product\/8191","targetHints":{"allow":["GET"]}}],"collection":[{"href":"https:\/\/pearlcandles.nl\/de\/wp-json\/wp\/v2\/product"}],"about":[{"href":"https:\/\/pearlcandles.nl\/de\/wp-json\/wp\/v2\/types\/product"}],"wp:featuredmedia":[{"embeddable":true,"href":"https:\/\/pearlcandles.nl\/de\/wp-json\/wp\/v2\/media\/14134"}],"wp:attachment":[{"href":"https:\/\/pearlcandles.nl\/de\/wp-json\/wp\/v2\/media?parent=8191"}],"wp:term":[{"taxonomy":"product_brand","embeddable":true,"href":"https:\/\/pearlcandles.nl\/de\/wp-json\/wp\/v2\/product_brand?post=8191"},{"taxonomy":"product_cat","embeddable":true,"href":"https:\/\/pearlcandles.nl\/de\/wp-json\/wp\/v2\/product_cat?post=8191"},{"taxonomy":"product_tag","embeddable":true,"href":"https:\/\/pearlcandles.nl\/de\/wp-json\/wp\/v2\/product_tag?post=8191"}],"curies":[{"name":"wp","href":"https:\/\/api.w.org\/{rel}","templated":true}]}}