{"id":8227,"date":"2024-02-24T16:23:48","date_gmt":"2024-02-24T15:23:48","guid":{"rendered":"https:\/\/pearlcandles.nl\/?post_type=product&#038;p=8227"},"modified":"2025-10-25T12:34:02","modified_gmt":"2025-10-25T10:34:02","slug":"little-lotus-black","status":"publish","type":"product","link":"https:\/\/pearlcandles.nl\/de\/produkt\/little-lotus-black\/","title":{"rendered":"Kleiner Lotos schwarz"},"content":{"rendered":"","protected":false},"excerpt":{"rendered":"<p>Wie s\u00fc\u00df ist diese kleine Lotosschale aus Metall? Ideal f\u00fcr Bernsteinw\u00fcrfel, Schmuck, Seifen oder alles andere, was Spa\u00df macht!<\/p>\n<p>Abmessungen: 7,5\u00d77,5\u00d73,5cm<\/p>","protected":false},"featured_media":8219,"template":"","meta":[],"product_brand":[],"product_cat":[84],"product_tag":[],"class_list":{"0":"post-8227","1":"product","2":"type-product","3":"status-publish","4":"has-post-thumbnail","6":"product_cat-pearl-candles-sale","8":"first","9":"instock","10":"sale","11":"taxable","12":"shipping-taxable","13":"purchasable","14":"product-type-simple"},"jetpack_sharing_enabled":true,"_links":{"self":[{"href":"https:\/\/pearlcandles.nl\/de\/wp-json\/wp\/v2\/product\/8227","targetHints":{"allow":["GET"]}}],"collection":[{"href":"https:\/\/pearlcandles.nl\/de\/wp-json\/wp\/v2\/product"}],"about":[{"href":"https:\/\/pearlcandles.nl\/de\/wp-json\/wp\/v2\/types\/product"}],"wp:featuredmedia":[{"embeddable":true,"href":"https:\/\/pearlcandles.nl\/de\/wp-json\/wp\/v2\/media\/8219"}],"wp:attachment":[{"href":"https:\/\/pearlcandles.nl\/de\/wp-json\/wp\/v2\/media?parent=8227"}],"wp:term":[{"taxonomy":"product_brand","embeddable":true,"href":"https:\/\/pearlcandles.nl\/de\/wp-json\/wp\/v2\/product_brand?post=8227"},{"taxonomy":"product_cat","embeddable":true,"href":"https:\/\/pearlcandles.nl\/de\/wp-json\/wp\/v2\/product_cat?post=8227"},{"taxonomy":"product_tag","embeddable":true,"href":"https:\/\/pearlcandles.nl\/de\/wp-json\/wp\/v2\/product_tag?post=8227"}],"curies":[{"name":"wp","href":"https:\/\/api.w.org\/{rel}","templated":true}]}}