{"id":8566,"date":"2024-04-04T09:06:19","date_gmt":"2024-04-04T08:06:19","guid":{"rendered":"https:\/\/pearlcandles.nl\/?post_type=product&#038;p=8566"},"modified":"2025-10-25T12:54:39","modified_gmt":"2025-10-25T10:54:39","slug":"bubble-plate-m","status":"publish","type":"product","link":"https:\/\/pearlcandles.nl\/de\/produkt\/bubble-plate-m\/","title":{"rendered":"Blasenplatte M"},"content":{"rendered":"","protected":false},"excerpt":{"rendered":"<p>Wie sch\u00f6n ist dieses Blatt? Die organische Form ist absolut zeitgem\u00e4\u00df. Verwenden Sie es als Schale, Untersetzer, Servierplatte oder etwas anderes Lustiges. Wir wetten, Sie werden etwas Sch\u00f6nes damit kreieren.<\/p>\n<p>Wir haben dieses Blatt in zwei Gr\u00f6\u00dfen, klein und mittel. Diese mittlere Variante ist 28x18x2cm.<\/p>","protected":false},"featured_media":8568,"template":"","meta":[],"product_brand":[],"product_cat":[84],"product_tag":[],"class_list":{"0":"post-8566","1":"product","2":"type-product","3":"status-publish","4":"has-post-thumbnail","6":"product_cat-pearl-candles-sale","8":"first","9":"instock","10":"sale","11":"taxable","12":"shipping-taxable","13":"purchasable","14":"product-type-simple"},"jetpack_sharing_enabled":true,"_links":{"self":[{"href":"https:\/\/pearlcandles.nl\/de\/wp-json\/wp\/v2\/product\/8566","targetHints":{"allow":["GET"]}}],"collection":[{"href":"https:\/\/pearlcandles.nl\/de\/wp-json\/wp\/v2\/product"}],"about":[{"href":"https:\/\/pearlcandles.nl\/de\/wp-json\/wp\/v2\/types\/product"}],"wp:featuredmedia":[{"embeddable":true,"href":"https:\/\/pearlcandles.nl\/de\/wp-json\/wp\/v2\/media\/8568"}],"wp:attachment":[{"href":"https:\/\/pearlcandles.nl\/de\/wp-json\/wp\/v2\/media?parent=8566"}],"wp:term":[{"taxonomy":"product_brand","embeddable":true,"href":"https:\/\/pearlcandles.nl\/de\/wp-json\/wp\/v2\/product_brand?post=8566"},{"taxonomy":"product_cat","embeddable":true,"href":"https:\/\/pearlcandles.nl\/de\/wp-json\/wp\/v2\/product_cat?post=8566"},{"taxonomy":"product_tag","embeddable":true,"href":"https:\/\/pearlcandles.nl\/de\/wp-json\/wp\/v2\/product_tag?post=8566"}],"curies":[{"name":"wp","href":"https:\/\/api.w.org\/{rel}","templated":true}]}}