{"id":9988,"date":"2024-12-02T18:03:25","date_gmt":"2024-12-02T16:03:25","guid":{"rendered":"https:\/\/pearlcandles.nl\/?post_type=product&#038;p=9988"},"modified":"2026-03-26T10:57:44","modified_gmt":"2026-03-26T08:57:44","slug":"candy-cane-pearl-candles","status":"publish","type":"product","link":"https:\/\/pearlcandles.nl\/de\/produkt\/candy-cane-pearl-candles\/","title":{"rendered":"Candy Cane | Perlenkerzen"},"content":{"rendered":"","protected":false},"excerpt":{"rendered":"<p class=\"p1\"><b>WAS SIE BEKOMMEN:<\/b><br \/>\n- Perlenkerzen in Ihrer Lieblingsfarbe;<br \/>\n- Der 500-Gramm-Beutel enth\u00e4lt etwa 350 Brennstunden und der 250-Gramm-Beutel \u00fcber 100 Brennstunden;<br \/>\n- 10 Zauberdochte im 500gr Beutel und 5 Zauberdochte im 250gr Beutel. Wenn Sie mehr Dochte direkt bestellen m\u00f6chten, k\u00f6nnen Sie das nat\u00fcrlich auch!<br \/>\n<i>- Wie zu verwenden<\/i> Flugblatt;<\/p>\n<p class=\"p1\"><b>ANWENDUNGSWEISE:<br \/>\n<\/b>F\u00fcllen Sie Ihre Lieblingsvase oder Ihren Lieblingskerzenhalter mit den Perlen, setzen Sie einen magischen Docht ein und brennen Sie los! Fertig mit dem Abbrennen? Blasen Sie den Docht aus, lassen Sie das Kerzenwachs erstarren, und nach dem Erstarren k\u00f6nnen Sie den Klumpen am Docht herausnehmen. Sch\u00fctteln Sie Ihre Vase und sie ist bereit f\u00fcr eine neue Verwendung!<\/p>\n<p class=\"p1\">Man kann den Docht mehrmals anz\u00fcnden, oder ihn unterhalb des Gerinnsels abschneiden und den Rest wieder in die Perlen stecken! So super haltbar und kann auch bis zur letzten Perle verwendet werden!<\/p>\n<p class=\"p1\"><i>Die Dochte in diesem Beutel haben eine Brenndauer von etwa 8-10 Stunden pro Docht.<\/i><\/p>\n<p class=\"p1\"><strong>WARUM PERLENKERZEN:<\/strong><\/p>\n<ul class=\"ul1\">\n<li class=\"li1\">Bei der Verbrennung von bis zu 90% wird weniger Ru\u00df freigesetzt, was f\u00fcr Mensch und Tier viel ges\u00fcnder ist;<\/li>\n<li class=\"li1\">Perlenkerzen sind sicherer! F\u00e4llt die Kerze um? Dann l\u00f6schen die Perlen die Flamme und wenn der Docht ausgeht, erlischt die Flamme von selbst;<\/li>\n<li class=\"li1\">W\u00e4hlen Sie immer wieder Ihre Lieblingssch\u00fcssel oder Ihr Lieblingsglas (hitzebest\u00e4ndig), um Ihre Perlenkerze darin herzustellen;<\/li>\n<li class=\"li1\">Beginnen Sie jedes Mal mit einem neuen, frischen Look! Keine R\u00fcckst\u00e4nde von Kerzenwachs mehr;<\/li>\n<li class=\"li1\">100% biologisch und an Tieren getestet;<\/li>\n<li class=\"li1\">Langlebig! Die Perlen k\u00f6nnen bis auf das letzte Gramm verwendet werden, so dass Sie Vasen und Schalen wiederverwenden k\u00f6nnen, ohne dass sie mit Kerzenwachs bedeckt werden. Ideal, oder? Dar\u00fcber hinaus sind unsere Perlenkerzen RSPO-zertifiziert. Kein Schrott aus China wie bei unseren Konkurrenten auf dem Markt, sondern eine Fabrik, in der unsere Perlen in Europa hergestellt werden! Und wir sind die Einzigen!<\/li>\n<\/ul>","protected":false},"featured_media":14742,"template":"","meta":[],"product_brand":[],"product_cat":[64],"product_tag":[],"class_list":{"0":"post-9988","1":"product","2":"type-product","3":"status-publish","4":"has-post-thumbnail","6":"product_cat-pearl-candles","8":"first","9":"instock","10":"sale","11":"taxable","12":"shipping-taxable","13":"purchasable","14":"product-type-variable"},"jetpack_sharing_enabled":true,"_links":{"self":[{"href":"https:\/\/pearlcandles.nl\/de\/wp-json\/wp\/v2\/product\/9988","targetHints":{"allow":["GET"]}}],"collection":[{"href":"https:\/\/pearlcandles.nl\/de\/wp-json\/wp\/v2\/product"}],"about":[{"href":"https:\/\/pearlcandles.nl\/de\/wp-json\/wp\/v2\/types\/product"}],"wp:featuredmedia":[{"embeddable":true,"href":"https:\/\/pearlcandles.nl\/de\/wp-json\/wp\/v2\/media\/14742"}],"wp:attachment":[{"href":"https:\/\/pearlcandles.nl\/de\/wp-json\/wp\/v2\/media?parent=9988"}],"wp:term":[{"taxonomy":"product_brand","embeddable":true,"href":"https:\/\/pearlcandles.nl\/de\/wp-json\/wp\/v2\/product_brand?post=9988"},{"taxonomy":"product_cat","embeddable":true,"href":"https:\/\/pearlcandles.nl\/de\/wp-json\/wp\/v2\/product_cat?post=9988"},{"taxonomy":"product_tag","embeddable":true,"href":"https:\/\/pearlcandles.nl\/de\/wp-json\/wp\/v2\/product_tag?post=9988"}],"curies":[{"name":"wp","href":"https:\/\/api.w.org\/{rel}","templated":true}]}}