{"id":3,"date":"2021-07-05T14:58:16","date_gmt":"2021-07-05T13:58:16","guid":{"rendered":"http:\/\/pearlcandles.nl\/?page_id=3"},"modified":"2025-12-13T14:20:03","modified_gmt":"2025-12-13T12:20:03","slug":"privacybeleid","status":"publish","type":"page","link":"https:\/\/pearlcandles.nl\/fr\/privacybeleid\/","title":{"rendered":"Politique de confidentialit\u00e9"},"content":{"rendered":"<h2 class=\"wp-block-heading\">Qui sommes-nous ?<\/h2><p><strong class=\"privacy-policy-tutorial\">Texte propos\u00e9 : <\/strong>L'adresse de notre site est : http:\/\/pearlcandles.nl.<\/p><h2 class=\"wp-block-heading\">Commentaires<\/h2><p><strong class=\"privacy-policy-tutorial\">Texte propos\u00e9 : <\/strong>Lorsque les visiteurs laissent des commentaires sur le site, nous recueillons les donn\u00e9es figurant dans le formulaire de commentaire ainsi que l'adresse IP du visiteur et la cha\u00eene de l'agent utilisateur du navigateur afin de faciliter la d\u00e9tection des spams.<\/p><p>Une cha\u00eene anonyme cr\u00e9\u00e9e \u00e0 partir de votre adresse \u00e9lectronique (\u00e9galement appel\u00e9e \"hash\") peut \u00eatre envoy\u00e9e au service Gravatar si vous l'utilisez. La page relative \u00e0 la politique de confidentialit\u00e9 se trouve \u00e0 l'adresse suivante : https:\/\/automattic.com\/privacy\/. Une fois votre commentaire approuv\u00e9, votre photo de profil sera visible publiquement dans le contexte de votre commentaire.<\/p><h2 class=\"wp-block-heading\">Les m\u00e9dias<\/h2><p><strong class=\"privacy-policy-tutorial\">Texte propos\u00e9 : <\/strong>Si vous \u00eates un utilisateur enregistr\u00e9 et que vous t\u00e9l\u00e9chargez des images sur le site, vous devez \u00e9viter de t\u00e9l\u00e9charger des images contenant des donn\u00e9es EXIF de localisation GPS. Les visiteurs du site peuvent t\u00e9l\u00e9charger les images \u00e0 partir du site et visualiser les donn\u00e9es de localisation.<\/p><h2 class=\"wp-block-heading\">Cookies<\/h2><p><strong class=\"privacy-policy-tutorial\">Texte propos\u00e9 : <\/strong>Lorsque vous laissez un commentaire sur notre site, vous pouvez sp\u00e9cifier si nous autorisons le stockage de votre nom, de votre adresse \u00e9lectronique et de votre site dans un cookie. Nous le faisons pour votre commodit\u00e9, afin que vous n'ayez pas \u00e0 r\u00e9introduire ces donn\u00e9es pour un nouveau commentaire. Ces cookies ont une dur\u00e9e de validit\u00e9 d'un an.<\/p><p>Si vous visitez notre page de connexion, nous stockons un cookie temporaire pour v\u00e9rifier si votre navigateur accepte les cookies. Ce cookie ne contient aucune donn\u00e9e personnelle et est supprim\u00e9 d\u00e8s que vous fermez votre navigateur.<\/p><p>Lorsque vous vous connectez, nous stockons certains cookies li\u00e9s \u00e0 vos informations de connexion et aux options d'affichage de l'\u00e9cran. Les cookies de connexion sont valables pendant deux jours et les cookies relatifs aux options d'affichage de l'\u00e9cran pendant un an. Si vous s\u00e9lectionnez \"Se souvenir de moi\", vos informations de connexion seront stock\u00e9es pendant 2 semaines. Lorsque vous vous d\u00e9connectez de votre compte, les cookies de connexion sont supprim\u00e9s.<\/p><p>Lorsque vous modifiez ou publiez un article, un cookie suppl\u00e9mentaire est stock\u00e9 par votre navigateur. Ce cookie ne contient pas de donn\u00e9es personnelles, mais uniquement l'identifiant de l'article que vous avez modifi\u00e9. Ce cookie expire au bout d'un jour.<\/p><h2 class=\"wp-block-heading\">Contenu int\u00e9gr\u00e9 d'autres sites<\/h2><p><strong class=\"privacy-policy-tutorial\">Texte propos\u00e9 : <\/strong>Les articles publi\u00e9s sur ce site peuvent contenir du contenu int\u00e9gr\u00e9 (embedded). Par exemple, des vid\u00e9os, des images, des messages). Le contenu int\u00e9gr\u00e9 provenant d'autres sites se comporte exactement comme si le visiteur avait visit\u00e9 cet autre site web.<\/p><p>Ces sites peuvent collecter des donn\u00e9es vous concernant, utiliser des cookies, int\u00e9grer un suivi par des tiers et surveiller votre interaction avec ce contenu int\u00e9gr\u00e9, y compris l'interaction avec le contenu int\u00e9gr\u00e9 si vous avez un compte et \u00eates connect\u00e9 \u00e0 ce site.<\/p><h2 class=\"wp-block-heading\">Avec qui nous partageons vos donn\u00e9es<\/h2><p><strong class=\"privacy-policy-tutorial\">Texte propos\u00e9 : <\/strong>Si vous demandez une r\u00e9initialisation de votre mot de passe, votre adresse IP sera incluse dans l'e-mail de r\u00e9initialisation.<\/p><h2 class=\"wp-block-heading\">Dur\u00e9e de conservation des donn\u00e9es<\/h2><p><strong class=\"privacy-policy-tutorial\">Texte propos\u00e9 : <\/strong>Lorsque vous laissez un commentaire, ce commentaire et ses m\u00e9tadonn\u00e9es sont stock\u00e9s pour toujours. De cette mani\u00e8re, nous pouvons reconna\u00eetre et approuver automatiquement les commentaires suivants, sans avoir \u00e0 les mod\u00e9rer.<\/p><p>Pour les utilisateurs enregistr\u00e9s sur notre site (le cas \u00e9ch\u00e9ant), nous stockons \u00e9galement des informations personnelles dans leur profil d'utilisateur. Tous les utilisateurs peuvent consulter, modifier ou supprimer leurs informations personnelles \u00e0 tout moment (le nom d'utilisateur ne peut pas \u00eatre modifi\u00e9). Les administrateurs du site peuvent \u00e9galement consulter et modifier ces informations.<\/p><h2 class=\"wp-block-heading\">Quels sont les droits dont vous disposez sur vos donn\u00e9es ?<\/h2><p><strong class=\"privacy-policy-tutorial\">Texte propos\u00e9 : <\/strong>Si vous avez un compte sur ce site ou si vous avez laiss\u00e9 des commentaires, vous pouvez demander un fichier d'exportation des donn\u00e9es personnelles que nous d\u00e9tenons \u00e0 votre sujet, y compris toutes les donn\u00e9es que vous nous avez fournies. Vous pouvez \u00e9galement nous demander de supprimer toutes les donn\u00e9es \u00e0 caract\u00e8re personnel que nous d\u00e9tenons \u00e0 votre sujet. Cela n'inclut pas les donn\u00e9es que nous sommes tenus de conserver \u00e0 des fins administratives, juridiques ou de s\u00e9curit\u00e9.<\/p><h2 class=\"wp-block-heading\">O\u00f9 nous envoyons vos donn\u00e9es<\/h2><p><strong class=\"privacy-policy-tutorial\">Texte propos\u00e9 : <\/strong>Les commentaires des visiteurs peuvent \u00eatre achemin\u00e9s par un service automatis\u00e9 de d\u00e9tection des spams.<\/p>","protected":false},"excerpt":{"rendered":"<p>Wie zijn we Voorgestelde tekst: Ons site-adres is: http:\/\/pearlcandles.nl. Reacties Voorgestelde tekst: Als bezoekers reacties achterlaten op de site, verzamelen we de data getoond in het reactieformulier en ook het IP-adres van de bezoeker en de browser gebruikersagent string om spam opsporing te helpen. Een geanonimiseerde string, gemaakt op basis van uw e-mailadres (dit wordt [&hellip;]<\/p>\n","protected":false},"author":1,"featured_media":0,"parent":0,"menu_order":0,"comment_status":"closed","ping_status":"open","template":"","meta":{"footnotes":""},"class_list":["post-3","page","type-page","status-publish","hentry"],"jetpack_sharing_enabled":true,"_links":{"self":[{"href":"https:\/\/pearlcandles.nl\/fr\/wp-json\/wp\/v2\/pages\/3","targetHints":{"allow":["GET"]}}],"collection":[{"href":"https:\/\/pearlcandles.nl\/fr\/wp-json\/wp\/v2\/pages"}],"about":[{"href":"https:\/\/pearlcandles.nl\/fr\/wp-json\/wp\/v2\/types\/page"}],"author":[{"embeddable":true,"href":"https:\/\/pearlcandles.nl\/fr\/wp-json\/wp\/v2\/users\/1"}],"replies":[{"embeddable":true,"href":"https:\/\/pearlcandles.nl\/fr\/wp-json\/wp\/v2\/comments?post=3"}],"version-history":[{"count":1,"href":"https:\/\/pearlcandles.nl\/fr\/wp-json\/wp\/v2\/pages\/3\/revisions"}],"predecessor-version":[{"id":14454,"href":"https:\/\/pearlcandles.nl\/fr\/wp-json\/wp\/v2\/pages\/3\/revisions\/14454"}],"wp:attachment":[{"href":"https:\/\/pearlcandles.nl\/fr\/wp-json\/wp\/v2\/media?parent=3"}],"curies":[{"name":"wp","href":"https:\/\/api.w.org\/{rel}","templated":true}]}}