{"id":64,"date":"2021-10-27T12:35:09","date_gmt":"2021-10-27T11:35:09","guid":{"rendered":"http:\/\/pearlcandles.nl\/?page_id=64"},"modified":"2025-12-13T15:15:31","modified_gmt":"2025-12-13T13:15:31","slug":"refund-en-returns-pearl-candles","status":"publish","type":"page","link":"https:\/\/pearlcandles.nl\/fr\/refund-en-returns-pearl-candles\/","title":{"rendered":"Refund and Returns Policy"},"content":{"rendered":"<div data-elementor-type=\"wp-page\" data-elementor-id=\"64\" class=\"elementor elementor-64\" data-elementor-post-type=\"page\">\n\t\t\t\t\t\t<section class=\"elementor-section elementor-top-section elementor-element elementor-element-677bb69 elementor-section-boxed elementor-section-height-default elementor-section-height-default\" data-id=\"677bb69\" data-element_type=\"section\" data-e-type=\"section\">\n\t\t\t\t\t\t<div class=\"elementor-container elementor-column-gap-default\">\n\t\t\t\t\t<div class=\"elementor-column elementor-col-100 elementor-top-column elementor-element elementor-element-7a95a2c\" data-id=\"7a95a2c\" data-element_type=\"column\" data-e-type=\"column\">\n\t\t\t<div class=\"elementor-widget-wrap elementor-element-populated\">\n\t\t\t\t\t\t<div class=\"elementor-element elementor-element-ca7d0df elementor-widget elementor-widget-heading\" data-id=\"ca7d0df\" data-element_type=\"widget\" data-e-type=\"widget\" data-widget_type=\"heading.default\">\n\t\t\t\t\t<h2 class=\"elementor-heading-title elementor-size-default\">Livraison<\/h2>\t\t\t\t<\/div>\n\t\t\t\t<div class=\"elementor-element elementor-element-e12dc23 elementor-widget elementor-widget-text-editor\" data-id=\"e12dc23\" data-element_type=\"widget\" data-e-type=\"widget\" data-widget_type=\"text-editor.default\">\n\t\t\t\t\t\t\t\t\t<p>Nous mettons tout en \u0153uvre pour vous livrer votre commande dans les meilleurs d\u00e9lais. Les commandes sont g\u00e9n\u00e9ralement exp\u00e9di\u00e9es le jour m\u00eame. Cependant, cela n'est pas toujours possible, car certains produits ne sont pas toujours disponibles en stock, ce qui peut retarder la livraison de votre commande.  Si, pour une raison quelconque, nous ne pouvons respecter ce d\u00e9lai de livraison, nous vous en informerons bien s\u00fbr dans les plus brefs d\u00e9lais.<\/p><p>Les prix indiqu\u00e9s ne comprennent pas les frais d'exp\u00e9dition. Les frais d'exp\u00e9dition standard sont de 4,95 \u20ac.<\/p><p>La livraison s'effectue par facteur ou par colis \u00e0 partir de <b>PostNL<\/b>.\u00a0<\/p>\t\t\t\t\t\t\t\t<\/div>\n\t\t\t\t\t<\/div>\n\t\t<\/div>\n\t\t\t\t\t<\/div>\n\t\t<\/section>\n\t\t\t\t<section class=\"elementor-section elementor-top-section elementor-element elementor-element-d47d1fd elementor-section-boxed elementor-section-height-default elementor-section-height-default\" data-id=\"d47d1fd\" data-element_type=\"section\" data-e-type=\"section\">\n\t\t\t\t\t\t<div class=\"elementor-container elementor-column-gap-default\">\n\t\t\t\t\t<div class=\"elementor-column elementor-col-100 elementor-top-column elementor-element elementor-element-9db9352\" data-id=\"9db9352\" data-element_type=\"column\" data-e-type=\"column\">\n\t\t\t<div class=\"elementor-widget-wrap elementor-element-populated\">\n\t\t\t\t\t\t<div class=\"elementor-element elementor-element-46e6f61 elementor-widget elementor-widget-heading\" data-id=\"46e6f61\" data-element_type=\"widget\" data-e-type=\"widget\" data-widget_type=\"heading.default\">\n\t\t\t\t\t<h2 class=\"elementor-heading-title elementor-size-default\">POLITIQUE DE RETOUR<\/h2>\t\t\t\t<\/div>\n\t\t\t\t<div class=\"elementor-element elementor-element-98f3728 elementor-widget elementor-widget-text-editor\" data-id=\"98f3728\" data-element_type=\"widget\" data-e-type=\"widget\" data-widget_type=\"text-editor.default\">\n\t\t\t\t\t\t\t\t\t<p>Oh non, votre colis n'est pas \u00e0 votre go\u00fbt ? Cela peut arriver, bien s\u00fbr, mais les chances sont minces.<\/p>\t\t\t\t\t\t\t\t<\/div>\n\t\t\t\t\t<\/div>\n\t\t<\/div>\n\t\t\t\t\t<\/div>\n\t\t<\/section>\n\t\t\t\t<section class=\"elementor-section elementor-top-section elementor-element elementor-element-f07bcee elementor-section-boxed elementor-section-height-default elementor-section-height-default\" data-id=\"f07bcee\" data-element_type=\"section\" data-e-type=\"section\">\n\t\t\t\t\t\t<div class=\"elementor-container elementor-column-gap-default\">\n\t\t\t\t\t<div class=\"elementor-column elementor-col-50 elementor-top-column elementor-element elementor-element-9edcce7\" data-id=\"9edcce7\" data-element_type=\"column\" data-e-type=\"column\">\n\t\t\t<div class=\"elementor-widget-wrap elementor-element-populated\">\n\t\t\t\t\t\t<div class=\"elementor-element elementor-element-4975ffb elementor-widget elementor-widget-heading\" data-id=\"4975ffb\" data-element_type=\"widget\" data-e-type=\"widget\" data-widget_type=\"heading.default\">\n\t\t\t\t\t<h5 class=\"elementor-heading-title elementor-size-default\">Comment renvoyer mon colis ?<\/h5>\t\t\t\t<\/div>\n\t\t\t\t<div class=\"elementor-element elementor-element-f3f7504 elementor-widget elementor-widget-text-editor\" data-id=\"f3f7504\" data-element_type=\"widget\" data-e-type=\"widget\" data-widget_type=\"text-editor.default\">\n\t\t\t\t\t\t\t\t\t<p>Envoyer un courriel \u00e0 <span style=\"text-decoration: underline;\"><strong>info@pearlcandles.nl\u00a0<\/strong><\/span>avec votre num\u00e9ro de commande et les d\u00e9tails de votre commande. Si vous remplissez les conditions de retour, vous pouvez envoyer votre retour.<\/p><p>D\u00e8s que nous aurons re\u00e7u le colis et que tout sera en ordre, nous transf\u00e9rerons le montant restant et vous recevrez une facture de cr\u00e9dit. L'argent sera vers\u00e9 sur votre compte dans les 14 jours !<\/p>\t\t\t\t\t\t\t\t<\/div>\n\t\t\t\t\t<\/div>\n\t\t<\/div>\n\t\t\t\t<div class=\"elementor-column elementor-col-50 elementor-top-column elementor-element elementor-element-c7c1d77\" data-id=\"c7c1d77\" data-element_type=\"column\" data-e-type=\"column\">\n\t\t\t<div class=\"elementor-widget-wrap elementor-element-populated\">\n\t\t\t\t\t\t<div class=\"elementor-element elementor-element-a8521f8 elementor-widget elementor-widget-heading\" data-id=\"a8521f8\" data-element_type=\"widget\" data-e-type=\"widget\" data-widget_type=\"heading.default\">\n\t\t\t\t\t<h5 class=\"elementor-heading-title elementor-size-default\">termes<\/h5>\t\t\t\t<\/div>\n\t\t\t\t<div class=\"elementor-element elementor-element-5d2a71c elementor-widget elementor-widget-text-editor\" data-id=\"5d2a71c\" data-element_type=\"widget\" data-e-type=\"widget\" data-widget_type=\"text-editor.default\">\n\t\t\t\t\t\t\t\t\t<ul><li>Vous avez le droit d'annuler votre commande jusqu'\u00e0 14 jours apr\u00e8s sa r\u00e9ception sans donner de raison.<\/li><li>Vous disposez d'un d\u00e9lai suppl\u00e9mentaire de 14 jours pour renvoyer votre produit apr\u00e8s l'annulation.<\/li><li>Le montant total de la commande, y compris les frais d'exp\u00e9dition, vous sera alors cr\u00e9dit\u00e9. Seuls les frais de retour de votre domicile \u00e0 la boutique en ligne sont \u00e0 votre charge. Ces frais s'\u00e9l\u00e8vent \u00e0 environ 7,25 euros par colis. Pour conna\u00eetre les tarifs exacts, veuillez consulter le site web de votre transporteur.<\/li><li>Si vous exercez votre droit de r\u00e9tractation, le produit sera renvoy\u00e9 \u00e0 l'entrepreneur avec tous les accessoires livr\u00e9s et - si cela est raisonnablement possible - dans son \u00e9tat et son emballage d'origine.<\/li><li>Pour exercer ce droit, veuillez nous contacter \u00e0 l'adresse suivante : info@pearlcandles.nl.<\/li><li>Nous vous rembourserons alors le montant de la commande dans les 14 jours suivant la notification de votre retour, \u00e0 condition que le produit ait d\u00e9j\u00e0 \u00e9t\u00e9 re\u00e7u en bon \u00e9tat.<\/li><li>Si le produit est endommag\u00e9 ou si l'emballage est plus endommag\u00e9 que n\u00e9cessaire pour essayer le produit, nous pouvons vous faire b\u00e9n\u00e9ficier de cette d\u00e9pr\u00e9ciation du produit.<\/li><li>Il faut donc traiter le produit avec soin et s'assurer qu'il est correctement emball\u00e9 lorsqu'on le renvoie.<\/li><\/ul>\t\t\t\t\t\t\t\t<\/div>\n\t\t\t\t\t<\/div>\n\t\t<\/div>\n\t\t\t\t\t<\/div>\n\t\t<\/section>\n\t\t\t\t<\/div>","protected":false},"excerpt":{"rendered":"<p>Levering Wij doen zorgvuldig ons best de bestelling zo spoedig mogelijk bij u af te leveren. Bestellingen worden meestal dezelfde dag nog verzonden. Niet altijd lukt het ons echter om dit na te komen, soms zijn producten niet voorradig en dan kan de levering van uw bestelling iets langer duren.\u00a0 Mochten wij om wat voor [&hellip;]<\/p>\n","protected":false},"author":1,"featured_media":0,"parent":0,"menu_order":0,"comment_status":"closed","ping_status":"closed","template":"","meta":{"footnotes":""},"class_list":["post-64","page","type-page","status-publish","hentry"],"jetpack_sharing_enabled":true,"_links":{"self":[{"href":"https:\/\/pearlcandles.nl\/fr\/wp-json\/wp\/v2\/pages\/64","targetHints":{"allow":["GET"]}}],"collection":[{"href":"https:\/\/pearlcandles.nl\/fr\/wp-json\/wp\/v2\/pages"}],"about":[{"href":"https:\/\/pearlcandles.nl\/fr\/wp-json\/wp\/v2\/types\/page"}],"author":[{"embeddable":true,"href":"https:\/\/pearlcandles.nl\/fr\/wp-json\/wp\/v2\/users\/1"}],"replies":[{"embeddable":true,"href":"https:\/\/pearlcandles.nl\/fr\/wp-json\/wp\/v2\/comments?post=64"}],"version-history":[{"count":3,"href":"https:\/\/pearlcandles.nl\/fr\/wp-json\/wp\/v2\/pages\/64\/revisions"}],"predecessor-version":[{"id":14405,"href":"https:\/\/pearlcandles.nl\/fr\/wp-json\/wp\/v2\/pages\/64\/revisions\/14405"}],"wp:attachment":[{"href":"https:\/\/pearlcandles.nl\/fr\/wp-json\/wp\/v2\/media?parent=64"}],"curies":[{"name":"wp","href":"https:\/\/api.w.org\/{rel}","templated":true}]}}