{"id":7106,"date":"2023-12-23T16:58:49","date_gmt":"2023-12-23T15:58:49","guid":{"rendered":"https:\/\/pearlcandles.nl\/?page_id=7106"},"modified":"2025-12-13T14:07:38","modified_gmt":"2025-12-13T12:07:38","slug":"verkooppunten","status":"publish","type":"page","link":"https:\/\/pearlcandles.nl\/fr\/verkooppunten\/","title":{"rendered":"Points de vente"},"content":{"rendered":"<div data-elementor-type=\"wp-page\" data-elementor-id=\"7106\" class=\"elementor elementor-7106\" data-elementor-post-type=\"page\">\n\t\t\t\t\t\t<section class=\"elementor-section elementor-top-section elementor-element elementor-element-1a39d9f8 elementor-section-boxed elementor-section-height-default elementor-section-height-default\" data-id=\"1a39d9f8\" data-element_type=\"section\" data-e-type=\"section\" data-settings=\"{&quot;background_background&quot;:&quot;classic&quot;}\">\n\t\t\t\t\t\t<div class=\"elementor-container elementor-column-gap-default\">\n\t\t\t\t\t<div class=\"elementor-column elementor-col-100 elementor-top-column elementor-element elementor-element-677df7a2\" data-id=\"677df7a2\" data-element_type=\"column\" data-e-type=\"column\">\n\t\t\t<div class=\"elementor-widget-wrap elementor-element-populated\">\n\t\t\t\t\t\t<div class=\"elementor-element elementor-element-13f111f9 elementor-widget elementor-widget-spacer\" data-id=\"13f111f9\" data-element_type=\"widget\" data-e-type=\"widget\" data-widget_type=\"spacer.default\">\n\t\t\t\t\t\t\t<div class=\"elementor-spacer\">\n\t\t\t<div class=\"elementor-spacer-inner\"><\/div>\n\t\t<\/div>\n\t\t\t\t\t\t<\/div>\n\t\t\t\t<div class=\"elementor-element elementor-element-7cc706e8 blink1 e-transform elementor-view-default elementor-invisible elementor-widget elementor-widget-icon\" data-id=\"7cc706e8\" data-element_type=\"widget\" data-e-type=\"widget\" data-settings=\"{&quot;_transform_translateX_effect&quot;:{&quot;unit&quot;:&quot;px&quot;,&quot;size&quot;:183,&quot;sizes&quot;:[]},&quot;_transform_translateY_effect&quot;:{&quot;unit&quot;:&quot;px&quot;,&quot;size&quot;:37,&quot;sizes&quot;:[]},&quot;_animation&quot;:&quot;flash&quot;,&quot;_animation_mobile&quot;:&quot;flash&quot;,&quot;_transform_translateX_effect_mobile&quot;:{&quot;unit&quot;:&quot;px&quot;,&quot;size&quot;:73,&quot;sizes&quot;:[]},&quot;_transform_translateY_effect_mobile&quot;:{&quot;unit&quot;:&quot;px&quot;,&quot;size&quot;:0,&quot;sizes&quot;:[]},&quot;_animation_delay&quot;:300,&quot;_transform_translateX_effect_tablet&quot;:{&quot;unit&quot;:&quot;px&quot;,&quot;size&quot;:&quot;&quot;,&quot;sizes&quot;:[]},&quot;_transform_translateY_effect_tablet&quot;:{&quot;unit&quot;:&quot;px&quot;,&quot;size&quot;:&quot;&quot;,&quot;sizes&quot;:[]}}\" data-widget_type=\"icon.default\">\n\t\t\t\t\t\t\t<div class=\"elementor-icon-wrapper\">\n\t\t\t<div class=\"elementor-icon\">\n\t\t\t<svg xmlns=\"http:\/\/www.w3.org\/2000\/svg\" xmlns:xlink=\"http:\/\/www.w3.org\/1999\/xlink\" id=\"Laag_1\" x=\"0px\" y=\"0px\" viewbox=\"0 0 283.46 283.46\" style=\"enable-background:new 0 0 283.46 283.46;\" xml:space=\"preserve\"><g>\t<path d=\"M265.73,133.81c-18.06-6.09-33.24-12.02-45.13-17.62c-11.71-5.48-21.68-12.77-29.63-21.67   c-8.01-8.94-15.05-20.18-20.93-33.42c-5.98-13.36-12.06-30.69-18.14-51.78c-2.74-6.89-6.8-8.33-9.71-8.33   c-2.95,0-7.02,1.46-9.86,8.71c-5.13,20.74-10.75,38.04-16.7,51.4c-5.92,13.21-13.17,24.44-21.56,33.36   c-8.37,8.91-18.57,16.22-30.31,21.72c-11.91,5.61-27.11,11.54-45.14,17.62l-0.16,0.06c-3.54,1.44-8.24,3.81-8.24,7.86   c0,4.08,4.71,6.46,8.39,7.94c17.93,6.05,33.35,11.97,45.82,17.62c12.19,5.54,22.61,12.63,30.99,21.1   c8.36,8.46,15.59,19.46,21.51,32.66c5.92,13.31,11.09,31.44,15.41,54.03c1.17,4.77,4.65,7.4,9.86,7.4c5.15,0,8.64-2.62,9.81-7.31   c5.97-21.65,12.05-39.64,18.04-53.5c5.92-13.68,12.95-25.13,20.92-34.03c7.92-8.85,17.89-16.15,29.63-21.68   c11.97-5.61,27.12-11.09,45.28-16.35c3.54-1.43,8.25-3.8,8.25-7.87C274.13,137.71,269.44,135.31,265.73,133.81\"><\/path><\/g><\/svg>\t\t\t<\/div>\n\t\t<\/div>\n\t\t\t\t\t\t<\/div>\n\t\t\t\t<div class=\"elementor-element elementor-element-8a1d0b6 elementor-widget elementor-widget-image\" data-id=\"8a1d0b6\" data-element_type=\"widget\" data-e-type=\"widget\" data-widget_type=\"image.default\">\n\t\t\t\t\t\t\t\t\t\t\t\t\t\t\t<img fetchpriority=\"high\" decoding=\"async\" width=\"1500\" height=\"1500\" src=\"https:\/\/pearlcandles.nl\/wp-content\/uploads\/2024\/04\/PC_Heart-Eyes.png\" class=\"attachment-full size-full wp-image-8682\" alt=\"\" srcset=\"https:\/\/pearlcandles.nl\/wp-content\/uploads\/2024\/04\/PC_Heart-Eyes.png 1500w, https:\/\/pearlcandles.nl\/wp-content\/uploads\/2024\/04\/PC_Heart-Eyes-300x300.png 300w, https:\/\/pearlcandles.nl\/wp-content\/uploads\/2024\/04\/PC_Heart-Eyes-1024x1024.png 1024w, https:\/\/pearlcandles.nl\/wp-content\/uploads\/2024\/04\/PC_Heart-Eyes-150x150.png 150w, https:\/\/pearlcandles.nl\/wp-content\/uploads\/2024\/04\/PC_Heart-Eyes-768x768.png 768w, https:\/\/pearlcandles.nl\/wp-content\/uploads\/2024\/04\/PC_Heart-Eyes-600x600.png 600w, https:\/\/pearlcandles.nl\/wp-content\/uploads\/2024\/04\/PC_Heart-Eyes-100x100.png 100w\" sizes=\"(max-width: 1500px) 100vw, 1500px\" loading=\"eager\" \/>\t\t\t\t\t\t\t\t\t\t\t\t\t\t\t<\/div>\n\t\t\t\t<div class=\"elementor-element elementor-element-4e645876 elementor-widget elementor-widget-heading\" data-id=\"4e645876\" data-element_type=\"widget\" data-e-type=\"widget\" data-widget_type=\"heading.default\">\n\t\t\t\t\t<h2 class=\"elementor-heading-title elementor-size-default\">BOUGIES DE PERLE POINTS DE VENTE<\/h2>\t\t\t\t<\/div>\n\t\t\t\t<div class=\"elementor-element elementor-element-9bad750 elementor-widget elementor-widget-text-editor\" data-id=\"9bad750\" data-element_type=\"widget\" data-e-type=\"widget\" data-widget_type=\"text-editor.default\">\n\t\t\t\t\t\t\t\t\t<p>Vous pouvez d\u00e9sormais trouver nos bougies de perles et leurs accessoires dans plusieurs magasins, tant en ligne que dans les magasins physiques ! Nous vous en sommes \u00e9videmment tr\u00e8s reconnaissants. Si vous voulez admirer nos couleurs en direct, n'h\u00e9sitez pas \u00e0 v\u00e9rifier s'il y a d\u00e9j\u00e0 un point de vente pr\u00e8s de chez vous ! Vous pouvez \u00e9galement recommander nos produits \u00e0 votre magasin pr\u00e9f\u00e9r\u00e9 et, qui sait, peut-\u00eatre sera-t-il notre prochain point de vente !<\/p>\t\t\t\t\t\t\t\t<\/div>\n\t\t\t\t\t<\/div>\n\t\t<\/div>\n\t\t\t\t\t<\/div>\n\t\t<\/section>\n\t\t<div class=\"elementor-element elementor-element-f367d09 e-flex e-con-boxed e-con e-parent\" data-id=\"f367d09\" data-element_type=\"container\" data-e-type=\"container\" data-settings=\"{&quot;background_background&quot;:&quot;classic&quot;}\">\n\t\t\t\t\t<div class=\"e-con-inner\">\n\t\t\t\t<div class=\"elementor-element elementor-element-0c86f63 elementor-widget elementor-widget-spacer\" data-id=\"0c86f63\" data-element_type=\"widget\" data-e-type=\"widget\" data-widget_type=\"spacer.default\">\n\t\t\t\t\t\t\t<div class=\"elementor-spacer\">\n\t\t\t<div class=\"elementor-spacer-inner\"><\/div>\n\t\t<\/div>\n\t\t\t\t\t\t<\/div>\n\t\t\t\t<div class=\"elementor-element elementor-element-2e32b79 elementor-widget elementor-widget-heading\" data-id=\"2e32b79\" data-element_type=\"widget\" data-e-type=\"widget\" data-widget_type=\"heading.default\">\n\t\t\t\t\t<h2 class=\"elementor-heading-title elementor-size-default\">Pays-Bas<\/h2>\t\t\t\t<\/div>\n\t\t\t\t\t<\/div>\n\t\t\t\t<\/div>\n\t\t<div class=\"elementor-element elementor-element-f54acb8 e-flex e-con-boxed e-con e-parent\" data-id=\"f54acb8\" data-element_type=\"container\" data-e-type=\"container\" data-settings=\"{&quot;background_background&quot;:&quot;classic&quot;}\">\n\t\t\t\t\t<div class=\"e-con-inner\">\n\t\t<div class=\"elementor-element elementor-element-75102bb e-con-full e-flex e-con e-child\" data-id=\"75102bb\" data-element_type=\"container\" data-e-type=\"container\">\n\t\t\t\t<div class=\"elementor-element elementor-element-34a7d56 elementor-widget elementor-widget-heading\" data-id=\"34a7d56\" data-element_type=\"widget\" data-e-type=\"widget\" data-widget_type=\"heading.default\">\n\t\t\t\t\t<h2 class=\"elementor-heading-title elementor-size-default\"><a href=\"https:\/\/www.coupurevlieland.nl\/\" target=\"_blank\" rel=\"noopener\">Hollande Septentrionale<\/a><\/h2>\t\t\t\t<\/div>\n\t\t\t\t<div class=\"elementor-element elementor-element-0d8d1a9 elementor-widget elementor-widget-text-editor\" data-id=\"0d8d1a9\" data-element_type=\"widget\" data-e-type=\"widget\" data-widget_type=\"text-editor.default\">\n\t\t\t\t\t\t\t\t\t<p><a href=\"https:\/\/www.jo-kado.nl\/\" target=\"_blank\" rel=\"noopener\">Jokado, Huizen<\/a><br \/><a href=\"https:\/\/www.suntanfashion.com\/\" target=\"_blank\" rel=\"noopener\">Sun Tan Fashion, Ijmuiden<\/a><\/p>\t\t\t\t\t\t\t\t<\/div>\n\t\t\t\t<\/div>\n\t\t<div class=\"elementor-element elementor-element-d1380d2 e-con-full e-flex e-con e-child\" data-id=\"d1380d2\" data-element_type=\"container\" data-e-type=\"container\">\n\t\t\t\t<div class=\"elementor-element elementor-element-b27ce0a elementor-widget elementor-widget-heading\" data-id=\"b27ce0a\" data-element_type=\"widget\" data-e-type=\"widget\" data-widget_type=\"heading.default\">\n\t\t\t\t\t<h2 class=\"elementor-heading-title elementor-size-default\"><a href=\"https:\/\/www.coupurevlieland.nl\/\" target=\"_blank\" rel=\"noopener\">Hollande m\u00e9ridionale<\/a><\/h2>\t\t\t\t<\/div>\n\t\t\t\t<div class=\"elementor-element elementor-element-6341ce4 elementor-widget elementor-widget-text-editor\" data-id=\"6341ce4\" data-element_type=\"widget\" data-e-type=\"widget\" data-widget_type=\"text-editor.default\">\n\t\t\t\t\t\t\t\t\t<p><a href=\"https:\/\/bydaily.nl\/\" target=\"_blank\" rel=\"noopener\">Par Daily, Spijkenisse<\/a><br \/><a href=\"https:\/\/www.ghvloeren.nl\/\" target=\"_blank\" rel=\"noopener\">Groene Hart home furnishing, Bodegraven<\/a><br \/><a href=\"https:\/\/www.keetrotterdam.nl\/\" target=\"_blank\" rel=\"noopener\">Keet, Rotterdam<\/a><br \/><a href=\"https:\/\/klaarconceptstore.nl\/\" target=\"_blank\" rel=\"noopener\">Klaar Conceptstore, Oestgeest<\/a><br \/><a href=\"https:\/\/sunlounge.nl\/\" target=\"_blank\" rel=\"noopener\">Sunlounge, Rotterdam<\/a><br \/><a href=\"https:\/\/www.onssjoppie.nl\/\" target=\"_blank\" rel=\"noopener\">Ons Sjoppie, Alphen a\/d Rijn<\/a><\/p>\t\t\t\t\t\t\t\t<\/div>\n\t\t\t\t<\/div>\n\t\t<div class=\"elementor-element elementor-element-9b48192 e-con-full e-flex e-con e-child\" data-id=\"9b48192\" data-element_type=\"container\" data-e-type=\"container\">\n\t\t\t\t<div class=\"elementor-element elementor-element-ad9d320 elementor-widget elementor-widget-heading\" data-id=\"ad9d320\" data-element_type=\"widget\" data-e-type=\"widget\" data-widget_type=\"heading.default\">\n\t\t\t\t\t<h2 class=\"elementor-heading-title elementor-size-default\"><a href=\"https:\/\/www.coupurevlieland.nl\/\" target=\"_blank\" rel=\"noopener\">Utrecht<\/a><\/h2>\t\t\t\t<\/div>\n\t\t\t\t<div class=\"elementor-element elementor-element-d6ac85c elementor-widget elementor-widget-text-editor\" data-id=\"d6ac85c\" data-element_type=\"widget\" data-e-type=\"widget\" data-widget_type=\"text-editor.default\">\n\t\t\t\t\t\t\t\t\t<p><a href=\"https:\/\/kimshomeluxury.nl\/\" target=\"_blank\" rel=\"noopener\">Kim's Home Luxury, Zeist<\/a><br \/><a href=\"https:\/\/parfumerielaruelle.nl\/\" target=\"_blank\" rel=\"noopener\">Parfumerie La Ruelle, Utrecht<\/a><br \/>Magasin du monde De Bilt<\/p>\t\t\t\t\t\t\t\t<\/div>\n\t\t\t\t<\/div>\n\t\t<div class=\"elementor-element elementor-element-32f4e26 e-con-full e-flex e-con e-child\" data-id=\"32f4e26\" data-element_type=\"container\" data-e-type=\"container\">\n\t\t\t\t<div class=\"elementor-element elementor-element-9f5ddfb elementor-widget elementor-widget-heading\" data-id=\"9f5ddfb\" data-element_type=\"widget\" data-e-type=\"widget\" data-widget_type=\"heading.default\">\n\t\t\t\t\t<h2 class=\"elementor-heading-title elementor-size-default\"><a href=\"https:\/\/www.coupurevlieland.nl\/\" target=\"_blank\" rel=\"noopener\">Z\u00e9lande<\/a><\/h2>\t\t\t\t<\/div>\n\t\t\t\t<\/div>\n\t\t\t\t\t<\/div>\n\t\t\t\t<\/div>\n\t\t<div class=\"elementor-element elementor-element-1665ed5 e-flex e-con-boxed e-con e-parent\" data-id=\"1665ed5\" data-element_type=\"container\" data-e-type=\"container\" data-settings=\"{&quot;background_background&quot;:&quot;classic&quot;}\">\n\t\t\t\t\t<div class=\"e-con-inner\">\n\t\t<div class=\"elementor-element elementor-element-928038c e-con-full e-flex e-con e-child\" data-id=\"928038c\" data-element_type=\"container\" data-e-type=\"container\">\n\t\t\t\t<div class=\"elementor-element elementor-element-a309265 elementor-widget elementor-widget-heading\" data-id=\"a309265\" data-element_type=\"widget\" data-e-type=\"widget\" data-widget_type=\"heading.default\">\n\t\t\t\t\t<h2 class=\"elementor-heading-title elementor-size-default\"><a href=\"https:\/\/www.coupurevlieland.nl\/\" target=\"_blank\" rel=\"noopener\">Groningen\/friesland\/drenthe<\/a><\/h2>\t\t\t\t<\/div>\n\t\t\t\t<\/div>\n\t\t<div class=\"elementor-element elementor-element-56f434b e-con-full e-flex e-con e-child\" data-id=\"56f434b\" data-element_type=\"container\" data-e-type=\"container\">\n\t\t\t\t<div class=\"elementor-element elementor-element-37564d7 elementor-widget elementor-widget-heading\" data-id=\"37564d7\" data-element_type=\"widget\" data-e-type=\"widget\" data-widget_type=\"heading.default\">\n\t\t\t\t\t<h2 class=\"elementor-heading-title elementor-size-default\"><a href=\"https:\/\/www.coupurevlieland.nl\/\" target=\"_blank\" rel=\"noopener\">Gueldre<\/a><\/h2>\t\t\t\t<\/div>\n\t\t\t\t<div class=\"elementor-element elementor-element-38bbe2b elementor-widget elementor-widget-text-editor\" data-id=\"38bbe2b\" data-element_type=\"widget\" data-e-type=\"widget\" data-widget_type=\"text-editor.default\">\n\t\t\t\t\t\t\t\t\t<p><a href=\"https:\/\/www.sonflowerdesign.net\/\" target=\"_blank\" rel=\"noopener\">Son Flower Design, Zaltbommel<\/a><\/p>\t\t\t\t\t\t\t\t<\/div>\n\t\t\t\t<\/div>\n\t\t<div class=\"elementor-element elementor-element-feebdec e-con-full e-flex e-con e-child\" data-id=\"feebdec\" data-element_type=\"container\" data-e-type=\"container\">\n\t\t\t\t<div class=\"elementor-element elementor-element-5bcba3a elementor-widget elementor-widget-heading\" data-id=\"5bcba3a\" data-element_type=\"widget\" data-e-type=\"widget\" data-widget_type=\"heading.default\">\n\t\t\t\t\t<h2 class=\"elementor-heading-title elementor-size-default\"><a href=\"https:\/\/www.coupurevlieland.nl\/\" target=\"_blank\" rel=\"noopener\">flevoland<\/a><\/h2>\t\t\t\t<\/div>\n\t\t\t\t<\/div>\n\t\t<div class=\"elementor-element elementor-element-03c02dc e-con-full e-flex e-con e-child\" data-id=\"03c02dc\" data-element_type=\"container\" data-e-type=\"container\">\n\t\t\t\t<div class=\"elementor-element elementor-element-06b0623 elementor-widget elementor-widget-heading\" data-id=\"06b0623\" data-element_type=\"widget\" data-e-type=\"widget\" data-widget_type=\"heading.default\">\n\t\t\t\t\t<h2 class=\"elementor-heading-title elementor-size-default\"><a href=\"https:\/\/www.coupurevlieland.nl\/\" target=\"_blank\" rel=\"noopener\">Overijssel<\/a><\/h2>\t\t\t\t<\/div>\n\t\t\t\t<div class=\"elementor-element elementor-element-01347c3 elementor-widget elementor-widget-text-editor\" data-id=\"01347c3\" data-element_type=\"widget\" data-e-type=\"widget\" data-widget_type=\"text-editor.default\">\n\t\t\t\t\t\t\t\t\t<p><a href=\"https:\/\/studiodsigns.nl\/\" target=\"_blank\" rel=\"noopener\">Studio DSigns, Vroomshoop<\/a><\/p>\t\t\t\t\t\t\t\t<\/div>\n\t\t\t\t<\/div>\n\t\t\t\t\t<\/div>\n\t\t\t\t<\/div>\n\t\t<div class=\"elementor-element elementor-element-762a0a9 e-flex e-con-boxed e-con e-parent\" data-id=\"762a0a9\" data-element_type=\"container\" data-e-type=\"container\" data-settings=\"{&quot;background_background&quot;:&quot;classic&quot;}\">\n\t\t\t\t\t<div class=\"e-con-inner\">\n\t\t<div class=\"elementor-element elementor-element-cd387bc e-con-full e-flex e-con e-child\" data-id=\"cd387bc\" data-element_type=\"container\" data-e-type=\"container\">\n\t\t\t\t<div class=\"elementor-element elementor-element-9b7013c elementor-widget elementor-widget-heading\" data-id=\"9b7013c\" data-element_type=\"widget\" data-e-type=\"widget\" data-widget_type=\"heading.default\">\n\t\t\t\t\t<h2 class=\"elementor-heading-title elementor-size-default\"><a href=\"https:\/\/www.coupurevlieland.nl\/\" target=\"_blank\" rel=\"noopener\">Brabant septentrional<\/a><\/h2>\t\t\t\t<\/div>\n\t\t\t\t<div class=\"elementor-element elementor-element-2b998cf elementor-widget elementor-widget-text-editor\" data-id=\"2b998cf\" data-element_type=\"widget\" data-e-type=\"widget\" data-widget_type=\"text-editor.default\">\n\t\t\t\t\t\t\t\t\t<p><a href=\"http:\/\/monja-webshop.nl\" target=\"_blank\" rel=\"noopener\">Commerce de Monja, Asten<\/a><br \/><a href=\"https:\/\/www.plus.nl\/supermarkten\/best_plus-ton-henst_641\" target=\"_blank\" rel=\"noopener\">Plus Ton Henst, Best<\/a><br \/><a href=\"https:\/\/www.soesaloe.com\/\" target=\"_blank\" rel=\"noopener\">Soesaloe, Tilburg<\/a><\/p>\t\t\t\t\t\t\t\t<\/div>\n\t\t\t\t<\/div>\n\t\t<div class=\"elementor-element elementor-element-062d3ff e-con-full e-flex e-con e-child\" data-id=\"062d3ff\" data-element_type=\"container\" data-e-type=\"container\">\n\t\t\t\t<div class=\"elementor-element elementor-element-002d8ac elementor-widget elementor-widget-heading\" data-id=\"002d8ac\" data-element_type=\"widget\" data-e-type=\"widget\" data-widget_type=\"heading.default\">\n\t\t\t\t\t<h2 class=\"elementor-heading-title elementor-size-default\"><a href=\"https:\/\/www.coupurevlieland.nl\/\" target=\"_blank\" rel=\"noopener\">Limbourg<\/a><\/h2>\t\t\t\t<\/div>\n\t\t\t\t<\/div>\n\t\t<div class=\"elementor-element elementor-element-06899ad e-con-full e-flex e-con e-child\" data-id=\"06899ad\" data-element_type=\"container\" data-e-type=\"container\">\n\t\t\t\t<div class=\"elementor-element elementor-element-29fda75 elementor-widget elementor-widget-heading\" data-id=\"29fda75\" data-element_type=\"widget\" data-e-type=\"widget\" data-widget_type=\"heading.default\">\n\t\t\t\t\t<h2 class=\"elementor-heading-title elementor-size-default\"><a href=\"https:\/\/www.coupurevlieland.nl\/\" target=\"_blank\" rel=\"noopener\">\u00celes Wadden<\/a><\/h2>\t\t\t\t<\/div>\n\t\t\t\t<div class=\"elementor-element elementor-element-b58ba93 elementor-widget elementor-widget-text-editor\" data-id=\"b58ba93\" data-element_type=\"widget\" data-e-type=\"widget\" data-widget_type=\"text-editor.default\">\n\t\t\t\t\t\t\t\t\t<p><a href=\"https:\/\/www.coupurevlieland.nl\/\" target=\"_blank\" rel=\"noopener\">La Coupre, Vlieland<\/a><\/p>\t\t\t\t\t\t\t\t<\/div>\n\t\t\t\t<\/div>\n\t\t<div class=\"elementor-element elementor-element-0083c0e e-con-full e-flex e-con e-child\" data-id=\"0083c0e\" data-element_type=\"container\" data-e-type=\"container\">\n\t\t\t\t<div class=\"elementor-element elementor-element-e8e92b3 elementor-widget elementor-widget-heading\" data-id=\"e8e92b3\" data-element_type=\"widget\" data-e-type=\"widget\" data-widget_type=\"heading.default\">\n\t\t\t\t\t<h2 class=\"elementor-heading-title elementor-size-default\"><a href=\"https:\/\/www.coupurevlieland.nl\/\" target=\"_blank\" rel=\"noopener\">En ligne uniquement<\/a><\/h2>\t\t\t\t<\/div>\n\t\t\t\t<div class=\"elementor-element elementor-element-821b86d elementor-widget elementor-widget-text-editor\" data-id=\"821b86d\" data-element_type=\"widget\" data-e-type=\"widget\" data-widget_type=\"text-editor.default\">\n\t\t\t\t\t\t\t\t\t<p><a href=\"https:\/\/dylanna.nl\/\" target=\"_blank\" rel=\"noopener\">Dylanna.co.uk<\/a><br \/><a href=\"https:\/\/shakos.nl\/\" target=\"_blank\" rel=\"noopener\">Shakos.co.uk<\/a><br \/><a href=\"https:\/\/pearlcandles.nl\/fr\/\">Bougies en perles<\/a><\/p>\t\t\t\t\t\t\t\t<\/div>\n\t\t\t\t<\/div>\n\t\t\t\t\t<\/div>\n\t\t\t\t<\/div>\n\t\t<div class=\"elementor-element elementor-element-53619ae e-flex e-con-boxed e-con e-parent\" data-id=\"53619ae\" data-element_type=\"container\" data-e-type=\"container\" data-settings=\"{&quot;background_background&quot;:&quot;classic&quot;}\">\n\t\t\t\t\t<div class=\"e-con-inner\">\n\t\t\t\t<div class=\"elementor-element elementor-element-ad6a362 elementor-widget elementor-widget-spacer\" data-id=\"ad6a362\" data-element_type=\"widget\" data-e-type=\"widget\" data-widget_type=\"spacer.default\">\n\t\t\t\t\t\t\t<div class=\"elementor-spacer\">\n\t\t\t<div class=\"elementor-spacer-inner\"><\/div>\n\t\t<\/div>\n\t\t\t\t\t\t<\/div>\n\t\t\t\t<div class=\"elementor-element elementor-element-88305ee elementor-widget elementor-widget-heading\" data-id=\"88305ee\" data-element_type=\"widget\" data-e-type=\"widget\" data-widget_type=\"heading.default\">\n\t\t\t\t\t<h2 class=\"elementor-heading-title elementor-size-default\">Belgique<\/h2>\t\t\t\t<\/div>\n\t\t\t\t<div class=\"elementor-element elementor-element-7c2fd0c elementor-widget elementor-widget-spacer\" data-id=\"7c2fd0c\" data-element_type=\"widget\" data-e-type=\"widget\" data-widget_type=\"spacer.default\">\n\t\t\t\t\t\t\t<div class=\"elementor-spacer\">\n\t\t\t<div class=\"elementor-spacer-inner\"><\/div>\n\t\t<\/div>\n\t\t\t\t\t\t<\/div>\n\t\t\t\t<div class=\"elementor-element elementor-element-cea4d9d elementor-widget elementor-widget-spacer\" data-id=\"cea4d9d\" data-element_type=\"widget\" data-e-type=\"widget\" data-widget_type=\"spacer.default\">\n\t\t\t\t\t\t\t<div class=\"elementor-spacer\">\n\t\t\t<div class=\"elementor-spacer-inner\"><\/div>\n\t\t<\/div>\n\t\t\t\t\t\t<\/div>\n\t\t\t\t<div class=\"elementor-element elementor-element-de48d04 elementor-widget elementor-widget-text-editor\" data-id=\"de48d04\" data-element_type=\"widget\" data-e-type=\"widget\" data-widget_type=\"text-editor.default\">\n\t\t\t\t\t\t\t\t\t<p><a href=\"https:\/\/ideco.gift\/\" target=\"_blank\" rel=\"noopener\">I Deco, Aartselaar<\/a><br \/><a href=\"http:\/\/www.kjoetiez.be\" target=\"_blank\" rel=\"noopener\">Kjoetiez, Vorselaar<\/a><br \/><a href=\"https:\/\/www.klaverhand.be\/\" target=\"_blank\" rel=\"noopener\">Cloverhand, Hove<\/a><br \/><a href=\"https:\/\/www.kaarsenhuisje.be\/\" target=\"_blank\" rel=\"noopener\">Maisonnette \u00e0 bougies, Zammel<\/a><\/p>\t\t\t\t\t\t\t\t<\/div>\n\t\t\t\t\t<\/div>\n\t\t\t\t<\/div>\n\t\t<div class=\"elementor-element elementor-element-b5e10d4 e-flex e-con-boxed e-con e-parent\" data-id=\"b5e10d4\" data-element_type=\"container\" data-e-type=\"container\" data-settings=\"{&quot;background_background&quot;:&quot;classic&quot;}\">\n\t\t\t\t\t<div class=\"e-con-inner\">\n\t\t\t\t<div class=\"elementor-element elementor-element-eac484a elementor-widget elementor-widget-spacer\" data-id=\"eac484a\" data-element_type=\"widget\" data-e-type=\"widget\" data-widget_type=\"spacer.default\">\n\t\t\t\t\t\t\t<div class=\"elementor-spacer\">\n\t\t\t<div class=\"elementor-spacer-inner\"><\/div>\n\t\t<\/div>\n\t\t\t\t\t\t<\/div>\n\t\t\t\t<div class=\"elementor-element elementor-element-e3f774b elementor-widget elementor-widget-heading\" data-id=\"e3f774b\" data-element_type=\"widget\" data-e-type=\"widget\" data-widget_type=\"heading.default\">\n\t\t\t\t\t<h2 class=\"elementor-heading-title elementor-size-default\">SEREZ-VOUS NOTRE PROCHAIN POINT DE VENTE ?<\/h2>\t\t\t\t<\/div>\n\t\t\t\t<div class=\"elementor-element elementor-element-00d1437 elementor-widget elementor-widget-text-editor\" data-id=\"00d1437\" data-element_type=\"widget\" data-e-type=\"widget\" data-widget_type=\"text-editor.default\">\n\t\t\t\t\t\t\t\t\t<p>Souhaitez-vous \u00e9galement vendre des bougies de perles dans votre magasin ? Jetez alors un coup d'\u0153il \u00e0 notre <a href=\"https:\/\/pearlcandles.nl\/fr\/wholesale\/\">commerce de gros<\/a> pour demander un compte B2B. Nous les examinerons avec soin et nos produits pourraient bient\u00f4t se retrouver dans vos rayons !<\/p>\t\t\t\t\t\t\t\t<\/div>\n\t\t\t\t<div class=\"elementor-element elementor-element-704c773 elementor-widget elementor-widget-spacer\" data-id=\"704c773\" data-element_type=\"widget\" data-e-type=\"widget\" data-widget_type=\"spacer.default\">\n\t\t\t\t\t\t\t<div class=\"elementor-spacer\">\n\t\t\t<div class=\"elementor-spacer-inner\"><\/div>\n\t\t<\/div>\n\t\t\t\t\t\t<\/div>\n\t\t\t\t\t<\/div>\n\t\t\t\t<\/div>\n\t\t\t\t<\/div>","protected":false},"excerpt":{"rendered":"<p>PEARL CANDLES VERKOOPPUNTEN Inmiddels kun je onze Pearl Candles en accessoires in meerdere winkels terug vinden, zowel online als in fysieke shops! Daar zijn wij natuurlijk mega dankbaar voor. Wellicht wil jij onze kleurtjes eerst eens live bewonderen, kijk dan gerust eens of er al een verkooppunt bij jou in de buurt is! Of tip [&hellip;]<\/p>\n","protected":false},"author":4,"featured_media":0,"parent":0,"menu_order":0,"comment_status":"closed","ping_status":"closed","template":"","meta":{"footnotes":""},"class_list":["post-7106","page","type-page","status-publish","hentry"],"jetpack_sharing_enabled":true,"_links":{"self":[{"href":"https:\/\/pearlcandles.nl\/fr\/wp-json\/wp\/v2\/pages\/7106","targetHints":{"allow":["GET"]}}],"collection":[{"href":"https:\/\/pearlcandles.nl\/fr\/wp-json\/wp\/v2\/pages"}],"about":[{"href":"https:\/\/pearlcandles.nl\/fr\/wp-json\/wp\/v2\/types\/page"}],"author":[{"embeddable":true,"href":"https:\/\/pearlcandles.nl\/fr\/wp-json\/wp\/v2\/users\/4"}],"replies":[{"embeddable":true,"href":"https:\/\/pearlcandles.nl\/fr\/wp-json\/wp\/v2\/comments?post=7106"}],"version-history":[{"count":5,"href":"https:\/\/pearlcandles.nl\/fr\/wp-json\/wp\/v2\/pages\/7106\/revisions"}],"predecessor-version":[{"id":14448,"href":"https:\/\/pearlcandles.nl\/fr\/wp-json\/wp\/v2\/pages\/7106\/revisions\/14448"}],"wp:attachment":[{"href":"https:\/\/pearlcandles.nl\/fr\/wp-json\/wp\/v2\/media?parent=7106"}],"curies":[{"name":"wp","href":"https:\/\/api.w.org\/{rel}","templated":true}]}}