{"id":7197,"date":"2024-01-10T19:35:48","date_gmt":"2024-01-10T18:35:48","guid":{"rendered":"https:\/\/pearlcandles.nl\/?page_id=7197"},"modified":"2026-02-03T10:29:34","modified_gmt":"2026-02-03T08:29:34","slug":"duurzaamheid-pearl-candles","status":"publish","type":"page","link":"https:\/\/pearlcandles.nl\/fr\/duurzaamheid-pearl-candles\/","title":{"rendered":"DURABLE"},"content":{"rendered":"<div data-elementor-type=\"wp-page\" data-elementor-id=\"7197\" class=\"elementor elementor-7197\" data-elementor-post-type=\"page\">\n\t\t\t\t<div class=\"elementor-element elementor-element-e5dd0b6 e-flex e-con-boxed e-con e-parent\" data-id=\"e5dd0b6\" data-element_type=\"container\" data-e-type=\"container\">\n\t\t\t\t\t<div class=\"e-con-inner\">\n\t\t\t\t<div class=\"elementor-element elementor-element-54c4c6e elementor-widget elementor-widget-spacer\" data-id=\"54c4c6e\" data-element_type=\"widget\" data-e-type=\"widget\" data-widget_type=\"spacer.default\">\n\t\t\t\t\t\t\t<div class=\"elementor-spacer\">\n\t\t\t<div class=\"elementor-spacer-inner\"><\/div>\n\t\t<\/div>\n\t\t\t\t\t\t<\/div>\n\t\t\t\t\t<\/div>\n\t\t\t\t<\/div>\n\t\t<div class=\"elementor-element elementor-element-ba10513 e-flex e-con-boxed e-con e-parent\" data-id=\"ba10513\" data-element_type=\"container\" data-e-type=\"container\">\n\t\t\t\t\t<div class=\"e-con-inner\">\n\t\t<div class=\"elementor-element elementor-element-4108ee5 e-con-full e-flex e-con e-child\" data-id=\"4108ee5\" data-element_type=\"container\" data-e-type=\"container\">\n\t\t\t\t<div class=\"elementor-element elementor-element-7ef0cd1 elementor-widget elementor-widget-spacer\" data-id=\"7ef0cd1\" data-element_type=\"widget\" data-e-type=\"widget\" data-widget_type=\"spacer.default\">\n\t\t\t\t\t\t\t<div class=\"elementor-spacer\">\n\t\t\t<div class=\"elementor-spacer-inner\"><\/div>\n\t\t<\/div>\n\t\t\t\t\t\t<\/div>\n\t\t\t\t<div class=\"elementor-element elementor-element-58f7282 elementor-widget elementor-widget-image\" data-id=\"58f7282\" data-element_type=\"widget\" data-e-type=\"widget\" data-widget_type=\"image.default\">\n\t\t\t\t\t\t\t\t\t\t\t\t\t\t\t<img fetchpriority=\"high\" decoding=\"async\" width=\"1243\" height=\"1374\" src=\"https:\/\/pearlcandles.nl\/wp-content\/uploads\/2024\/04\/PC_Open-schelp.png\" class=\"attachment-full size-full wp-image-8716\" alt=\"\" srcset=\"https:\/\/pearlcandles.nl\/wp-content\/uploads\/2024\/04\/PC_Open-schelp.png 1243w, https:\/\/pearlcandles.nl\/wp-content\/uploads\/2024\/04\/PC_Open-schelp-271x300.png 271w, https:\/\/pearlcandles.nl\/wp-content\/uploads\/2024\/04\/PC_Open-schelp-926x1024.png 926w, https:\/\/pearlcandles.nl\/wp-content\/uploads\/2024\/04\/PC_Open-schelp-768x849.png 768w, https:\/\/pearlcandles.nl\/wp-content\/uploads\/2024\/04\/PC_Open-schelp-600x663.png 600w\" sizes=\"(max-width: 1243px) 100vw, 1243px\" loading=\"eager\" \/>\t\t\t\t\t\t\t\t\t\t\t\t\t\t\t<\/div>\n\t\t\t\t<div class=\"elementor-element elementor-element-7927afb elementor-widget elementor-widget-spacer\" data-id=\"7927afb\" data-element_type=\"widget\" data-e-type=\"widget\" data-widget_type=\"spacer.default\">\n\t\t\t\t\t\t\t<div class=\"elementor-spacer\">\n\t\t\t<div class=\"elementor-spacer-inner\"><\/div>\n\t\t<\/div>\n\t\t\t\t\t\t<\/div>\n\t\t\t\t<div class=\"elementor-element elementor-element-9855ad4 elementor-widget elementor-widget-text-editor\" data-id=\"9855ad4\" data-element_type=\"widget\" data-e-type=\"widget\" data-widget_type=\"text-editor.default\">\n\t\t\t\t\t\t\t\t\t<h1>Durabilit\u00e9 Pearl Candles<\/h1><p><strong>Durabilit\u00e9 Pearl Candles<\/strong> est au c\u0153ur de toutes nos activit\u00e9s. Du choix de nos mati\u00e8res premi\u00e8res \u00e0 la mani\u00e8re dont votre commande est emball\u00e9e et exp\u00e9di\u00e9e, nous sommes convaincus que ambiance et responsabilit\u00e9 peuvent parfaitement aller de pair. Avec notre sable pour bougies, nous avons d\u00e9lib\u00e9r\u00e9ment opt\u00e9 pour une alternative durable, r\u00e9utilisable, flexible et tourn\u00e9e vers l'avenir.<\/p><h2>Les choix durables derri\u00e8re Pearl Candles<\/h2><p>Chez Pearl Candles, nous ne faisons aucun compromis en mati\u00e8re de durabilit\u00e9. Nous choisissons d\u00e9lib\u00e9r\u00e9ment des mat\u00e9riaux, des processus et des partenaires qui contribuent \u00e0 r\u00e9duire notre impact \u00e9cologique. Ainsi, notre <strong>Pearl Candles s'implante en Europe<\/strong> et nous travaillons exclusivement avec des mati\u00e8res premi\u00e8res certifi\u00e9es <strong>label de durabilit\u00e9 le plus \u00e9lev\u00e9 possible<\/strong>. Pas de production de masse ni d'importations douteuses en provenance de Chine, mais une qualit\u00e9 contr\u00f4l\u00e9e et une origine responsable.<\/p><p>En produisant en Europe, nous limitons non seulement les distances de transport, mais nous gardons \u00e9galement le contr\u00f4le sur la production, les conditions de travail et la qualit\u00e9. <strong>Durabilit\u00e9 Pearl Candles<\/strong> signifie pour nous : savoir d'o\u00f9 vient votre produit et ce que vous choisissez.<\/p><h2>Pourquoi le sable pour bougies est un choix durable<\/h2><p>Le sable \u00e0 bougie se distingue par sa r\u00e9utilisabilit\u00e9. Contrairement aux bougies classiques, qui sont souvent jet\u00e9es apr\u00e8s une seule utilisation, le sable \u00e0 bougie peut \u00eatre r\u00e9utilis\u00e9 \u00e0 l'infini. Il suffit de remplacer la m\u00e8che et de r\u00e9utiliser le m\u00eame sable, sans perte de qualit\u00e9.<\/p><p>De plus, vous d\u00e9terminez vous-m\u00eame la quantit\u00e9 de sable dont vous avez besoin. Vous n'utilisez ainsi jamais plus que n\u00e9cessaire et \u00e9vitez le gaspillage. Cette flexibilit\u00e9 rend le sable non seulement pratique, mais aussi un choix conscient pour ceux qui accordent de l'importance \u00e0 la durabilit\u00e9.<\/p><h2>Bougies Pearl ZERO WASTE<\/h2><p>Une partie importante de <strong>durabilit\u00e9 Pearl Candles<\/strong> est notre <strong>ZERO WASTE Variante Pearl Candles<\/strong>. Lors de la coloration des perles, de la pr\u00e9paration des salons ou des productions, il arrive parfois qu'il reste de petites quantit\u00e9s de perles. Au lieu de les jeter, nous en faisons un m\u00e9lange unique.<\/p><p>Cette variante ZERO WASTE se compose de cendres de bougies parfaitement utilisables qui ne diff\u00e8rent esth\u00e9tiquement que par leurs couleurs m\u00e9lang\u00e9es. La qualit\u00e9, la dur\u00e9e de combustion et la s\u00e9curit\u00e9 restent exactement les m\u00eames. Ainsi, chaque produit r\u00e9siduel b\u00e9n\u00e9ficie d'une seconde vie et nous r\u00e9duisons les d\u00e9chets au minimum.<\/p><p><a href=\"https:\/\/pearlcandles.nl\/fr\/produit\/zero-waste-pearl-candles\/\">D\u00e9couvrez ici notre variante z\u00e9ro d\u00e9chet des bougies Pearl Candles.<\/a><\/p>\t\t\t\t\t\t\t\t<\/div>\n\t\t\t\t<div class=\"elementor-element elementor-element-8a8e1bf elementor-widget elementor-widget-image\" data-id=\"8a8e1bf\" data-element_type=\"widget\" data-e-type=\"widget\" data-widget_type=\"image.default\">\n\t\t\t\t\t\t\t\t\t\t\t\t\t\t\t<img decoding=\"async\" width=\"300\" height=\"300\" src=\"https:\/\/pearlcandles.nl\/wp-content\/uploads\/2024\/01\/PC_Zero-Waste_500gr-300x300.jpg\" class=\"attachment-woocommerce_thumbnail size-woocommerce_thumbnail wp-image-9438\" alt=\"Verpakking van de Zero Waste kaarsenzand variant van Pearl Candles, een bewuste keuze binnen de duurzaamheid Pearl Candles visie.\" srcset=\"https:\/\/pearlcandles.nl\/wp-content\/uploads\/2024\/01\/PC_Zero-Waste_500gr-300x300.jpg 300w, https:\/\/pearlcandles.nl\/wp-content\/uploads\/2024\/01\/PC_Zero-Waste_500gr-1024x1024.jpg 1024w, https:\/\/pearlcandles.nl\/wp-content\/uploads\/2024\/01\/PC_Zero-Waste_500gr-150x150.jpg 150w, https:\/\/pearlcandles.nl\/wp-content\/uploads\/2024\/01\/PC_Zero-Waste_500gr-768x768.jpg 768w, https:\/\/pearlcandles.nl\/wp-content\/uploads\/2024\/01\/PC_Zero-Waste_500gr-1536x1536.jpg 1536w, https:\/\/pearlcandles.nl\/wp-content\/uploads\/2024\/01\/PC_Zero-Waste_500gr-2048x2048.jpg 2048w, https:\/\/pearlcandles.nl\/wp-content\/uploads\/2024\/01\/PC_Zero-Waste_500gr-600x600.jpg 600w, https:\/\/pearlcandles.nl\/wp-content\/uploads\/2024\/01\/PC_Zero-Waste_500gr-100x100.jpg 100w\" sizes=\"(max-width: 300px) 100vw, 300px\" loading=\"eager\" \/>\t\t\t\t\t\t\t\t\t\t\t\t\t\t\t<\/div>\n\t\t\t\t<div class=\"elementor-element elementor-element-d879519 elementor-widget elementor-widget-text-editor\" data-id=\"d879519\" data-element_type=\"widget\" data-e-type=\"widget\" data-widget_type=\"text-editor.default\">\n\t\t\t\t\t\t\t\t\t<h2>Emballages et exp\u00e9ditions durables<\/h2><p>Nous faisons \u00e9galement des choix conscients en mati\u00e8re d'emballage. <strong>Presque tous nos emballages sont fabriqu\u00e9s \u00e0 partir de mat\u00e9riaux recycl\u00e9s.<\/strong>. Nous nous effor\u00e7ons d'\u00e9viter autant que possible les nouvelles mati\u00e8res premi\u00e8res et de travailler avec des mat\u00e9riaux existants.<\/p><p>De plus, nous r\u00e9utilisons les mat\u00e9riaux d'emballage dans la mesure du possible. Il est donc possible que vous receviez votre commande dans un <strong>bo\u00eete d\u00e9j\u00e0 utilis\u00e9e<\/strong>. Il s'agit d'un choix d\u00e9lib\u00e9r\u00e9 visant \u00e0 \u00e9viter tout gaspillage inutile. Bien entendu, nous veillons toujours \u00e0 ce que votre commande soit livr\u00e9e en toute s\u00e9curit\u00e9, correctement et proprement.<\/p><p><strong>Durabilit\u00e9 Pearl Candles<\/strong> n'est pas dans des bo\u00eetes parfaites, mais dans des choix r\u00e9fl\u00e9chis.<\/p><h2>La durabilit\u00e9 pour un usage domestique<\/h2><p>Pour un usage domestique, le sable \u00e0 bougies offre une alternative durable et s\u00fbre aux bougies traditionnelles. Vous pouvez le combiner avec des supports, des verres ou des coupes que vous avez d\u00e9j\u00e0 chez vous. Vous n'avez donc pas besoin d'acheter de nouveaux accessoires et vous prolongez la dur\u00e9e de vie de ce que vous poss\u00e9dez d\u00e9j\u00e0.<\/p><p>Vous adaptez facilement la quantit\u00e9, la forme et le style au moment pr\u00e9sent, sans avoir \u00e0 acheter sans cesse de nouveaux produits. Cela rend <strong>durabilit\u00e9 Pearl Candles<\/strong> tangible dans la vie quotidienne.<\/p><h2>Durabilit\u00e9 pour les mariages et les \u00e9v\u00e9nements<\/h2><p>La durabilit\u00e9 joue \u00e9galement un r\u00f4le de plus en plus important pour les organisateurs de mariages et d'\u00e9v\u00e9nements. Les grands \u00e9v\u00e9nements g\u00e9n\u00e8rent souvent beaucoup de d\u00e9chets, notamment en mati\u00e8re de d\u00e9coration et de bougies. Gr\u00e2ce \u00e0 nos emballages en vrac et \u00e0 nos applications r\u00e9utilisables, les organisateurs peuvent utiliser les m\u00eames mat\u00e9riaux plusieurs fois.<\/p><p>Cela r\u00e9duit non seulement l'empreinte \u00e9cologique, mais aussi les co\u00fbts \u00e0 long terme. Pearl Candles devient ainsi un choix durable et pratique dans le domaine du stylisme professionnel.<\/p><h2>Transparence et vision d'avenir<\/h2><p>Nous pensons que la durabilit\u00e9 commence par la transparence. Nous communiquons ouvertement sur nos choix, nos processus et nos points \u00e0 am\u00e9liorer. <strong>Durabilit\u00e9 Pearl Candles<\/strong> Ce n'est pas une tendance ou un terme marketing, mais une m\u00e9thode de travail que nous continuons \u00e0 perfectionner.<\/p><p>\u00c0 l'avenir, nous continuerons \u00e0 miser sur la r\u00e9utilisation, l'innovation et la production responsable. Notre objectif est de d\u00e9velopper davantage le sable \u00e0 bougies comme alternative durable aux bougies classiques, tant pour un usage domestique que professionnel.<\/p>\t\t\t\t\t\t\t\t<\/div>\n\t\t\t\t<\/div>\n\t\t<div class=\"elementor-element elementor-element-34ad5d0 e-con-full e-flex e-con e-child\" data-id=\"34ad5d0\" data-element_type=\"container\" data-e-type=\"container\">\n\t\t\t\t<div class=\"elementor-element elementor-element-8fcc713 elementor-widget elementor-widget-image\" data-id=\"8fcc713\" data-element_type=\"widget\" data-e-type=\"widget\" data-widget_type=\"image.default\">\n\t\t\t\t\t\t\t\t\t\t\t\t\t\t\t<img decoding=\"async\" width=\"750\" height=\"1019\" src=\"https:\/\/pearlcandles.nl\/wp-content\/uploads\/2024\/01\/IMG_0901.jpg\" class=\"attachment-full size-full wp-image-7199\" alt=\"\" srcset=\"https:\/\/pearlcandles.nl\/wp-content\/uploads\/2024\/01\/IMG_0901.jpg 750w, https:\/\/pearlcandles.nl\/wp-content\/uploads\/2024\/01\/IMG_0901-221x300.jpg 221w, https:\/\/pearlcandles.nl\/wp-content\/uploads\/2024\/01\/IMG_0901-600x815.jpg 600w\" sizes=\"(max-width: 750px) 100vw, 750px\" loading=\"eager\" \/>\t\t\t\t\t\t\t\t\t\t\t\t\t\t\t<\/div>\n\t\t\t\t<\/div>\n\t\t\t\t\t<\/div>\n\t\t\t\t<\/div>\n\t\t\t\t<\/div>","protected":false},"excerpt":{"rendered":"<p>Duurzaamheid Pearl Candles Duurzaamheid Pearl Candles staat centraal in alles wat wij doen. Van de keuze van onze grondstoffen tot de manier waarop jouw bestelling wordt verpakt en verzonden: wij geloven dat sfeer en verantwoordelijkheid perfect hand in hand kunnen gaan. Met ons kaarsenzand kiezen we bewust voor een duurzaam alternatief dat herbruikbaar, flexibel en [&hellip;]<\/p>\n","protected":false},"author":4,"featured_media":0,"parent":0,"menu_order":0,"comment_status":"closed","ping_status":"closed","template":"","meta":{"footnotes":""},"class_list":["post-7197","page","type-page","status-publish","hentry"],"jetpack_sharing_enabled":true,"_links":{"self":[{"href":"https:\/\/pearlcandles.nl\/fr\/wp-json\/wp\/v2\/pages\/7197","targetHints":{"allow":["GET"]}}],"collection":[{"href":"https:\/\/pearlcandles.nl\/fr\/wp-json\/wp\/v2\/pages"}],"about":[{"href":"https:\/\/pearlcandles.nl\/fr\/wp-json\/wp\/v2\/types\/page"}],"author":[{"embeddable":true,"href":"https:\/\/pearlcandles.nl\/fr\/wp-json\/wp\/v2\/users\/4"}],"replies":[{"embeddable":true,"href":"https:\/\/pearlcandles.nl\/fr\/wp-json\/wp\/v2\/comments?post=7197"}],"version-history":[{"count":8,"href":"https:\/\/pearlcandles.nl\/fr\/wp-json\/wp\/v2\/pages\/7197\/revisions"}],"predecessor-version":[{"id":14800,"href":"https:\/\/pearlcandles.nl\/fr\/wp-json\/wp\/v2\/pages\/7197\/revisions\/14800"}],"wp:attachment":[{"href":"https:\/\/pearlcandles.nl\/fr\/wp-json\/wp\/v2\/media?parent=7197"}],"curies":[{"name":"wp","href":"https:\/\/api.w.org\/{rel}","templated":true}]}}