{"id":9750,"date":"2024-09-09T13:15:48","date_gmt":"2024-09-09T12:15:48","guid":{"rendered":"https:\/\/pearlcandles.nl\/?page_id=9750"},"modified":"2025-12-13T12:41:38","modified_gmt":"2025-12-13T10:41:38","slug":"garantie-en-klachten-pearl-candles","status":"publish","type":"page","link":"https:\/\/pearlcandles.nl\/fr\/garantie-en-klachten-pearl-candles\/","title":{"rendered":"Garantie et r\u00e9clamations"},"content":{"rendered":"<div data-elementor-type=\"wp-page\" data-elementor-id=\"9750\" class=\"elementor elementor-9750\" data-elementor-post-type=\"page\">\n\t\t\t\t<div class=\"elementor-element elementor-element-ec42785 e-flex e-con-boxed e-con e-parent\" data-id=\"ec42785\" data-element_type=\"container\" data-e-type=\"container\">\n\t\t\t\t\t<div class=\"e-con-inner\">\n\t\t\t\t<div class=\"elementor-element elementor-element-716d4fb elementor-widget elementor-widget-spacer\" data-id=\"716d4fb\" data-element_type=\"widget\" data-e-type=\"widget\" data-widget_type=\"spacer.default\">\n\t\t\t\t\t\t\t<div class=\"elementor-spacer\">\n\t\t\t<div class=\"elementor-spacer-inner\"><\/div>\n\t\t<\/div>\n\t\t\t\t\t\t<\/div>\n\t\t\t\t<div class=\"elementor-element elementor-element-8cad29c elementor-widget elementor-widget-heading\" data-id=\"8cad29c\" data-element_type=\"widget\" data-e-type=\"widget\" data-widget_type=\"heading.default\">\n\t\t\t\t\t<h1 class=\"elementor-heading-title elementor-size-default\">Garantie et r\u00e9clamations<\/h1>\t\t\t\t<\/div>\n\t\t\t\t<div class=\"elementor-element elementor-element-af6aee5 elementor-widget elementor-widget-text-editor\" data-id=\"af6aee5\" data-element_type=\"widget\" data-e-type=\"widget\" data-widget_type=\"text-editor.default\">\n\t\t\t\t\t\t\t\t\t<p><strong>Garantie et r\u00e9clamations Pearl Candles<\/strong> font partie int\u00e9grante de notre service et de notre fa\u00e7on de travailler. Chez Pearl Candles, nous pensons que la confiance, la transparence et un suivi ad\u00e9quat sont tout aussi importants que l'ambiance et la qualit\u00e9. C'est pourquoi nous expliquons clairement sur cette page comment fonctionne notre garantie, comment les r\u00e9clamations sont trait\u00e9es et quelles mesures vous pouvez prendre si vous n'\u00eates pas satisfait.<\/p>\n\n<h2>Notre garantie chez Pearl Candles<\/h2>\n<p>Chez Pearl Candles, nous garantissons pleinement la qualit\u00e9 de notre sable \u00e0 bougies et de nos accessoires. Chaque produit est compos\u00e9, contr\u00f4l\u00e9 et emball\u00e9 avec soin avant de quitter notre entrep\u00f4t. Cependant, dans des cas exceptionnels, il peut arriver que quelque chose se passe mal pendant le transport ou la production. Dans ce cas, vous pouvez compter sur notre garantie.<\/p>\n\n<p>La garantie et la proc\u00e9dure de r\u00e9clamation Pearl Candles s'appliquent notamment aux \u00e9l\u00e9ments suivants :<\/p>\n<ul>\n  <li>Produits livr\u00e9s endommag\u00e9s<\/li>\n  <li>Une livraison erron\u00e9e ou incompl\u00e8te<\/li>\n  <li>D\u00e9fauts de fabrication du produit<\/li>\n<\/ul>\n\n<p>Si vous constatez un probl\u00e8me, nous vous demandons de nous contacter d\u00e8s que possible. Plus vite nous en serons inform\u00e9s, plus vite nous pourrons trouver ensemble une solution efficace.<\/p>\n\n<h2>Traitement des r\u00e9clamations chez Pearl Candles<\/h2>\n<p>Vous avez une r\u00e9clamation \u00e0 formuler concernant un produit, une livraison ou une communication ? Vous pouvez compter sur un suivi rapide et personnalis\u00e9. <strong>Garantie et r\u00e9clamations Pearl Candles<\/strong> ne sont jamais consid\u00e9r\u00e9s comme un fardeau, mais comme une occasion d'am\u00e9liorer encore notre service.<\/p>\n\n<p>Notre proc\u00e9dure de r\u00e9clamation est transparente et claire :<\/p>\n<ol>\n  <li>Contactez-nous via la page de contact.<\/li>\n  <li>Indiquez clairement votre num\u00e9ro de commande et une description du probl\u00e8me.<\/li>\n  <li>Si n\u00e9cessaire, ajoutez des photos pour plus de clart\u00e9.<\/li>\n<\/ol>\n\n<p>Nous nous effor\u00e7ons de traiter chaque plainte dans un d\u00e9lai de <strong>48 heures<\/strong> r\u00e9pondre au fond. Dans de nombreux cas, nous pouvons imm\u00e9diatement proposer une solution appropri\u00e9e, telle qu'un remplacement, un remboursement ou un arrangement alternatif.<\/p>\n\n<h2>Pourquoi la transparence est-elle importante ?<\/h2>\n<p>Une approche claire en mati\u00e8re de garantie et de r\u00e9clamations inspire confiance. Chez Pearl Candles, nous voulons que nos clients puissent passer commande en toute tranquillit\u00e9 et sachent exactement \u00e0 quoi s'attendre. En communiquant clairement sur notre fa\u00e7on de travailler, nous \u00e9vitons les malentendus et \u00e9tablissons des relations durables avec nos clients.<\/p>\n\n<p>La page garantie et r\u00e9clamations Pearl Candles a donc pour but d'apporter une totale transparence, tant avant qu'apr\u00e8s l'achat. Si vous avez des questions ou des doutes, n'h\u00e9sitez pas \u00e0 nous contacter.<\/p>\n\n<h2>Nous contacter<\/h2>\n<p>Vous avez des questions concernant la garantie et les r\u00e9clamations Pearl Candles, votre commande ou nos produits ? N'h\u00e9sitez pas \u00e0 nous contacter. Nous serons ravis de vous aider et de vous garantir un traitement correct, honn\u00eate et transparent.<\/p>\n\n<h2>M\u00e9diation des litiges via WebwinkelKeur<\/h2>\n<p>Quand <strong>le client et Pearl Candles ne parviennent pas \u00e0 trouver un accord en cas de r\u00e9clamation<\/strong>, il est possible de signaler le litige \u00e0 <strong>WebwinkelKeur<\/strong>. Dans ce cas, WebwinkelKeur agira en tant que <strong>m\u00e9diateur ind\u00e9pendant<\/strong> entre les deux parties, dans le but de parvenir \u00e0 une solution appropri\u00e9e.<\/p>\n\n<p>\n  Tout litige peut \u00eatre facilement soumis via la base de connaissances officielle de WebwinkelKeur destin\u00e9e aux consommateurs :\n  <a class=\"decorated-link\" href=\"https:\/\/www.webwinkelkeur.nl\/kennisbank\/consumenten\/geschil\" target=\"_blank\" rel=\"noopener\">\n    https:\/\/www.webwinkelkeur.nl\/kennisbank\/consumenten\/geschil\n  <\/a>\n<\/p>\n\n<p>Nous vous recommandons de toujours nous contacter directement en premier lieu. Dans la plupart des cas, nous pouvons trouver ensemble une solution. Si cela s'av\u00e8re impossible, WebwinkelKeur vous propose une \u00e9tape suivante fiable et transparente.<\/p>\n\t\t\t\t\t\t\t\t<\/div>\n\t\t\t\t\t<\/div>\n\t\t\t\t<\/div>\n\t\t\t\t<\/div>","protected":false},"excerpt":{"rendered":"<p>Garantie &amp; klachten Garantie Wij geven om onze producten en doen logischerwijze ons best om deze in topconditie aan u te leveren. Toch komt het wel eens voor dat er een bestelling kapot gaat tijdens transport of dat er iets anders gebeurt waardoor u aanspraak kunt maken op garantie. Op grond van het Europese recht [&hellip;]<\/p>\n","protected":false},"author":4,"featured_media":0,"parent":0,"menu_order":0,"comment_status":"closed","ping_status":"closed","template":"","meta":{"footnotes":""},"class_list":["post-9750","page","type-page","status-publish","hentry"],"jetpack_sharing_enabled":true,"_links":{"self":[{"href":"https:\/\/pearlcandles.nl\/fr\/wp-json\/wp\/v2\/pages\/9750","targetHints":{"allow":["GET"]}}],"collection":[{"href":"https:\/\/pearlcandles.nl\/fr\/wp-json\/wp\/v2\/pages"}],"about":[{"href":"https:\/\/pearlcandles.nl\/fr\/wp-json\/wp\/v2\/types\/page"}],"author":[{"embeddable":true,"href":"https:\/\/pearlcandles.nl\/fr\/wp-json\/wp\/v2\/users\/4"}],"replies":[{"embeddable":true,"href":"https:\/\/pearlcandles.nl\/fr\/wp-json\/wp\/v2\/comments?post=9750"}],"version-history":[{"count":5,"href":"https:\/\/pearlcandles.nl\/fr\/wp-json\/wp\/v2\/pages\/9750\/revisions"}],"predecessor-version":[{"id":14420,"href":"https:\/\/pearlcandles.nl\/fr\/wp-json\/wp\/v2\/pages\/9750\/revisions\/14420"}],"wp:attachment":[{"href":"https:\/\/pearlcandles.nl\/fr\/wp-json\/wp\/v2\/media?parent=9750"}],"curies":[{"name":"wp","href":"https:\/\/api.w.org\/{rel}","templated":true}]}}