{"id":10737,"date":"2025-10-14T16:10:05","date_gmt":"2025-10-14T14:10:05","guid":{"rendered":"https:\/\/pearlcandles.nl\/?post_type=product&#038;p=10737"},"modified":"2026-03-26T10:39:53","modified_gmt":"2026-03-26T08:39:53","slug":"the-cosy-starter-set","status":"publish","type":"product","link":"https:\/\/pearlcandles.nl\/fr\/produit\/the-cosy-starter-set\/","title":{"rendered":"L'ensemble de d\u00e9part Cosy"},"content":{"rendered":"","protected":false},"excerpt":{"rendered":"<h2>Description<\/h2>\n<p><strong><span style=\"font-size: 16px;\">Votre premi\u00e8re \u00e9tape pour <\/span><em style=\"font-size: 16px;\">des bougies qui changent la vie<\/em><span style=\"font-size: 16px;\"> - s\u00fbr, durable et merveilleusement parfum\u00e9.<\/span><\/strong><\/p>\n<article class=\"product\">\n<section>Laissez-vous s\u00e9duire par <strong>L'ensemble de d\u00e9part Cosy<\/strong> de <strong>Bougies en perles<\/strong> - le moyen id\u00e9al d'am\u00e9liorer notre<br \/>\n<strong>durable<\/strong> et <strong>bougies naturelles<\/strong> d\u00e9couvrir. Gr\u00e2ce \u00e0 l'innovation<br \/>\n<strong>sable de bougie<\/strong> que vous appr\u00e9ciez encore et encore <strong>la s\u00e9curit\u00e9 de la lumi\u00e8re des bougies<\/strong> sans suie. Il suffit de remplacer la m\u00e8che<br \/>\net votre bougie br\u00fble \u00e0 nouveau comme si elle \u00e9tait neuve : <strong>r\u00e9utilisable<\/strong>, <strong>\u00e9cologique<\/strong> et<br \/>\n<strong>\u00e9conomiquement avantageux<\/strong>Cette \u00e9l\u00e9gante <strong>bo\u00eete cadeau<\/strong> est id\u00e9al pour se faire plaisir ou surprendre quelqu'un. Parfait pour<br \/>\nanniversaire, pendaison de cr\u00e9maill\u00e8re ou tout simplement... parce que vous le m\u00e9ritez. \u2728<\/section>\n<section aria-labelledby=\"inhoud\">\n<h2 id=\"inhoud\">Dans la bo\u00eete<\/h2>\n<ul>\n<li><strong>250g de sable de bougie<\/strong> dans votre couleur pr\u00e9f\u00e9r\u00e9e<\/li>\n<li><strong>Porte-verre<\/strong> - pr\u00eat \u00e0 br\u00fbler imm\u00e9diatement<\/li>\n<\/ul>\n<\/section>\n<section aria-labelledby=\"waarom\">\n<h2 id=\"waarom\">Pourquoi vous le voulez ?<\/h2>\n<ul>\n<li><strong>S\u00fbr et propre<\/strong> br\u00fblant - moins de suie et facile \u00e0 doser<\/li>\n<li><strong>R\u00e9utilisable<\/strong> concept - remplacer la m\u00e8che et br\u00fbler \u00e0 nouveau<\/li>\n<li><strong>Choix durable<\/strong> - Plus de plaisir, moins de d\u00e9chets<\/li>\n<li><strong>Ambiance chaleureuse + parfum naturel<\/strong> dans un ensemble \u00e9l\u00e9gant<\/li>\n<\/ul>\n<\/section>\n<\/article>","protected":false},"featured_media":14529,"template":"","meta":[],"product_brand":[],"product_cat":[89],"product_tag":[],"class_list":{"0":"post-10737","1":"product","2":"type-product","3":"status-publish","4":"has-post-thumbnail","6":"product_cat-pearl-candles-giftboxen","8":"first","9":"instock","10":"sale","11":"taxable","12":"shipping-taxable","13":"purchasable","14":"product-type-variable"},"jetpack_sharing_enabled":true,"_links":{"self":[{"href":"https:\/\/pearlcandles.nl\/fr\/wp-json\/wp\/v2\/product\/10737","targetHints":{"allow":["GET"]}}],"collection":[{"href":"https:\/\/pearlcandles.nl\/fr\/wp-json\/wp\/v2\/product"}],"about":[{"href":"https:\/\/pearlcandles.nl\/fr\/wp-json\/wp\/v2\/types\/product"}],"wp:featuredmedia":[{"embeddable":true,"href":"https:\/\/pearlcandles.nl\/fr\/wp-json\/wp\/v2\/media\/14529"}],"wp:attachment":[{"href":"https:\/\/pearlcandles.nl\/fr\/wp-json\/wp\/v2\/media?parent=10737"}],"wp:term":[{"taxonomy":"product_brand","embeddable":true,"href":"https:\/\/pearlcandles.nl\/fr\/wp-json\/wp\/v2\/product_brand?post=10737"},{"taxonomy":"product_cat","embeddable":true,"href":"https:\/\/pearlcandles.nl\/fr\/wp-json\/wp\/v2\/product_cat?post=10737"},{"taxonomy":"product_tag","embeddable":true,"href":"https:\/\/pearlcandles.nl\/fr\/wp-json\/wp\/v2\/product_tag?post=10737"}],"curies":[{"name":"wp","href":"https:\/\/api.w.org\/{rel}","templated":true}]}}