{"id":14142,"date":"2025-10-25T11:23:25","date_gmt":"2025-10-25T09:23:25","guid":{"rendered":"https:\/\/pearlcandles.nl\/?post_type=product&#038;p=14142"},"modified":"2026-02-03T10:23:55","modified_gmt":"2026-02-03T08:23:55","slug":"medium-pearl-candles-jar-amber","status":"publish","type":"product","link":"https:\/\/pearlcandles.nl\/fr\/produit\/medium-pearl-candles-jar-amber\/","title":{"rendered":"Pot de bougies perl\u00e9es moyennes | Ambre"},"content":{"rendered":"","protected":false},"excerpt":{"rendered":"<p>Magnifique support en verre pour les bougies de cire ou les bougies perl\u00e9es bien s\u00fbr ! Id\u00e9al pour y verser vos bougies perl\u00e9es ! Existe aussi en noir et en transparent.<\/p>\n<p>Dimensions : 8,5 x 8 cm<br \/>\nDisponible \u00e9galement dans d'autres tailles !<\/p>","protected":false},"featured_media":14132,"template":"","meta":[],"product_brand":[],"product_cat":[70],"product_tag":[],"class_list":{"0":"post-14142","1":"product","2":"type-product","3":"status-publish","4":"has-post-thumbnail","6":"product_cat-pearl-candles-accessoires","8":"first","9":"instock","10":"taxable","11":"shipping-taxable","12":"purchasable","13":"product-type-simple"},"jetpack_sharing_enabled":true,"_links":{"self":[{"href":"https:\/\/pearlcandles.nl\/fr\/wp-json\/wp\/v2\/product\/14142","targetHints":{"allow":["GET"]}}],"collection":[{"href":"https:\/\/pearlcandles.nl\/fr\/wp-json\/wp\/v2\/product"}],"about":[{"href":"https:\/\/pearlcandles.nl\/fr\/wp-json\/wp\/v2\/types\/product"}],"wp:featuredmedia":[{"embeddable":true,"href":"https:\/\/pearlcandles.nl\/fr\/wp-json\/wp\/v2\/media\/14132"}],"wp:attachment":[{"href":"https:\/\/pearlcandles.nl\/fr\/wp-json\/wp\/v2\/media?parent=14142"}],"wp:term":[{"taxonomy":"product_brand","embeddable":true,"href":"https:\/\/pearlcandles.nl\/fr\/wp-json\/wp\/v2\/product_brand?post=14142"},{"taxonomy":"product_cat","embeddable":true,"href":"https:\/\/pearlcandles.nl\/fr\/wp-json\/wp\/v2\/product_cat?post=14142"},{"taxonomy":"product_tag","embeddable":true,"href":"https:\/\/pearlcandles.nl\/fr\/wp-json\/wp\/v2\/product_tag?post=14142"}],"curies":[{"name":"wp","href":"https:\/\/api.w.org\/{rel}","templated":true}]}}