{"id":7046,"date":"2023-12-19T19:05:16","date_gmt":"2023-12-19T18:05:16","guid":{"rendered":"https:\/\/pearlcandles.nl\/?post_type=product&#038;p=7046"},"modified":"2026-03-26T11:47:14","modified_gmt":"2026-03-26T09:47:14","slug":"5-kg-pearl-candles-bulk","status":"publish","type":"product","link":"https:\/\/pearlcandles.nl\/fr\/produit\/5-kg-pearl-candles-bulk\/","title":{"rendered":"5 kg Bougies perl\u00e9es | VRAC"},"content":{"rendered":"","protected":false},"excerpt":{"rendered":"<p>Pearl Candles, la solution id\u00e9ale qui vous fera gagner beaucoup de temps et d'argent ! Et aussi un v\u00e9ritable accroche-regard pour les mariages ou les \u00e9v\u00e9nements !<\/p>\n<p>\u2764\ufe0f\u200d\ud83d\udd25 \u00c9conomisez plus de 65% sur le co\u00fbt des vraies bougies ;<br \/>\n\u2764\ufe0f\u200d\ud83d\udd25 \u00c9conomisez des heures de nettoyage pour enlever la cire des bougies ;<br \/>\n\u2764\ufe0f\u200d\ud83d\udd25 Durable, \u00e0 utiliser jusqu'au dernier grain et plus besoin de jeter des bougies \u00e0 moiti\u00e9 \u00e9teintes ;<br \/>\n\u2764\ufe0f\u200d\ud83d\udd25 100% biologique et sans test sur les animaux ;<br \/>\n\u2764\ufe0f\u200d\ud83d\udd25 Plus s\u00fbr, s'il tombe, les perles \u00e9teignent la flamme ;<br \/>\n\u2764\ufe0f\u200d\ud83d\udd25 Commencez chaque travail avec un nouveau look au lieu de r\u00e9utiliser des bougies usag\u00e9es ;<br \/>\n\u2764\ufe0f\u200d\ud83d\udd25 Plus sain, jusqu'\u00e0 90% de suie en moins lors de la combustion ;<\/p>\n<p><b>CE QUE VOUS OBTENEZ :<\/b><br \/>\n- Flyer comment l'utiliser ;<br \/>\n- 5 kg de bougies perl\u00e9es ;<\/p>\n<p><em>CLAUSE DE NON-RESPONSABILIT\u00c9 COULEUR NOIRE : Pour obtenir nos perles noires, il faut une teinture profonde et tr\u00e8s pigment\u00e9e. En raison de la teneur \u00e9lev\u00e9e en pigments, elles peuvent br\u00fbler moins bien que nos autres couleurs.\u00a0<\/em><\/p>\n<p><b><i>NOTE : Les m\u00e8ches magiques doivent \u00eatre command\u00e9es s\u00e9par\u00e9ment.<\/i><\/b><\/p>\n<p>Vous vous demandez combien de bougies perl\u00e9es il vous faut pour remplir votre installation ? T\u00e9l\u00e9chargez notre calculateur \u00e0 partir de la page d'accueil et calculez facilement le nombre de kg dont vous avez besoin et le co\u00fbt par \u00e9v\u00e9nement !<\/p>\n<p>\u00c9TAPE 1 : Versez les perles dans le vase cylindrique ou le socle que vous avez choisi.<br \/>\n\u00c9TAPE 2 : Ins\u00e9rez une m\u00e8che magique au centre des perles, en laissant quelques millim\u00e8tres au-dessus d'elles.<br \/>\n\u00c9TAPE 3 : Appr\u00e9ciez votre bougie perl\u00e9e<br \/>\n\u00c9TAPE 4 : Pr\u00eat ? \u00c9teignez la flamme et laissez refroidir jusqu'\u00e0 ce que la cire de la bougie se soit solidifi\u00e9e.<br \/>\n\u00c9TAPE 5 : La cire de la bougie s'est solidifi\u00e9e ? Saisissez la m\u00e8che et retirez-la avec le caillot.<br \/>\n\u00c9TAPE 6 : Secouez et pr\u00e9parez-vous pour la prochaine fois ! Ou versez les perles dans le seau pr\u00e9vu \u00e0 cet effet !<\/p>","protected":false},"featured_media":10609,"template":"","meta":[],"product_brand":[],"product_cat":[65,64],"product_tag":[],"class_list":{"0":"post-7046","1":"product","2":"type-product","3":"status-publish","4":"has-post-thumbnail","6":"product_cat-pearl-candles-groothandel","7":"product_cat-pearl-candles","9":"first","10":"instock","11":"sale","12":"featured","13":"taxable","14":"shipping-taxable","15":"purchasable","16":"product-type-variable"},"jetpack_sharing_enabled":true,"_links":{"self":[{"href":"https:\/\/pearlcandles.nl\/fr\/wp-json\/wp\/v2\/product\/7046","targetHints":{"allow":["GET"]}}],"collection":[{"href":"https:\/\/pearlcandles.nl\/fr\/wp-json\/wp\/v2\/product"}],"about":[{"href":"https:\/\/pearlcandles.nl\/fr\/wp-json\/wp\/v2\/types\/product"}],"wp:featuredmedia":[{"embeddable":true,"href":"https:\/\/pearlcandles.nl\/fr\/wp-json\/wp\/v2\/media\/10609"}],"wp:attachment":[{"href":"https:\/\/pearlcandles.nl\/fr\/wp-json\/wp\/v2\/media?parent=7046"}],"wp:term":[{"taxonomy":"product_brand","embeddable":true,"href":"https:\/\/pearlcandles.nl\/fr\/wp-json\/wp\/v2\/product_brand?post=7046"},{"taxonomy":"product_cat","embeddable":true,"href":"https:\/\/pearlcandles.nl\/fr\/wp-json\/wp\/v2\/product_cat?post=7046"},{"taxonomy":"product_tag","embeddable":true,"href":"https:\/\/pearlcandles.nl\/fr\/wp-json\/wp\/v2\/product_tag?post=7046"}],"curies":[{"name":"wp","href":"https:\/\/api.w.org\/{rel}","templated":true}]}}