{"id":7137,"date":"2023-12-27T09:08:31","date_gmt":"2023-12-27T08:08:31","guid":{"rendered":"https:\/\/pearlcandles.nl\/?post_type=product&#038;p=7137"},"modified":"2026-02-05T20:57:11","modified_gmt":"2026-02-05T18:57:11","slug":"kaarten-pearl-candles","status":"publish","type":"product","link":"https:\/\/pearlcandles.nl\/fr\/produit\/kaarten-pearl-candles\/","title":{"rendered":"Bougies perl\u00e9es Message personnel"},"content":{"rendered":"","protected":false},"excerpt":{"rendered":"<p>Carte de Pearl Candles. Avec notre slogan \"Are you ready for life changing candles, babe ?\" au recto. Le verso est vierge, ce qui vous permet d'\u00e9crire votre message personnel.<\/p>\n<p>Commandez ces cartes pour les offrir \u00e0 vos clients dans votre magasin ou les envoyer avec une commande, parce qu'un message personnel fait toujours la diff\u00e9rence ! &lt;3<\/p>\n<p>&nbsp;<\/p>\n<p><span style=\"text-decoration: underline;\"><strong>M\u00e9thodes :<\/strong><\/span><\/p>\n<p>Ajoutez une carte \u00e0 votre commande et laissez un message dans la section des notes lors du paiement. Nous fournirons votre carte avec ce texte et l'ajouterons \u00e0 votre commande. Id\u00e9al pour donner \u00e0 quelqu'un une touche sp\u00e9ciale suppl\u00e9mentaire lorsque vous offrez votre cadeau Pearl Candles &lt;3<\/p>","protected":false},"featured_media":15328,"template":"","meta":[],"product_brand":[],"product_cat":[64,17,73],"product_tag":[],"class_list":{"0":"post-7137","1":"product","2":"type-product","3":"status-publish","4":"has-post-thumbnail","6":"product_cat-pearl-candles","7":"product_cat-shop","8":"product_cat-kaarsenzand-winkel","10":"first","11":"instock","12":"taxable","13":"shipping-taxable","14":"purchasable","15":"product-type-simple"},"jetpack_sharing_enabled":true,"_links":{"self":[{"href":"https:\/\/pearlcandles.nl\/fr\/wp-json\/wp\/v2\/product\/7137","targetHints":{"allow":["GET"]}}],"collection":[{"href":"https:\/\/pearlcandles.nl\/fr\/wp-json\/wp\/v2\/product"}],"about":[{"href":"https:\/\/pearlcandles.nl\/fr\/wp-json\/wp\/v2\/types\/product"}],"wp:featuredmedia":[{"embeddable":true,"href":"https:\/\/pearlcandles.nl\/fr\/wp-json\/wp\/v2\/media\/15328"}],"wp:attachment":[{"href":"https:\/\/pearlcandles.nl\/fr\/wp-json\/wp\/v2\/media?parent=7137"}],"wp:term":[{"taxonomy":"product_brand","embeddable":true,"href":"https:\/\/pearlcandles.nl\/fr\/wp-json\/wp\/v2\/product_brand?post=7137"},{"taxonomy":"product_cat","embeddable":true,"href":"https:\/\/pearlcandles.nl\/fr\/wp-json\/wp\/v2\/product_cat?post=7137"},{"taxonomy":"product_tag","embeddable":true,"href":"https:\/\/pearlcandles.nl\/fr\/wp-json\/wp\/v2\/product_tag?post=7137"}],"curies":[{"name":"wp","href":"https:\/\/api.w.org\/{rel}","templated":true}]}}