{"id":7457,"date":"2024-01-21T20:53:51","date_gmt":"2024-01-21T19:53:51","guid":{"rendered":"https:\/\/pearlcandles.nl\/?post_type=product&#038;p=7457"},"modified":"2026-03-26T11:22:43","modified_gmt":"2026-03-26T09:22:43","slug":"suit-up-geurolie-10ml","status":"publish","type":"product","link":"https:\/\/pearlcandles.nl\/fr\/produit\/suit-up-geurolie-10ml\/","title":{"rendered":"Suit Up | Huile de parfum 10ML"},"content":{"rendered":"","protected":false},"excerpt":{"rendered":"<p>Les bougies parfum\u00e9es, qui ne les aime pas ? Mais je dois dire que certaines sont souvent trop fortes, d'autres \u00e0 peine odorantes, et qu'une tr\u00e8s bonne bougie co\u00fbte souvent tr\u00e8s cher. Heureusement, nous avons la solution ultime \u00e0 ce probl\u00e8me ! Avec notre propre ligne de parfums d\u00e9licieux, nous en avons pour tous les go\u00fbts et, surtout, gr\u00e2ce \u00e0 notre emballage pratique, vous pouvez d\u00e9terminer vous-m\u00eame la force de votre bougie parfum\u00e9e !<\/p>\n<p><span style=\"text-decoration: underline;\"><strong>S'habiller :<\/strong><\/span> Notre Suit Up ! est un parfum frais qui rappelle un d\u00e9licieux parfum masculin. Et oui, ce parfum est parfait pour la maison ! Semblable \u00e0 un parfum luxueux haut de gamme. Le parfum a des notes de t\u00eate radieuses, d\u00e9bordant de la fra\u00eecheur juteuse de la bergamote de Reggio di Calabria. L'ambroxan, d\u00e9riv\u00e9 du pr\u00e9cieux ambre gris, apporte une note bois\u00e9e puissante.<\/p>\n<p><strong>Vous pouvez appliquer les gouttes de parfum de deux mani\u00e8res :<\/strong><br \/>\n1. Ajoutez quelques gouttes (au choix) \u00e0 la cire de bougie encore liquide et rallumez la bougie. Vous d\u00e9couvrirez alors un parfum subtil et agr\u00e9able.<br \/>\n2. Avant d'ins\u00e9rer la m\u00e8che dans vos perles, ajoutez quelques gouttes (au choix) aux perles et remuez bien. Vous pouvez ensuite ins\u00e9rer la m\u00e8che dans les perles et les utiliser comme vous le souhaitez. Les perles sont alors merveilleusement parfum\u00e9es et servent en m\u00eame temps de b\u00e2tonnets parfum\u00e9s. Un ar\u00f4me agr\u00e9able envahit la pi\u00e8ce, m\u00eame lorsqu'elle est \u00e9teinte !<\/p>\n<p><em>Note : Conserver au sec et \u00e9viter tout contact avec la peau.<\/em><\/p>","protected":false},"featured_media":12772,"template":"","meta":[],"product_brand":[],"product_cat":[76],"product_tag":[],"class_list":{"0":"post-7457","1":"product","2":"type-product","3":"status-publish","4":"has-post-thumbnail","6":"product_cat-kaarsenzand-geuren","8":"first","9":"instock","10":"sale","11":"taxable","12":"shipping-taxable","13":"purchasable","14":"product-type-simple"},"jetpack_sharing_enabled":true,"_links":{"self":[{"href":"https:\/\/pearlcandles.nl\/fr\/wp-json\/wp\/v2\/product\/7457","targetHints":{"allow":["GET"]}}],"collection":[{"href":"https:\/\/pearlcandles.nl\/fr\/wp-json\/wp\/v2\/product"}],"about":[{"href":"https:\/\/pearlcandles.nl\/fr\/wp-json\/wp\/v2\/types\/product"}],"wp:featuredmedia":[{"embeddable":true,"href":"https:\/\/pearlcandles.nl\/fr\/wp-json\/wp\/v2\/media\/12772"}],"wp:attachment":[{"href":"https:\/\/pearlcandles.nl\/fr\/wp-json\/wp\/v2\/media?parent=7457"}],"wp:term":[{"taxonomy":"product_brand","embeddable":true,"href":"https:\/\/pearlcandles.nl\/fr\/wp-json\/wp\/v2\/product_brand?post=7457"},{"taxonomy":"product_cat","embeddable":true,"href":"https:\/\/pearlcandles.nl\/fr\/wp-json\/wp\/v2\/product_cat?post=7457"},{"taxonomy":"product_tag","embeddable":true,"href":"https:\/\/pearlcandles.nl\/fr\/wp-json\/wp\/v2\/product_tag?post=7457"}],"curies":[{"name":"wp","href":"https:\/\/api.w.org\/{rel}","templated":true}]}}