{"id":7665,"date":"2024-01-28T18:54:48","date_gmt":"2024-01-28T17:54:48","guid":{"rendered":"https:\/\/pearlcandles.nl\/?post_type=product&#038;p=7665"},"modified":"2026-02-03T10:25:26","modified_gmt":"2026-02-03T08:25:26","slug":"pearl-candles-jar-black","status":"publish","type":"product","link":"https:\/\/pearlcandles.nl\/fr\/produit\/pearl-candles-jar-black\/","title":{"rendered":"Pots de bougies perl\u00e9es | Noir"},"content":{"rendered":"","protected":false},"excerpt":{"rendered":"<p>Magnifique support en verre pour les bougies de cire ou les bougies perl\u00e9es bien s\u00fbr ! Id\u00e9al pour y verser vos bougies perl\u00e9es ! Existe aussi en transparent et en ambre.<\/p>\n<p>Dimensions : 9 x 9 x 7cm<\/p>","protected":false},"featured_media":14131,"template":"","meta":[],"product_brand":[],"product_cat":[70],"product_tag":[],"class_list":{"0":"post-7665","1":"product","2":"type-product","3":"status-publish","4":"has-post-thumbnail","6":"product_cat-pearl-candles-accessoires","8":"first","9":"instock","10":"taxable","11":"shipping-taxable","12":"purchasable","13":"product-type-simple"},"jetpack_sharing_enabled":true,"_links":{"self":[{"href":"https:\/\/pearlcandles.nl\/fr\/wp-json\/wp\/v2\/product\/7665","targetHints":{"allow":["GET"]}}],"collection":[{"href":"https:\/\/pearlcandles.nl\/fr\/wp-json\/wp\/v2\/product"}],"about":[{"href":"https:\/\/pearlcandles.nl\/fr\/wp-json\/wp\/v2\/types\/product"}],"wp:featuredmedia":[{"embeddable":true,"href":"https:\/\/pearlcandles.nl\/fr\/wp-json\/wp\/v2\/media\/14131"}],"wp:attachment":[{"href":"https:\/\/pearlcandles.nl\/fr\/wp-json\/wp\/v2\/media?parent=7665"}],"wp:term":[{"taxonomy":"product_brand","embeddable":true,"href":"https:\/\/pearlcandles.nl\/fr\/wp-json\/wp\/v2\/product_brand?post=7665"},{"taxonomy":"product_cat","embeddable":true,"href":"https:\/\/pearlcandles.nl\/fr\/wp-json\/wp\/v2\/product_cat?post=7665"},{"taxonomy":"product_tag","embeddable":true,"href":"https:\/\/pearlcandles.nl\/fr\/wp-json\/wp\/v2\/product_tag?post=7665"}],"curies":[{"name":"wp","href":"https:\/\/api.w.org\/{rel}","templated":true}]}}