{"id":8193,"date":"2024-02-23T21:12:59","date_gmt":"2024-02-23T20:12:59","guid":{"rendered":"https:\/\/pearlcandles.nl\/?post_type=product&#038;p=8193"},"modified":"2026-02-03T10:25:35","modified_gmt":"2026-02-03T08:25:35","slug":"large-pearl-candles-jar-amber","status":"publish","type":"product","link":"https:\/\/pearlcandles.nl\/fr\/produit\/large-pearl-candles-jar-amber\/","title":{"rendered":"Grand pot \u00e0 bougies perl\u00e9 | Ambre"},"content":{"rendered":"","protected":false},"excerpt":{"rendered":"<p>Magnifique support en verre pour les bougies de cire ou les bougies perl\u00e9es bien s\u00fbr ! Id\u00e9al pour y verser vos bougies perl\u00e9es ! Existe aussi en noir et en transparent.<\/p>\n<p>Dimensions : 9 x 9 x 10 cm<br \/>\n\u00c9galement disponible en taille plus petite !<\/p>","protected":false},"featured_media":14135,"template":"","meta":[],"product_brand":[],"product_cat":[70],"product_tag":[],"class_list":{"0":"post-8193","1":"product","2":"type-product","3":"status-publish","4":"has-post-thumbnail","6":"product_cat-pearl-candles-accessoires","8":"first","9":"instock","10":"taxable","11":"shipping-taxable","12":"purchasable","13":"product-type-simple"},"jetpack_sharing_enabled":true,"_links":{"self":[{"href":"https:\/\/pearlcandles.nl\/fr\/wp-json\/wp\/v2\/product\/8193","targetHints":{"allow":["GET"]}}],"collection":[{"href":"https:\/\/pearlcandles.nl\/fr\/wp-json\/wp\/v2\/product"}],"about":[{"href":"https:\/\/pearlcandles.nl\/fr\/wp-json\/wp\/v2\/types\/product"}],"wp:featuredmedia":[{"embeddable":true,"href":"https:\/\/pearlcandles.nl\/fr\/wp-json\/wp\/v2\/media\/14135"}],"wp:attachment":[{"href":"https:\/\/pearlcandles.nl\/fr\/wp-json\/wp\/v2\/media?parent=8193"}],"wp:term":[{"taxonomy":"product_brand","embeddable":true,"href":"https:\/\/pearlcandles.nl\/fr\/wp-json\/wp\/v2\/product_brand?post=8193"},{"taxonomy":"product_cat","embeddable":true,"href":"https:\/\/pearlcandles.nl\/fr\/wp-json\/wp\/v2\/product_cat?post=8193"},{"taxonomy":"product_tag","embeddable":true,"href":"https:\/\/pearlcandles.nl\/fr\/wp-json\/wp\/v2\/product_tag?post=8193"}],"curies":[{"name":"wp","href":"https:\/\/api.w.org\/{rel}","templated":true}]}}