{"id":8210,"date":"2024-02-23T22:19:14","date_gmt":"2024-02-23T21:19:14","guid":{"rendered":"https:\/\/pearlcandles.nl\/?post_type=product&#038;p=8210"},"modified":"2025-10-25T12:34:29","modified_gmt":"2025-10-25T10:34:29","slug":"metalen-schaaltje-bloem-sand","status":"publish","type":"product","link":"https:\/\/pearlcandles.nl\/fr\/produit\/metalen-schaaltje-bloem-sand\/","title":{"rendered":"Bol en m\u00e9tal sable floral"},"content":{"rendered":"","protected":false},"excerpt":{"rendered":"<p>Comme ce plateau en m\u00e9tal est mignon ! Id\u00e9al pour les cubes d'ambre, les bijoux, les savons et tout ce qui est amusant !<\/p>\n<p>Dimensions : 11x11x3.5cm<\/p>","protected":false},"featured_media":8223,"template":"","meta":[],"product_brand":[],"product_cat":[84],"product_tag":[],"class_list":{"0":"post-8210","1":"product","2":"type-product","3":"status-publish","4":"has-post-thumbnail","6":"product_cat-pearl-candles-sale","8":"first","9":"instock","10":"sale","11":"taxable","12":"shipping-taxable","13":"purchasable","14":"product-type-simple"},"jetpack_sharing_enabled":true,"_links":{"self":[{"href":"https:\/\/pearlcandles.nl\/fr\/wp-json\/wp\/v2\/product\/8210","targetHints":{"allow":["GET"]}}],"collection":[{"href":"https:\/\/pearlcandles.nl\/fr\/wp-json\/wp\/v2\/product"}],"about":[{"href":"https:\/\/pearlcandles.nl\/fr\/wp-json\/wp\/v2\/types\/product"}],"wp:featuredmedia":[{"embeddable":true,"href":"https:\/\/pearlcandles.nl\/fr\/wp-json\/wp\/v2\/media\/8223"}],"wp:attachment":[{"href":"https:\/\/pearlcandles.nl\/fr\/wp-json\/wp\/v2\/media?parent=8210"}],"wp:term":[{"taxonomy":"product_brand","embeddable":true,"href":"https:\/\/pearlcandles.nl\/fr\/wp-json\/wp\/v2\/product_brand?post=8210"},{"taxonomy":"product_cat","embeddable":true,"href":"https:\/\/pearlcandles.nl\/fr\/wp-json\/wp\/v2\/product_cat?post=8210"},{"taxonomy":"product_tag","embeddable":true,"href":"https:\/\/pearlcandles.nl\/fr\/wp-json\/wp\/v2\/product_tag?post=8210"}],"curies":[{"name":"wp","href":"https:\/\/api.w.org\/{rel}","templated":true}]}}