{"id":9873,"date":"2024-10-21T22:09:45","date_gmt":"2024-10-21T20:09:45","guid":{"rendered":"https:\/\/pearlcandles.nl\/?post_type=product&#038;p=9873"},"modified":"2026-03-26T11:22:00","modified_gmt":"2026-03-26T09:22:00","slug":"pumpkin-spice-geurolie-10ml","status":"publish","type":"product","link":"https:\/\/pearlcandles.nl\/fr\/produit\/pumpkin-spice-geurolie-10ml\/","title":{"rendered":"Pumpkin Spice | Huile de parfum 10ML"},"content":{"rendered":"","protected":false},"excerpt":{"rendered":"<p>Les bougies parfum\u00e9es, qui ne les aime pas ? Mais je dois dire que certaines sont souvent trop fortes, d'autres \u00e0 peine odorantes, et qu'une tr\u00e8s bonne bougie co\u00fbte souvent tr\u00e8s cher. Heureusement, nous avons la solution ultime \u00e0 ce probl\u00e8me ! Avec notre propre ligne de parfums d\u00e9licieux, nous en avons pour tous les go\u00fbts et, surtout, gr\u00e2ce \u00e0 notre emballage pratique, vous pouvez d\u00e9terminer vous-m\u00eame la force de votre bougie parfum\u00e9e !<\/p>\n<p><span style=\"text-decoration: underline;\"><strong>\u00c9pices de citrouille :<\/strong><\/span> Un parfum chaleureux qui vous rappellera une belle journ\u00e9e d'automne en d\u00e9gustant un d\u00e9licieux Pumpkin Spice Latte. Ce parfum pr\u00e9sente un \u00e9quilibre id\u00e9al entre le sucr\u00e9 et le piquant et est tout ce dont vous avez besoin dans votre maison en ces jours d'automne !<\/p>\n<p><strong>Vous pouvez appliquer les gouttes de parfum de deux mani\u00e8res :<\/strong><br \/>\n1. Ajoutez quelques gouttes (au choix) \u00e0 la cire de bougie encore liquide et rallumez la bougie. Vous d\u00e9couvrirez alors un parfum subtil et agr\u00e9able.<br \/>\n2. Avant d'ins\u00e9rer la m\u00e8che dans vos perles, ajoutez quelques gouttes (au choix) aux perles et remuez bien. Vous pouvez ensuite ins\u00e9rer la m\u00e8che dans les perles et les utiliser comme vous le souhaitez. Les perles sont alors merveilleusement parfum\u00e9es et servent en m\u00eame temps de b\u00e2tonnets parfum\u00e9s. Un ar\u00f4me agr\u00e9able envahit la pi\u00e8ce, m\u00eame lorsqu'elle est \u00e9teinte !<\/p>\n<p><em>Note : Conserver au sec et \u00e9viter tout contact avec la peau.<\/em><\/p>","protected":false},"featured_media":12383,"template":"","meta":[],"product_brand":[],"product_cat":[76],"product_tag":[],"class_list":{"0":"post-9873","1":"product","2":"type-product","3":"status-publish","4":"has-post-thumbnail","6":"product_cat-kaarsenzand-geuren","8":"first","9":"instock","10":"sale","11":"taxable","12":"shipping-taxable","13":"purchasable","14":"product-type-simple"},"jetpack_sharing_enabled":true,"_links":{"self":[{"href":"https:\/\/pearlcandles.nl\/fr\/wp-json\/wp\/v2\/product\/9873","targetHints":{"allow":["GET"]}}],"collection":[{"href":"https:\/\/pearlcandles.nl\/fr\/wp-json\/wp\/v2\/product"}],"about":[{"href":"https:\/\/pearlcandles.nl\/fr\/wp-json\/wp\/v2\/types\/product"}],"wp:featuredmedia":[{"embeddable":true,"href":"https:\/\/pearlcandles.nl\/fr\/wp-json\/wp\/v2\/media\/12383"}],"wp:attachment":[{"href":"https:\/\/pearlcandles.nl\/fr\/wp-json\/wp\/v2\/media?parent=9873"}],"wp:term":[{"taxonomy":"product_brand","embeddable":true,"href":"https:\/\/pearlcandles.nl\/fr\/wp-json\/wp\/v2\/product_brand?post=9873"},{"taxonomy":"product_cat","embeddable":true,"href":"https:\/\/pearlcandles.nl\/fr\/wp-json\/wp\/v2\/product_cat?post=9873"},{"taxonomy":"product_tag","embeddable":true,"href":"https:\/\/pearlcandles.nl\/fr\/wp-json\/wp\/v2\/product_tag?post=9873"}],"curies":[{"name":"wp","href":"https:\/\/api.w.org\/{rel}","templated":true}]}}