{"id":9991,"date":"2024-12-02T18:04:29","date_gmt":"2024-12-02T16:04:29","guid":{"rendered":"https:\/\/pearlcandles.nl\/?post_type=product&#038;p=9991"},"modified":"2026-03-26T10:55:45","modified_gmt":"2026-03-26T08:55:45","slug":"merry-x-mas-pearl-candles","status":"publish","type":"product","link":"https:\/\/pearlcandles.nl\/fr\/produit\/merry-x-mas-pearl-candles\/","title":{"rendered":"Joyeux No\u00ebl ! | Bougies de perles"},"content":{"rendered":"","protected":false},"excerpt":{"rendered":"<p class=\"p1\"><b>CE QUE VOUS OBTENEZ :<\/b><br \/>\n- Bougies perl\u00e9es dans votre couleur pr\u00e9f\u00e9r\u00e9e ;<br \/>\n- Le sac de 500 g contient environ 350 heures de combustion et le sac de 250 g en contient plus de 100 ;<br \/>\n- 10 m\u00e8ches magiques dans le sac de 500gr et 5 m\u00e8ches magiques dans le sac de 250gr. Si vous souhaitez commander plus de m\u00e8ches directement, vous pouvez bien s\u00fbr le faire !<br \/>\n<i>- Comment l'utiliser ?<\/i> d\u00e9pliant ;<\/p>\n<p class=\"p1\"><b>MODE D'EMPLOI :<br \/>\n<\/b>Remplissez votre vase ou votre bougeoir pr\u00e9f\u00e9r\u00e9 avec les perles, ins\u00e9rez une m\u00e8che magique et br\u00fblez ! Vous avez fini de br\u00fbler ? Soufflez la m\u00e8che, laissez la cire de la bougie se solidifier et apr\u00e8s la solidification, vous pouvez retirer le caillot par la m\u00e8che. Secouez votre vase et il est pr\u00eat pour une nouvelle utilisation !<\/p>\n<p class=\"p1\">Vous pouvez allumer la m\u00e8che plusieurs fois, ou la couper au-dessous du caillot et r\u00e9ins\u00e9rer le reste dans les perles ! Elle est donc tr\u00e8s r\u00e9sistante et peut \u00eatre utilis\u00e9e jusqu'\u00e0 la derni\u00e8re perle !<\/p>\n<p class=\"p1\"><i>Les m\u00e8ches de ce sachet ont une dur\u00e9e de combustion d'environ 8 \u00e0 10 heures par m\u00e8che.<\/i><\/p>\n<p class=\"p1\"><strong>POURQUOI LES BOUGIES DE PERLES :<\/strong><\/p>\n<ul class=\"ul1\">\n<li class=\"li1\">La combustion jusqu'\u00e0 90% lib\u00e8re moins de suie, ce qui la rend beaucoup plus saine pour les humains et les animaux ;<\/li>\n<li class=\"li1\">Les bougies en perles sont plus s\u00fbres ! La bougie se renverse ? Les perles \u00e9teignent alors la flamme et lorsque la m\u00e8che s'\u00e9puise, la flamme s'\u00e9teint d'elle-m\u00eame ;<\/li>\n<li class=\"li1\">Choisissez votre bol ou votre verre pr\u00e9f\u00e9r\u00e9 (r\u00e9sistant \u00e0 la chaleur) pour y d\u00e9poser votre bougie perl\u00e9e ;<\/li>\n<li class=\"li1\">Commencez chaque fois avec un nouveau look ! Plus de r\u00e9sidus de cire de bougie ;<\/li>\n<li class=\"li1\">100% biologique et test\u00e9 sur les animaux ;<\/li>\n<li class=\"li1\">Durables ! Les perles peuvent \u00eatre utilis\u00e9es jusqu'au dernier gramme, ce qui vous permet de r\u00e9utiliser les vases et les bols sans qu'ils ne soient recouverts de cire de bougie. Id\u00e9al, non ? De plus, nos bougies perl\u00e9es sont certifi\u00e9es RSPO. Pas de camelote en provenance de Chine comme nos concurrents sur le march\u00e9, mais une usine o\u00f9 nos perles sont fabriqu\u00e9es en Europe ! Et nous sommes les seuls !<\/li>\n<\/ul>","protected":false},"featured_media":14767,"template":"","meta":[],"product_brand":[],"product_cat":[64],"product_tag":[],"class_list":{"0":"post-9991","1":"product","2":"type-product","3":"status-publish","4":"has-post-thumbnail","6":"product_cat-pearl-candles","8":"first","9":"instock","10":"sale","11":"taxable","12":"shipping-taxable","13":"purchasable","14":"product-type-variable"},"jetpack_sharing_enabled":true,"_links":{"self":[{"href":"https:\/\/pearlcandles.nl\/fr\/wp-json\/wp\/v2\/product\/9991","targetHints":{"allow":["GET"]}}],"collection":[{"href":"https:\/\/pearlcandles.nl\/fr\/wp-json\/wp\/v2\/product"}],"about":[{"href":"https:\/\/pearlcandles.nl\/fr\/wp-json\/wp\/v2\/types\/product"}],"wp:featuredmedia":[{"embeddable":true,"href":"https:\/\/pearlcandles.nl\/fr\/wp-json\/wp\/v2\/media\/14767"}],"wp:attachment":[{"href":"https:\/\/pearlcandles.nl\/fr\/wp-json\/wp\/v2\/media?parent=9991"}],"wp:term":[{"taxonomy":"product_brand","embeddable":true,"href":"https:\/\/pearlcandles.nl\/fr\/wp-json\/wp\/v2\/product_brand?post=9991"},{"taxonomy":"product_cat","embeddable":true,"href":"https:\/\/pearlcandles.nl\/fr\/wp-json\/wp\/v2\/product_cat?post=9991"},{"taxonomy":"product_tag","embeddable":true,"href":"https:\/\/pearlcandles.nl\/fr\/wp-json\/wp\/v2\/product_tag?post=9991"}],"curies":[{"name":"wp","href":"https:\/\/api.w.org\/{rel}","templated":true}]}}